{"id":6464,"date":"2026-04-01T10:41:37","date_gmt":"2026-04-01T10:41:37","guid":{"rendered":"https:\/\/www.ballons-du-leman.ch\/?post_type=product&#038;p=6464"},"modified":"2026-04-10T07:58:03","modified_gmt":"2026-04-10T07:58:03","slug":"entdeckungsfahrt-fruhlings","status":"publish","type":"product","link":"https:\/\/www.ballons-du-leman.ch\/de\/ballonfahrten\/entdeckungsfahrt-fruhlings\/","title":{"rendered":"Entdeckungsfahrt &#8211; Fr\u00fchlings-Special"},"content":{"rendered":"<div class=\"img\"><img loading=\"lazy\" decoding=\"async\" class=\"alignnone wp-image-614\" src=\"https:\/\/www.ballons-du-leman.ch\/wp-content\/uploads\/2024\/01\/picto_coeur-40x48-1.webp\" alt=\"\" width=\"46\" height=\"56\" srcset=\"https:\/\/www.ballons-du-leman.ch\/wp-content\/uploads\/2024\/01\/picto_coeur-40x48-1.webp 40w, https:\/\/www.ballons-du-leman.ch\/wp-content\/uploads\/2024\/01\/picto_coeur-40x48-1-20x24.webp 20w, https:\/\/www.ballons-du-leman.ch\/wp-content\/uploads\/2024\/01\/picto_coeur-40x48-1-30x36.webp 30w\" sizes=\"auto, (max-width: 46px) 100vw, 46px\" \/><\/div>\n","protected":false},"excerpt":{"rendered":"[gallery layout=\"tiles\" ids=\"6502, 701, 1808, 687, 695, 691, 1909, 4711, 5019\"]\n<p>&nbsp;<\/p>\n<p>Der Heissluftballon ist wahrscheinlich eine der originellsten und friedlichsten Arten, die bezaubernden Landschaften der Romandie zu entdecken. Erkunden Sie vom Korb aus das Panorama einer der <a href=\"https:\/\/www.ballons-du-leman.ch\/de\/unsere-flugregionen\/\">sch\u00f6nsten Regionen<\/a> Europas! \u00dcberfliegen Sie Weinberge, Seen, Berge und Landschaften, in Begleitung eines erfahrenen Piloten.<\/p>\n<p><!--more--><\/p>\n<h2 style=\"text-align: left;\">\u00dcberblick \u00fcber die Erfahrung<\/h2>\n<p style=\"left: 0; width: 100%; height: 0; position: relative; padding-bottom: 56.25%;\"><iframe style=\"top: 0; left: 0; width: 100%; height: 100%; position: absolute; border: 0;\" src=\"https:\/\/www.youtube.com\/embed\/17uSuEyQ-Gk?rel=0\" scrolling=\"no\" allowfullscreen=\"allowfullscreen\"><\/iframe><\/p>\n","protected":false},"featured_media":5011,"template":"","meta":{"_acf_changed":false,"_coblocks_attr":"","_coblocks_dimensions":"","_coblocks_responsive_height":"","_coblocks_accordion_ie_support":"","inline_featured_image":false},"product_brand":[],"product_cat":[193],"product_tag":[195],"class_list":{"0":"post-6464","1":"product","2":"type-product","3":"status-publish","4":"has-post-thumbnail","6":"product_cat-unsere-ballonfahrten","7":"product_tag-highlight-de","8":"wcpa_has_options","10":"first","11":"instock","12":"taxable","13":"shipping-taxable","14":"purchasable","15":"product-type-simple"},"acf":[],"yoast_head":"<!-- This site is optimized with the Yoast SEO plugin v26.5 - https:\/\/yoast.com\/wordpress\/plugins\/seo\/ -->\n<title>Spezielles Fr\u00fchlingsangebot f\u00fcr Familien Heissluftballon | Ballons du L\u00e9man<\/title>\n<meta name=\"description\" content=\"Feiern Sie die Ankunft des Fr\u00fchlings mit einer m\u00e4rchenhaften Fahrt im Heissluftballon. Sonderpreis f\u00fcr die ganze Familie f\u00fcr einen unvergesslichen Ballonfahrt f\u00fcr Gross und Klein!\" \/>\n<meta name=\"robots\" content=\"index, follow, max-snippet:-1, max-image-preview:large, max-video-preview:-1\" \/>\n<link rel=\"canonical\" href=\"https:\/\/www.ballons-du-leman.ch\/de\/ballonfahrten\/entdeckungsfahrt-fruhlings\/\" \/>\n<meta property=\"og:locale\" content=\"de_DE\" \/>\n<meta property=\"og:type\" content=\"article\" \/>\n<meta property=\"og:title\" content=\"Spezielles Fr\u00fchlingsangebot f\u00fcr Familien Heissluftballon | Ballons du L\u00e9man\" \/>\n<meta property=\"og:description\" content=\"Feiern Sie die Ankunft des Fr\u00fchlings mit einer m\u00e4rchenhaften Fahrt im Heissluftballon. Sonderpreis f\u00fcr die ganze Familie f\u00fcr einen unvergesslichen Ballonfahrt f\u00fcr Gross und Klein!\" \/>\n<meta property=\"og:url\" content=\"https:\/\/www.ballons-du-leman.ch\/de\/ballonfahrten\/entdeckungsfahrt-fruhlings\/\" \/>\n<meta property=\"og:site_name\" content=\"Ballons du L\u00e9man\" \/>\n<meta property=\"article:publisher\" content=\"https:\/\/www.facebook.com\/BallonsDuLeman\" \/>\n<meta property=\"article:modified_time\" content=\"2026-04-10T07:58:03+00:00\" \/>\n<meta property=\"og:image\" content=\"https:\/\/www.ballons-du-leman.ch\/wp-content\/uploads\/2024\/03\/BL-Printemps-500x600-1-e1775657218628.jpg\" \/>\n\t<meta property=\"og:image:width\" content=\"500\" \/>\n\t<meta property=\"og:image:height\" content=\"600\" \/>\n\t<meta property=\"og:image:type\" content=\"image\/jpeg\" \/>\n<meta name=\"twitter:card\" content=\"summary_large_image\" \/>\n<!-- \/ Yoast SEO plugin. -->","yoast_head_json":{"title":"Spezielles Fr\u00fchlingsangebot f\u00fcr Familien Heissluftballon | Ballons du L\u00e9man","description":"Feiern Sie die Ankunft des Fr\u00fchlings mit einer m\u00e4rchenhaften Fahrt im Heissluftballon. Sonderpreis f\u00fcr die ganze Familie f\u00fcr einen unvergesslichen Ballonfahrt f\u00fcr Gross und Klein!","robots":{"index":"index","follow":"follow","max-snippet":"max-snippet:-1","max-image-preview":"max-image-preview:large","max-video-preview":"max-video-preview:-1"},"canonical":"https:\/\/www.ballons-du-leman.ch\/de\/ballonfahrten\/entdeckungsfahrt-fruhlings\/","og_locale":"de_DE","og_type":"article","og_title":"Spezielles Fr\u00fchlingsangebot f\u00fcr Familien Heissluftballon | Ballons du L\u00e9man","og_description":"Feiern Sie die Ankunft des Fr\u00fchlings mit einer m\u00e4rchenhaften Fahrt im Heissluftballon. Sonderpreis f\u00fcr die ganze Familie f\u00fcr einen unvergesslichen Ballonfahrt f\u00fcr Gross und Klein!","og_url":"https:\/\/www.ballons-du-leman.ch\/de\/ballonfahrten\/entdeckungsfahrt-fruhlings\/","og_site_name":"Ballons du L\u00e9man","article_publisher":"https:\/\/www.facebook.com\/BallonsDuLeman","article_modified_time":"2026-04-10T07:58:03+00:00","og_image":[{"width":500,"height":600,"url":"https:\/\/www.ballons-du-leman.ch\/wp-content\/uploads\/2024\/03\/BL-Printemps-500x600-1-e1775657218628.jpg","type":"image\/jpeg"}],"twitter_card":"summary_large_image","schema":{"@context":"https:\/\/schema.org","@graph":[{"@type":"WebPage","@id":"https:\/\/www.ballons-du-leman.ch\/de\/ballonfahrten\/entdeckungsfahrt-fruhlings\/","url":"https:\/\/www.ballons-du-leman.ch\/de\/ballonfahrten\/entdeckungsfahrt-fruhlings\/","name":"Spezielles Fr\u00fchlingsangebot f\u00fcr Familien Heissluftballon | Ballons du L\u00e9man","isPartOf":{"@id":"https:\/\/www.ballons-du-leman.ch\/de\/#website"},"primaryImageOfPage":{"@id":"https:\/\/www.ballons-du-leman.ch\/de\/ballonfahrten\/entdeckungsfahrt-fruhlings\/#primaryimage"},"image":{"@id":"https:\/\/www.ballons-du-leman.ch\/de\/ballonfahrten\/entdeckungsfahrt-fruhlings\/#primaryimage"},"thumbnailUrl":"https:\/\/www.ballons-du-leman.ch\/wp-content\/uploads\/2024\/03\/BL-Printemps-500x600-1-e1775657218628.jpg","datePublished":"2026-04-01T10:41:37+00:00","dateModified":"2026-04-10T07:58:03+00:00","description":"Feiern Sie die Ankunft des Fr\u00fchlings mit einer m\u00e4rchenhaften Fahrt im Heissluftballon. Sonderpreis f\u00fcr die ganze Familie f\u00fcr einen unvergesslichen Ballonfahrt f\u00fcr Gross und Klein!","breadcrumb":{"@id":"https:\/\/www.ballons-du-leman.ch\/de\/ballonfahrten\/entdeckungsfahrt-fruhlings\/#breadcrumb"},"inLanguage":"de","potentialAction":[{"@type":"ReadAction","target":["https:\/\/www.ballons-du-leman.ch\/de\/ballonfahrten\/entdeckungsfahrt-fruhlings\/"]}]},{"@type":"ImageObject","inLanguage":"de","@id":"https:\/\/www.ballons-du-leman.ch\/de\/ballonfahrten\/entdeckungsfahrt-fruhlings\/#primaryimage","url":"https:\/\/www.ballons-du-leman.ch\/wp-content\/uploads\/2024\/03\/BL-Printemps-500x600-1-e1775657218628.jpg","contentUrl":"https:\/\/www.ballons-du-leman.ch\/wp-content\/uploads\/2024\/03\/BL-Printemps-500x600-1-e1775657218628.jpg","width":500,"height":600},{"@type":"BreadcrumbList","@id":"https:\/\/www.ballons-du-leman.ch\/de\/ballonfahrten\/entdeckungsfahrt-fruhlings\/#breadcrumb","itemListElement":[{"@type":"ListItem","position":1,"name":"Accueil","item":"https:\/\/www.ballons-du-leman.ch\/de\/startseite\/"},{"@type":"ListItem","position":2,"name":"Shop","item":"https:\/\/www.ballons-du-leman.ch\/boutique\/"},{"@type":"ListItem","position":3,"name":"Entdeckungsfahrt &#8211; Fr\u00fchlings-Special"}]},{"@type":"WebSite","@id":"https:\/\/www.ballons-du-leman.ch\/de\/#website","url":"https:\/\/www.ballons-du-leman.ch\/de\/","name":"Ballons du L\u00e9man","description":"Vols en montgolfi\u00e8re en Suisse","publisher":{"@id":"https:\/\/www.ballons-du-leman.ch\/de\/#organization"},"potentialAction":[{"@type":"SearchAction","target":{"@type":"EntryPoint","urlTemplate":"https:\/\/www.ballons-du-leman.ch\/de\/?s={search_term_string}"},"query-input":{"@type":"PropertyValueSpecification","valueRequired":true,"valueName":"search_term_string"}}],"inLanguage":"de"},{"@type":"Organization","@id":"https:\/\/www.ballons-du-leman.ch\/de\/#organization","name":"Ballons du L\u00e9man","url":"https:\/\/www.ballons-du-leman.ch\/de\/","logo":{"@type":"ImageObject","inLanguage":"de","@id":"https:\/\/www.ballons-du-leman.ch\/de\/#\/schema\/logo\/image\/","url":"https:\/\/www.ballons-du-leman.ch\/wp-content\/uploads\/2024\/02\/logo-ballons-du-leman.png","contentUrl":"https:\/\/www.ballons-du-leman.ch\/wp-content\/uploads\/2024\/02\/logo-ballons-du-leman.png","width":868,"height":868,"caption":"Ballons du L\u00e9man"},"image":{"@id":"https:\/\/www.ballons-du-leman.ch\/de\/#\/schema\/logo\/image\/"},"sameAs":["https:\/\/www.facebook.com\/BallonsDuLeman","https:\/\/www.youtube.com\/channel\/UCnBvk8L2WR7TIB8RnaKCdBw","https:\/\/www.instagram.com\/ballonsduleman"]}]}},"wcpa_form_fields":{"wcpaData":{"product":{"product_price":0,"price_html":"<span class=\"woocommerce-Price-amount amount\"><bdi><span class=\"woocommerce-Price-currencySymbol\">&#67;&#72;&#70;<\/span>&nbsp;<span class=\"price-value\">0.-<\/bdi><\/span><\/span>","original_product_price":0,"price_including_tax":0,"price_excluding_tax":0,"product_id":{"parent":6464,"variation":false},"is_variable":false,"stock_status":"instock","stock_quantity":null,"parent_sku":"","product_attributes":[],"custom_fields":[],"is_taxable":true,"product_name":"Entdeckungsfahrt - Fr\u00fchlings-Special","hasImage":false},"fields":{"sec_069ccf78a806c0":{"extra":{"key":"sec_069ccf78a806c0","section_id":"sec_069ccf78a806c0","name":"Default","status":1,"cl_rule":"show","enableCl":false,"relations":[],"toggle":true,"title_tag":"h3","show_title":false,"showPrice":"default","className":"","form_id":6516,"form_rules":{"exclude_from_discount":false,"fee_label":"Fee","disp_hide_options_price":true,"disp_show_section_price":false,"disp_show_field_price":false,"layout_option":"standard","pric_use_as_fee":false,"process_fee_as":"woo_fee"},"layout_option":"standard"},"fields":[[{"active":true,"col":5,"relations":false,"cl_rule":"show","enableCl":false,"price":"","enablePrice":false,"className":"","label_position":"default","desc_position":"default","type":"header","required":false,"elementId":"header_069ccf78a806dd","label":"W\u00e4hlen Sie die gew\u00fcnschte Anzahl an Tickets aus","subtype":"h3","error":false,"gt_translate_keys":["label"],"price_dependency":false,"cl_dependency":false,"value":""}],[{"active":true,"col":4,"relations":false,"cl_rule":"show","enableCl":false,"price":"","enablePrice":false,"className":"","label_position":"default","desc_position":"default","type":"header","required":false,"elementId":"header_669ccf78a806e9","label":"Erwachsene(r)","subtype":"h4","error":false,"gt_translate_keys":["label"],"price_dependency":false,"cl_dependency":false,"value":""},{"active":true,"col":1,"relations":[{"operator":false,"rules":[{"operator":"AND","rules":{"cl_field":"","cl_relation":"","cl_val":""}}]}],"cl_rule":"show","enableCl":false,"price":"349","enablePrice":true,"className":"","label_position":"disable","desc_position":"disable","type":"select","required":false,"elementId":"select_869ccf78a806f1","label":"Adult(s)","name":"select_869ccf78a806f1","values":[{"label":"1","value":"1","selected":true,"tempId":"aco_633","price":"370","formulaId":"fmla_1710437998836815092","gt_translate_keys":["label"]},{"label":"2","value":"2","selected":false,"tempId":"aco_293","price":"335","formulaId":"fmla_1710438310108764163","gt_translate_keys":["label"]},{"label":"3","value":"3","selected":false,"tempId":"aco_83","gt_translate_keys":["label"]},{"label":"4","value":"4","selected":false,"tempId":"aco_111","gt_translate_keys":["label"]},{"label":"5","value":"5","selected":false,"tempId":"aco_139","gt_translate_keys":["label"]},{"label":"6","value":"6","selected":false,"tempId":"aco_167","gt_translate_keys":["label"]},{"label":"7","value":"7","selected":false,"tempId":"aco_195","gt_translate_keys":["label"]},{"label":"8","value":"8","selected":false,"tempId":"aco_223","gt_translate_keys":["label"]}],"dropdown_type":"basic","error":false,"priceOptions":"fixed_for_all","pricingType":"multiply","description":"","enableDesign":false,"isTemplate":true,"isWeightTemplate":false,"min_quantity":"1","quantity_decimal":false,"quantity_step":"1","quantity_label":"Quantity","repeater_field_label":"{field_label}","repeater_bind":"","gt_translate_keys":["label","description","repeater_field_label","quantity_label"],"price_dependency":false,"cl_dependency":false,"value":""}],[{"label":"Kinder unter 16 Jahren","active":true,"elementId":"header_069ccf78a806f6","className":"","subtype":"h4","enableCl":false,"relations":false,"cl_rule":"show","col":4,"type":"header","error":false,"gt_translate_keys":["label"],"price_dependency":false,"cl_dependency":false,"value":""},{"label":"Children (-16 y.o)","active":true,"required":false,"elementId":"select_369ccf78a806fa","dropdown_type":"basic","description":"","name":"select_369ccf78a806fa","label_position":"disable","desc_position":"disable","enablePrice":true,"className":"","enableCl":false,"relations":false,"enableDesign":false,"values":[{"label":"0","value":"0","selected":true,"tempId":"aco_290","price":"0","gt_translate_keys":["label"]},{"label":"1","value":"1","selected":false,"tempId":"aco_633","price":"159","gt_translate_keys":["label"]},{"label":"2","value":"2","selected":false,"tempId":"aco_293","price":"159","gt_translate_keys":["label"]},{"label":"3","value":"3","selected":false,"tempId":"aco_220","price":"159","gt_translate_keys":["label"]},{"label":"4","value":"4","selected":false,"tempId":"aco_266","price":"159","gt_translate_keys":["label"]},{"label":"5","value":"5","selected":false,"tempId":"aco_294","price":"159","gt_translate_keys":["label"]},{"label":"6","value":"6","selected":false,"tempId":"aco_322","price":"159","gt_translate_keys":["label"]}],"priceOptions":"fixed_for_all","pricingType":"multiply","price":"184","cl_rule":"show","col":1,"type":"select","error":false,"isWeightTemplate":false,"isTemplate":false,"min_quantity":"1","quantity_decimal":false,"quantity_step":"1","quantity_label":"Quantity","repeater_field_label":"{field_label}","repeater_bind":"","gt_translate_keys":["label","description","repeater_field_label","quantity_label"],"price_dependency":false,"cl_dependency":false,"value":""}],[{"active":true,"col":5,"relations":false,"cl_rule":"show","enableCl":false,"price":"","enablePrice":true,"className":"option-billet-papier","label_position":"default","desc_position":"default","type":"radio-group","required":false,"elementId":"radio-group_869ccf78a80701","label":"Art des Tickets","name":"radio-group_869ccf78a80701","values":[{"label":"Elektronisches Ticket (pdf)","value":"billet-electronique","selected":true,"tempId":"aco_1823","gt_translate_keys":["label"]},{"label":"Geschenkverpackung (9 CHF)","value":"billet-papier","selected":false,"tempId":"aco_1824","price":"9","tooltip":"Erhalten Sie Ihre Tickets in einer Geschenkverpackung, die Sie direkt verschenken k\u00f6nnen.","gt_translate_keys":["label","tooltip"]}],"layOut":"inline","error":false,"checkUi":"","priceOptions":"different_for_all","pricingType":"fixed","options_tooltip":true,"enableDesign":false,"isWeightTemplate":false,"isTemplate":false,"min_quantity":"1","quantity_decimal":false,"quantity_step":"1","quantity_label":"Quantity","repeater_field_label":"{field_label}","repeater_bind":"","gt_translate_keys":["label","repeater_field_label","quantity_label"],"price_dependency":false,"cl_dependency":false,"value":""}]]}},"config":{"price_override":"","enable_recaptcha":false,"bind_quantity":false,"quantity_bind_formula":false,"disp_summ_show_option_price":false,"disp_summ_show_product_price":false,"disp_summ_show_total_price":true,"disp_summ_show_fee":false,"disp_summ_show_discount":false,"summary_title":"","options_total_label":"Options Price","total_label":"Total","options_product_label":"Product Price","fee_label":"Fee","discount_label":"Discount","has_price":true,"has_quantity_formula":false},"mc_unit":1,"tax_rate":1,"tax_rate_real":0.081,"discount":{"percentage":0,"fixed":0},"design":{"conf":{"LabelPosition":"above","DescPosition":"below","UploadField":"custom_1","QuantityFieldStyle":"custom_1"},"css":{"LeftLabelWidth":"250px"}},"formulas":{"fmla_1710437998836815092":"(({field.select_369ccf78a806fa.value}>1)?(381):(370))","fmla_1710438310108764163":"(({field.select_369ccf78a806fa.value}>1)?(681):(670))"},"lookuptables":[],"clones":false,"cartKey":false}},"_links":{"self":[{"href":"https:\/\/www.ballons-du-leman.ch\/de\/wp-json\/wp\/v2\/product\/6464","targetHints":{"allow":["GET"]}}],"collection":[{"href":"https:\/\/www.ballons-du-leman.ch\/de\/wp-json\/wp\/v2\/product"}],"about":[{"href":"https:\/\/www.ballons-du-leman.ch\/de\/wp-json\/wp\/v2\/types\/product"}],"wp:featuredmedia":[{"embeddable":true,"href":"https:\/\/www.ballons-du-leman.ch\/de\/wp-json\/wp\/v2\/media\/5011"}],"wp:attachment":[{"href":"https:\/\/www.ballons-du-leman.ch\/de\/wp-json\/wp\/v2\/media?parent=6464"}],"wp:term":[{"taxonomy":"product_brand","embeddable":true,"href":"https:\/\/www.ballons-du-leman.ch\/de\/wp-json\/wp\/v2\/product_brand?post=6464"},{"taxonomy":"product_cat","embeddable":true,"href":"https:\/\/www.ballons-du-leman.ch\/de\/wp-json\/wp\/v2\/product_cat?post=6464"},{"taxonomy":"product_tag","embeddable":true,"href":"https:\/\/www.ballons-du-leman.ch\/de\/wp-json\/wp\/v2\/product_tag?post=6464"}],"curies":[{"name":"wp","href":"https:\/\/api.w.org\/{rel}","templated":true}]}}