{"id":5020,"date":"2024-01-03T14:40:25","date_gmt":"2024-01-03T14:40:25","guid":{"rendered":"https:\/\/www.ballons-du-leman.ch\/produit\/premium-flug\/"},"modified":"2025-12-18T08:47:54","modified_gmt":"2025-12-18T08:47:54","slug":"premium-ballonfahrt","status":"publish","type":"product","link":"https:\/\/www.ballons-du-leman.ch\/de\/ballonfahrten\/premium-ballonfahrt\/","title":{"rendered":"Premium-Ballonfahrt"},"content":{"rendered":"<div class=\"img\"><img loading=\"lazy\" decoding=\"async\" class=\"alignnone wp-image-622 \" src=\"https:\/\/www.ballons-du-leman.ch\/wp-content\/uploads\/2024\/01\/Icone_VolPremium-48x48-1.webp\" alt=\"\" width=\"41\" height=\"41\" srcset=\"https:\/\/www.ballons-du-leman.ch\/wp-content\/uploads\/2024\/01\/Icone_VolPremium-48x48-1.webp 48w, https:\/\/www.ballons-du-leman.ch\/wp-content\/uploads\/2024\/01\/Icone_VolPremium-48x48-1-24x24.webp 24w, https:\/\/www.ballons-du-leman.ch\/wp-content\/uploads\/2024\/01\/Icone_VolPremium-48x48-1-36x36.webp 36w\" sizes=\"auto, (max-width: 41px) 100vw, 41px\" \/><\/div>\n","protected":false},"excerpt":{"rendered":"[gallery id=\"9606b823fa\"]\n<p>&nbsp;<\/p>\n<h2 style=\"text-align: left;\"> Beschreibung des Fluges<\/h2>\n<p>Dieses Angebot bietet Ihnen das Privileg eines Fluges in einer privaten Gondel vom Startplatz Ihrer Wahl. Von diesem privilegierten Balkon aus werden Ihre G\u00e4ste die Landschaft aus einem neuen Blickwinkel entdecken. Ein romantischer Ausflug, ein \u00dcberraschungsgeschenk f\u00fcr die Familie, ein Geburtstag mit Freunden, ein Ausflug mit Kollegen&#8230; dieser Flug ist ideal, um jeden Anlass unvergesslich zu machen.  <\/p>\n<p><!--more--><\/p>\n<h2 style=\"text-align: left;\"> \u00dcberblick \u00fcber die Erfahrung<\/h2>\n<p style=\"left: 0; width: 100%; height: 0; position: relative; padding-bottom: 56.25%;\"><iframe style=\"top: 0; left: 0; width: 100%; height: 100%; position: absolute; border: 0;\" src=\"https:\/\/www.youtube.com\/embed\/17uSuEyQ-Gk?rel=0\" scrolling=\"no\" allowfullscreen=\"allowfullscreen\"><\/iframe><\/p>\n","protected":false},"featured_media":5002,"template":"","meta":{"_acf_changed":false,"_coblocks_attr":"","_coblocks_dimensions":"","_coblocks_responsive_height":"","_coblocks_accordion_ie_support":"","inline_featured_image":false},"product_brand":[],"product_cat":[198,193],"product_tag":[195],"class_list":{"0":"post-5020","1":"product","2":"type-product","3":"status-publish","4":"has-post-thumbnail","6":"product_cat-premium-ballonfahrt","7":"product_cat-unsere-ballonfahrten","8":"product_tag-highlight-de","9":"wcpa_has_options","11":"first","12":"instock","13":"taxable","14":"shipping-taxable","15":"purchasable","16":"product-type-simple"},"acf":[],"yoast_head":"<!-- This site is optimized with the Yoast SEO plugin v26.5 - https:\/\/yoast.com\/wordpress\/plugins\/seo\/ -->\n<title>Premium-Ballonfahrt im Heissluftballon | Ballons du L\u00e9man<\/title>\n<meta name=\"description\" content=\"Buchen Sie eine Premium-Fahrt im Hei\u00dfluftballon: Private Gondel f\u00fcr besondere Anl\u00e4sse. Ein pers\u00f6nliches Erlebnis mit den Ballons du L\u00e9man. Feiern Sie mit Stil!\" \/>\n<meta name=\"robots\" content=\"index, follow, max-snippet:-1, max-image-preview:large, max-video-preview:-1\" \/>\n<link rel=\"canonical\" href=\"https:\/\/www.ballons-du-leman.ch\/de\/ballonfahrten\/premium-ballonfahrt\/\" \/>\n<meta property=\"og:locale\" content=\"de_DE\" \/>\n<meta property=\"og:type\" content=\"article\" \/>\n<meta property=\"og:title\" content=\"Premium-Ballonfahrt im Heissluftballon | Ballons du L\u00e9man\" \/>\n<meta property=\"og:description\" content=\"Buchen Sie eine Premium-Fahrt im Hei\u00dfluftballon: Private Gondel f\u00fcr besondere Anl\u00e4sse. Ein pers\u00f6nliches Erlebnis mit den Ballons du L\u00e9man. Feiern Sie mit Stil!\" \/>\n<meta property=\"og:url\" content=\"https:\/\/www.ballons-du-leman.ch\/de\/ballonfahrten\/premium-ballonfahrt\/\" \/>\n<meta property=\"og:site_name\" content=\"Ballons du L\u00e9man\" \/>\n<meta property=\"article:publisher\" content=\"https:\/\/www.facebook.com\/BallonsDuLeman\" \/>\n<meta property=\"article:modified_time\" content=\"2025-12-18T08:47:54+00:00\" \/>\n<meta property=\"og:image\" content=\"https:\/\/www.ballons-du-leman.ch\/wp-content\/uploads\/2024\/03\/IMG_8335-scaled.jpg\" \/>\n\t<meta property=\"og:image:width\" content=\"2560\" \/>\n\t<meta property=\"og:image:height\" content=\"1920\" \/>\n\t<meta property=\"og:image:type\" content=\"image\/jpeg\" \/>\n<meta name=\"twitter:card\" content=\"summary_large_image\" \/>\n<!-- \/ Yoast SEO plugin. -->","yoast_head_json":{"title":"Premium-Ballonfahrt im Heissluftballon | Ballons du L\u00e9man","description":"Buchen Sie eine Premium-Fahrt im Hei\u00dfluftballon: Private Gondel f\u00fcr besondere Anl\u00e4sse. Ein pers\u00f6nliches Erlebnis mit den Ballons du L\u00e9man. Feiern Sie mit Stil!","robots":{"index":"index","follow":"follow","max-snippet":"max-snippet:-1","max-image-preview":"max-image-preview:large","max-video-preview":"max-video-preview:-1"},"canonical":"https:\/\/www.ballons-du-leman.ch\/de\/ballonfahrten\/premium-ballonfahrt\/","og_locale":"de_DE","og_type":"article","og_title":"Premium-Ballonfahrt im Heissluftballon | Ballons du L\u00e9man","og_description":"Buchen Sie eine Premium-Fahrt im Hei\u00dfluftballon: Private Gondel f\u00fcr besondere Anl\u00e4sse. Ein pers\u00f6nliches Erlebnis mit den Ballons du L\u00e9man. Feiern Sie mit Stil!","og_url":"https:\/\/www.ballons-du-leman.ch\/de\/ballonfahrten\/premium-ballonfahrt\/","og_site_name":"Ballons du L\u00e9man","article_publisher":"https:\/\/www.facebook.com\/BallonsDuLeman","article_modified_time":"2025-12-18T08:47:54+00:00","og_image":[{"width":2560,"height":1920,"url":"https:\/\/www.ballons-du-leman.ch\/wp-content\/uploads\/2024\/03\/IMG_8335-scaled.jpg","type":"image\/jpeg"}],"twitter_card":"summary_large_image","schema":{"@context":"https:\/\/schema.org","@graph":[{"@type":"WebPage","@id":"https:\/\/www.ballons-du-leman.ch\/de\/ballonfahrten\/premium-ballonfahrt\/","url":"https:\/\/www.ballons-du-leman.ch\/de\/ballonfahrten\/premium-ballonfahrt\/","name":"Premium-Ballonfahrt im Heissluftballon | Ballons du L\u00e9man","isPartOf":{"@id":"https:\/\/www.ballons-du-leman.ch\/de\/#website"},"primaryImageOfPage":{"@id":"https:\/\/www.ballons-du-leman.ch\/de\/ballonfahrten\/premium-ballonfahrt\/#primaryimage"},"image":{"@id":"https:\/\/www.ballons-du-leman.ch\/de\/ballonfahrten\/premium-ballonfahrt\/#primaryimage"},"thumbnailUrl":"https:\/\/www.ballons-du-leman.ch\/wp-content\/uploads\/2024\/03\/IMG_8335-scaled.jpg","datePublished":"2024-01-03T14:40:25+00:00","dateModified":"2025-12-18T08:47:54+00:00","description":"Buchen Sie eine Premium-Fahrt im Hei\u00dfluftballon: Private Gondel f\u00fcr besondere Anl\u00e4sse. Ein pers\u00f6nliches Erlebnis mit den Ballons du L\u00e9man. Feiern Sie mit Stil!","breadcrumb":{"@id":"https:\/\/www.ballons-du-leman.ch\/de\/ballonfahrten\/premium-ballonfahrt\/#breadcrumb"},"inLanguage":"de","potentialAction":[{"@type":"ReadAction","target":["https:\/\/www.ballons-du-leman.ch\/de\/ballonfahrten\/premium-ballonfahrt\/"]}]},{"@type":"ImageObject","inLanguage":"de","@id":"https:\/\/www.ballons-du-leman.ch\/de\/ballonfahrten\/premium-ballonfahrt\/#primaryimage","url":"https:\/\/www.ballons-du-leman.ch\/wp-content\/uploads\/2024\/03\/IMG_8335-scaled.jpg","contentUrl":"https:\/\/www.ballons-du-leman.ch\/wp-content\/uploads\/2024\/03\/IMG_8335-scaled.jpg","width":2560,"height":1920},{"@type":"BreadcrumbList","@id":"https:\/\/www.ballons-du-leman.ch\/de\/ballonfahrten\/premium-ballonfahrt\/#breadcrumb","itemListElement":[{"@type":"ListItem","position":1,"name":"Accueil","item":"https:\/\/www.ballons-du-leman.ch\/de\/startseite\/"},{"@type":"ListItem","position":2,"name":"Shop","item":"https:\/\/www.ballons-du-leman.ch\/boutique\/"},{"@type":"ListItem","position":3,"name":"Premium-Ballonfahrt"}]},{"@type":"WebSite","@id":"https:\/\/www.ballons-du-leman.ch\/de\/#website","url":"https:\/\/www.ballons-du-leman.ch\/de\/","name":"Ballons du L\u00e9man","description":"Vols en montgolfi\u00e8re en Suisse","publisher":{"@id":"https:\/\/www.ballons-du-leman.ch\/de\/#organization"},"potentialAction":[{"@type":"SearchAction","target":{"@type":"EntryPoint","urlTemplate":"https:\/\/www.ballons-du-leman.ch\/de\/?s={search_term_string}"},"query-input":{"@type":"PropertyValueSpecification","valueRequired":true,"valueName":"search_term_string"}}],"inLanguage":"de"},{"@type":"Organization","@id":"https:\/\/www.ballons-du-leman.ch\/de\/#organization","name":"Ballons du L\u00e9man","url":"https:\/\/www.ballons-du-leman.ch\/de\/","logo":{"@type":"ImageObject","inLanguage":"de","@id":"https:\/\/www.ballons-du-leman.ch\/de\/#\/schema\/logo\/image\/","url":"https:\/\/www.ballons-du-leman.ch\/wp-content\/uploads\/2024\/02\/logo-ballons-du-leman.png","contentUrl":"https:\/\/www.ballons-du-leman.ch\/wp-content\/uploads\/2024\/02\/logo-ballons-du-leman.png","width":868,"height":868,"caption":"Ballons du L\u00e9man"},"image":{"@id":"https:\/\/www.ballons-du-leman.ch\/de\/#\/schema\/logo\/image\/"},"sameAs":["https:\/\/www.facebook.com\/BallonsDuLeman","https:\/\/www.youtube.com\/channel\/UCnBvk8L2WR7TIB8RnaKCdBw","https:\/\/www.instagram.com\/ballonsduleman"]}]}},"wcpa_form_fields":{"wcpaData":{"product":{"product_price":0,"price_html":"<span class=\"woocommerce-Price-amount amount\"><bdi><span class=\"woocommerce-Price-currencySymbol\">&#67;&#72;&#70;<\/span>&nbsp;<span class=\"price-value\">0.-<\/bdi><\/span><\/span>","original_product_price":0,"price_including_tax":0,"price_excluding_tax":0,"product_id":{"parent":5020,"variation":false},"is_variable":false,"stock_status":"instock","stock_quantity":null,"parent_sku":"","product_attributes":[],"custom_fields":[],"is_taxable":true,"product_name":"Premium-Ballonfahrt","hasImage":false},"fields":{"sec_765983805bc3e1":{"extra":{"key":"sec_765983805bc3e1","section_id":"sec_765983805bc3e1","name":"Default","status":1,"cl_rule":"show","enableCl":false,"relations":[],"toggle":true,"title_tag":"h3","show_title":false,"showPrice":"default","form_id":4973,"form_rules":{"exclude_from_discount":false,"fee_label":"Fee","disp_hide_options_price":true,"disp_show_section_price":false,"disp_show_field_price":false,"layout_option":"standard","pric_use_as_fee":false,"process_fee_as":"woo_fee"},"layout_option":"standard"},"fields":[[{"active":true,"col":5,"relations":false,"cl_rule":"show","enableCl":false,"price":"","enablePrice":false,"className":"","label_position":"default","desc_position":"default","type":"header","required":false,"elementId":"header_065983805bc3f7","label":"W\u00e4hlen Sie die gew\u00fcnschte Anzahl an Tickets aus","subtype":"h3","error":false,"gt_translate_keys":["label"],"price_dependency":false,"cl_dependency":false,"value":""}],[{"active":true,"col":4,"relations":false,"cl_rule":"show","enableCl":false,"price":"","enablePrice":false,"className":"","label_position":"default","desc_position":"default","type":"header","required":false,"elementId":"header_765983805bc3fe","label":"Person(en)","subtype":"h4","error":false,"gt_translate_keys":["label"],"price_dependency":false,"cl_dependency":false,"value":""},{"active":true,"col":1,"relations":false,"cl_rule":"show","enableCl":false,"price":"","enablePrice":true,"className":"","label_position":"disable","desc_position":"disable","type":"select","required":false,"elementId":"select_065983805bc403","label":"Person(en)","name":"select_065983805bc403","values":[{"label":"2","value":"2","selected":true,"tempId":"aco_293","price":"1490","gt_translate_keys":["label"]},{"label":"3","value":"3","selected":false,"tempId":"aco_294","price":"1585","gt_translate_keys":["label"]},{"label":"4","value":"4","selected":false,"tempId":"aco_367","price":"1800","gt_translate_keys":["label"]},{"label":"5","value":"5","selected":false,"tempId":"aco_377","price":"2000","gt_translate_keys":["label"]},{"label":"6","value":"6","selected":false,"tempId":"aco_387","price":"2280","gt_translate_keys":["label"]},{"label":"7","value":"7","selected":false,"tempId":"aco_397","price":"2520","gt_translate_keys":["label"]},{"label":"8","value":"8","selected":false,"tempId":"aco_407","price":"2720","gt_translate_keys":["label"]},{"label":"9","value":"9","selected":false,"tempId":"aco_4455","price":"2970","gt_translate_keys":["label"]},{"label":"10","value":"10","selected":false,"tempId":"aco_4465","price":"3200","gt_translate_keys":["label"]},{"label":"11","value":"11","selected":false,"tempId":"aco_4529","price":"3410","gt_translate_keys":["label"]},{"label":"12","value":"12","selected":false,"tempId":"aco_4539","price":"3600","gt_translate_keys":["label"]},{"label":"13","value":"13","selected":false,"tempId":"aco_226","price":"3900","gt_translate_keys":["label"]},{"label":"14","value":"14","selected":false,"tempId":"aco_236","price":"4200","gt_translate_keys":["label"]},{"label":"15","value":"15","selected":false,"tempId":"aco_246","price":"4500","gt_translate_keys":["label"]}],"dropdown_type":"basic","error":false,"priceOptions":"different_for_all","pricingType":"fixed","description":"","enableDesign":false,"repeater_field_label":"{field_label}","quantity_label":"Quantity","gt_translate_keys":["label","description","repeater_field_label","quantity_label"],"price_dependency":false,"cl_dependency":false,"value":""}],[{"active":true,"col":5,"relations":false,"cl_rule":"show","enableCl":false,"price":"","enablePrice":true,"className":"option-billet-papier","label_position":"default","desc_position":"default","type":"radio-group","required":false,"elementId":"radio-group_565983805bc418","label":"Art des Tickets","name":"radio-group_565983805bc418","values":[{"label":"Elektronisches Ticket (kostenlos)","value":"billet-electronique","selected":true,"tempId":"aco_1823","gt_translate_keys":["label"]},{"label":"Geschenkverpackung (9 CHF)","value":"billet-papier","selected":false,"tempId":"aco_1824","price":"9","tooltip":"Erhalten Sie Ihre Tickets in einer Geschenkverpackung, die Sie direkt verschenken k\u00f6nnen.","gt_translate_keys":["label","tooltip"]}],"layOut":"inline","error":false,"checkUi":"","priceOptions":"different_for_all","pricingType":"fixed","options_tooltip":true,"enableDesign":false,"repeater_field_label":"{field_label}","quantity_label":"Quantity","gt_translate_keys":["label","repeater_field_label","quantity_label"],"price_dependency":false,"cl_dependency":false,"value":""}]]}},"config":{"price_override":"","enable_recaptcha":false,"bind_quantity":false,"quantity_bind_formula":false,"disp_summ_show_option_price":false,"disp_summ_show_product_price":false,"disp_summ_show_total_price":true,"disp_summ_show_fee":false,"disp_summ_show_discount":false,"summary_title":"","options_total_label":"Options Price","total_label":"Total","options_product_label":"Product Price","fee_label":"Fee","discount_label":"Discount","has_price":true,"has_quantity_formula":false},"mc_unit":1,"tax_rate":1,"tax_rate_real":0.081,"discount":{"percentage":0,"fixed":0},"design":{"conf":{"LabelPosition":"above","DescPosition":"below","UploadField":"custom_1","QuantityFieldStyle":"custom_1"},"css":{"LeftLabelWidth":"250px"}},"formulas":[],"lookuptables":[],"clones":false,"cartKey":false}},"_links":{"self":[{"href":"https:\/\/www.ballons-du-leman.ch\/de\/wp-json\/wp\/v2\/product\/5020","targetHints":{"allow":["GET"]}}],"collection":[{"href":"https:\/\/www.ballons-du-leman.ch\/de\/wp-json\/wp\/v2\/product"}],"about":[{"href":"https:\/\/www.ballons-du-leman.ch\/de\/wp-json\/wp\/v2\/types\/product"}],"wp:featuredmedia":[{"embeddable":true,"href":"https:\/\/www.ballons-du-leman.ch\/de\/wp-json\/wp\/v2\/media\/5002"}],"wp:attachment":[{"href":"https:\/\/www.ballons-du-leman.ch\/de\/wp-json\/wp\/v2\/media?parent=5020"}],"wp:term":[{"taxonomy":"product_brand","embeddable":true,"href":"https:\/\/www.ballons-du-leman.ch\/de\/wp-json\/wp\/v2\/product_brand?post=5020"},{"taxonomy":"product_cat","embeddable":true,"href":"https:\/\/www.ballons-du-leman.ch\/de\/wp-json\/wp\/v2\/product_cat?post=5020"},{"taxonomy":"product_tag","embeddable":true,"href":"https:\/\/www.ballons-du-leman.ch\/de\/wp-json\/wp\/v2\/product_tag?post=5020"}],"curies":[{"name":"wp","href":"https:\/\/api.w.org\/{rel}","templated":true}]}}