{"id":4966,"date":"2025-04-21T09:47:26","date_gmt":"2025-04-21T09:47:26","guid":{"rendered":"https:\/\/www.ballons-du-leman.ch\/?post_type=product&#038;p=4966"},"modified":"2026-04-30T12:48:40","modified_gmt":"2026-04-30T12:48:40","slug":"entdeckungsflug-muttertagsangebot","status":"publish","type":"product","link":"https:\/\/www.ballons-du-leman.ch\/de\/ballonfahrten\/entdeckungsflug-muttertagsangebot\/","title":{"rendered":"Entdeckungsflug &#8211; Muttertagsangebot"},"content":{"rendered":"<div class=\"img\"><img loading=\"lazy\" decoding=\"async\" class=\"alignnone wp-image-622\" src=\"https:\/\/www.ballons-du-leman.ch\/wp-content\/uploads\/2024\/01\/Icone_VolPremium-48x48-1.webp\" alt=\"\" width=\"37\" height=\"37\" srcset=\"https:\/\/www.ballons-du-leman.ch\/wp-content\/uploads\/2024\/01\/Icone_VolPremium-48x48-1.webp 48w, https:\/\/www.ballons-du-leman.ch\/wp-content\/uploads\/2024\/01\/Icone_VolPremium-48x48-1-24x24.webp 24w, https:\/\/www.ballons-du-leman.ch\/wp-content\/uploads\/2024\/01\/Icone_VolPremium-48x48-1-36x36.webp 36w\" sizes=\"auto, (max-width: 37px) 100vw, 37px\" \/><\/div>\n","protected":false},"excerpt":{"rendered":"<p><img loading=\"lazy\" decoding=\"async\" class=\"alignnone wp-image-3810 size-full\" style=\"width: inherit;\" src=\"https:\/\/www.ballons-du-leman.ch\/wp-content\/uploads\/2025\/04\/Post-Instagram-fete-des-meres-collage-photo-moderne-rose-et-blanc.png\" alt=\"\" width=\"1080\" height=\"1080\" srcset=\"https:\/\/www.ballons-du-leman.ch\/wp-content\/uploads\/2025\/04\/Post-Instagram-fete-des-meres-collage-photo-moderne-rose-et-blanc.png 1080w, https:\/\/www.ballons-du-leman.ch\/wp-content\/uploads\/2025\/04\/Post-Instagram-fete-des-meres-collage-photo-moderne-rose-et-blanc-300x300.png 300w, https:\/\/www.ballons-du-leman.ch\/wp-content\/uploads\/2025\/04\/Post-Instagram-fete-des-meres-collage-photo-moderne-rose-et-blanc-1024x1024.png 1024w, https:\/\/www.ballons-du-leman.ch\/wp-content\/uploads\/2025\/04\/Post-Instagram-fete-des-meres-collage-photo-moderne-rose-et-blanc-150x150.png 150w, https:\/\/www.ballons-du-leman.ch\/wp-content\/uploads\/2025\/04\/Post-Instagram-fete-des-meres-collage-photo-moderne-rose-et-blanc-768x768.png 768w, https:\/\/www.ballons-du-leman.ch\/wp-content\/uploads\/2025\/04\/Post-Instagram-fete-des-meres-collage-photo-moderne-rose-et-blanc-24x24.png 24w, https:\/\/www.ballons-du-leman.ch\/wp-content\/uploads\/2025\/04\/Post-Instagram-fete-des-meres-collage-photo-moderne-rose-et-blanc-36x36.png 36w, https:\/\/www.ballons-du-leman.ch\/wp-content\/uploads\/2025\/04\/Post-Instagram-fete-des-meres-collage-photo-moderne-rose-et-blanc-48x48.png 48w, https:\/\/www.ballons-du-leman.ch\/wp-content\/uploads\/2025\/04\/Post-Instagram-fete-des-meres-collage-photo-moderne-rose-et-blanc-600x600.png 600w, https:\/\/www.ballons-du-leman.ch\/wp-content\/uploads\/2025\/04\/Post-Instagram-fete-des-meres-collage-photo-moderne-rose-et-blanc-100x100.png 100w\" sizes=\"auto, (max-width: 1080px) 100vw, 1080px\" \/><\/p>\n[gallery id=\"75c25fdafd\"]\n<p>&nbsp;<\/p>\n<h2 style=\"text-align: left;\">Beschreibung des Fluges<\/h2>\n<p>&nbsp;<\/p>\n<p>Der Hei\u00dfluftballon ist wahrscheinlich eine der originellsten und friedlichsten Arten, die bezaubernden Landschaften der franz\u00f6sischen Schweiz zu entdecken. Erkunden Sie vom Korb aus das Panorama einer der sch\u00f6nsten Regionen unseres Planeten! \u00dcberfliegen Sie Weinberge, Seen, Berge und Landschaften, begleitet von einem erfahrenen Piloten.<\/p>\n<p>&nbsp;<\/p>\n<table style=\"width: 100%; border-collapse: collapse; background-color: #942932; border-color: #de253b; border-style: none; height: 195px;\">\n<tbody>\n<tr style=\"height: 20px;\">\n<td style=\"width: 1.72712%; border-style: none; height: 10px;\" colspan=\"2\">\n<h2 style=\"text-align: center;\"><\/h2>\n<h2 style=\"text-align: center;\"><span style=\"color: #ffffff;\">SONDERANGEBOT Muttertag :<\/span><\/h2>\n<p>&nbsp;<\/p>\n<p style=\"text-align: center;\"><span style=\"color: #ffffff;\">349,- CHF f\u00fcr 1 Person <del>statt 375,- CHF<\/del><\/span><\/p>\n<p><img decoding=\"async\" class=\"aligncenter\" src=\"https:\/\/counters.pennyblacktemplates.com\/id\/0002ad28d1\" alt=\"Pennyblack Email Countdown Timers\" \/><\/p>\n<p style=\"text-align: center;\">\n<\/td>\n<\/tr>\n<\/tbody>\n<\/table>\n<p><!--more--><\/p>\n<h2 style=\"text-align: left;\">\u00dcberblick \u00fcber die Erfahrung<\/h2>\n<p style=\"left: 0; width: 100%; height: 0; position: relative; padding-bottom: 56.25%;\"><iframe style=\"top: 0; left: 0; width: 100%; height: 100%; position: absolute; border: 0;\" src=\"https:\/\/www.youtube.com\/embed\/17uSuEyQ-Gk?rel=0\" scrolling=\"no\" allowfullscreen=\"allowfullscreen\"><\/iframe><\/p>\n","protected":false},"featured_media":4967,"template":"","meta":{"_acf_changed":false,"_coblocks_attr":"","_coblocks_dimensions":"","_coblocks_responsive_height":"","_coblocks_accordion_ie_support":"","inline_featured_image":false},"product_brand":[],"product_cat":[193],"product_tag":[195],"class_list":{"0":"post-4966","1":"product","2":"type-product","3":"status-publish","4":"has-post-thumbnail","6":"product_cat-unsere-ballonfahrten","7":"product_tag-highlight-de","8":"wcpa_has_options","10":"first","11":"instock","12":"taxable","13":"shipping-taxable","14":"purchasable","15":"product-type-simple"},"acf":[],"yoast_head":"<!-- This site is optimized with the Yoast SEO plugin v26.5 - https:\/\/yoast.com\/wordpress\/plugins\/seo\/ -->\n<title>Muttertags-Entdeckungsangebot Hei\u00dfluftballon | Ballons du L\u00e9man<\/title>\n<meta name=\"description\" content=\"Feiern Sie den Muttertag mit einer m\u00e4rchenhaften Fahrt im Hei\u00dfluftballon. Sonderpreis: CHF 349.-. Schenken Sie eine unvergessliche Erinnerung!\" \/>\n<meta name=\"robots\" content=\"index, follow, max-snippet:-1, max-image-preview:large, max-video-preview:-1\" \/>\n<link rel=\"canonical\" href=\"https:\/\/www.ballons-du-leman.ch\/de\/ballonfahrten\/entdeckungsflug-muttertagsangebot\/\" \/>\n<meta property=\"og:locale\" content=\"de_DE\" \/>\n<meta property=\"og:type\" content=\"article\" \/>\n<meta property=\"og:title\" content=\"Muttertags-Entdeckungsangebot Hei\u00dfluftballon | Ballons du L\u00e9man\" \/>\n<meta property=\"og:description\" content=\"Feiern Sie den Muttertag mit einer m\u00e4rchenhaften Fahrt im Hei\u00dfluftballon. Sonderpreis: CHF 349.-. Schenken Sie eine unvergessliche Erinnerung!\" \/>\n<meta property=\"og:url\" content=\"https:\/\/www.ballons-du-leman.ch\/de\/ballonfahrten\/entdeckungsflug-muttertagsangebot\/\" \/>\n<meta property=\"og:site_name\" content=\"Ballons du L\u00e9man\" \/>\n<meta property=\"article:publisher\" content=\"https:\/\/www.facebook.com\/BallonsDuLeman\" \/>\n<meta property=\"article:modified_time\" content=\"2026-04-30T12:48:40+00:00\" \/>\n<meta property=\"og:image\" content=\"https:\/\/www.ballons-du-leman.ch\/wp-content\/uploads\/2025\/04\/Post-Instagram-fete-des-meres-collage-photo-moderne-rose-et-blanc.png\" \/>\n\t<meta property=\"og:image:width\" content=\"1080\" \/>\n\t<meta property=\"og:image:height\" content=\"1080\" \/>\n\t<meta property=\"og:image:type\" content=\"image\/png\" \/>\n<meta name=\"twitter:card\" content=\"summary_large_image\" \/>\n<!-- \/ Yoast SEO plugin. -->","yoast_head_json":{"title":"Muttertags-Entdeckungsangebot Hei\u00dfluftballon | Ballons du L\u00e9man","description":"Feiern Sie den Muttertag mit einer m\u00e4rchenhaften Fahrt im Hei\u00dfluftballon. Sonderpreis: CHF 349.-. Schenken Sie eine unvergessliche Erinnerung!","robots":{"index":"index","follow":"follow","max-snippet":"max-snippet:-1","max-image-preview":"max-image-preview:large","max-video-preview":"max-video-preview:-1"},"canonical":"https:\/\/www.ballons-du-leman.ch\/de\/ballonfahrten\/entdeckungsflug-muttertagsangebot\/","og_locale":"de_DE","og_type":"article","og_title":"Muttertags-Entdeckungsangebot Hei\u00dfluftballon | Ballons du L\u00e9man","og_description":"Feiern Sie den Muttertag mit einer m\u00e4rchenhaften Fahrt im Hei\u00dfluftballon. Sonderpreis: CHF 349.-. Schenken Sie eine unvergessliche Erinnerung!","og_url":"https:\/\/www.ballons-du-leman.ch\/de\/ballonfahrten\/entdeckungsflug-muttertagsangebot\/","og_site_name":"Ballons du L\u00e9man","article_publisher":"https:\/\/www.facebook.com\/BallonsDuLeman","article_modified_time":"2026-04-30T12:48:40+00:00","og_image":[{"width":1080,"height":1080,"url":"https:\/\/www.ballons-du-leman.ch\/wp-content\/uploads\/2025\/04\/Post-Instagram-fete-des-meres-collage-photo-moderne-rose-et-blanc.png","type":"image\/png"}],"twitter_card":"summary_large_image","schema":{"@context":"https:\/\/schema.org","@graph":[{"@type":"WebPage","@id":"https:\/\/www.ballons-du-leman.ch\/de\/ballonfahrten\/entdeckungsflug-muttertagsangebot\/","url":"https:\/\/www.ballons-du-leman.ch\/de\/ballonfahrten\/entdeckungsflug-muttertagsangebot\/","name":"Muttertags-Entdeckungsangebot Hei\u00dfluftballon | Ballons du L\u00e9man","isPartOf":{"@id":"https:\/\/www.ballons-du-leman.ch\/de\/#website"},"primaryImageOfPage":{"@id":"https:\/\/www.ballons-du-leman.ch\/de\/ballonfahrten\/entdeckungsflug-muttertagsangebot\/#primaryimage"},"image":{"@id":"https:\/\/www.ballons-du-leman.ch\/de\/ballonfahrten\/entdeckungsflug-muttertagsangebot\/#primaryimage"},"thumbnailUrl":"https:\/\/www.ballons-du-leman.ch\/wp-content\/uploads\/2025\/04\/Post-Instagram-fete-des-meres-collage-photo-moderne-rose-et-blanc.png","datePublished":"2025-04-21T09:47:26+00:00","dateModified":"2026-04-30T12:48:40+00:00","description":"Feiern Sie den Muttertag mit einer m\u00e4rchenhaften Fahrt im Hei\u00dfluftballon. Sonderpreis: CHF 349.-. Schenken Sie eine unvergessliche Erinnerung!","breadcrumb":{"@id":"https:\/\/www.ballons-du-leman.ch\/de\/ballonfahrten\/entdeckungsflug-muttertagsangebot\/#breadcrumb"},"inLanguage":"de","potentialAction":[{"@type":"ReadAction","target":["https:\/\/www.ballons-du-leman.ch\/de\/ballonfahrten\/entdeckungsflug-muttertagsangebot\/"]}]},{"@type":"ImageObject","inLanguage":"de","@id":"https:\/\/www.ballons-du-leman.ch\/de\/ballonfahrten\/entdeckungsflug-muttertagsangebot\/#primaryimage","url":"https:\/\/www.ballons-du-leman.ch\/wp-content\/uploads\/2025\/04\/Post-Instagram-fete-des-meres-collage-photo-moderne-rose-et-blanc.png","contentUrl":"https:\/\/www.ballons-du-leman.ch\/wp-content\/uploads\/2025\/04\/Post-Instagram-fete-des-meres-collage-photo-moderne-rose-et-blanc.png","width":1080,"height":1080,"caption":"Visuel rose avec des tulipes \"Bonne f\u00eate des m\u00e8res\""},{"@type":"BreadcrumbList","@id":"https:\/\/www.ballons-du-leman.ch\/de\/ballonfahrten\/entdeckungsflug-muttertagsangebot\/#breadcrumb","itemListElement":[{"@type":"ListItem","position":1,"name":"Accueil","item":"https:\/\/www.ballons-du-leman.ch\/de\/startseite\/"},{"@type":"ListItem","position":2,"name":"Shop","item":"https:\/\/www.ballons-du-leman.ch\/boutique\/"},{"@type":"ListItem","position":3,"name":"Entdeckungsflug &#8211; Muttertagsangebot"}]},{"@type":"WebSite","@id":"https:\/\/www.ballons-du-leman.ch\/de\/#website","url":"https:\/\/www.ballons-du-leman.ch\/de\/","name":"Ballons du L\u00e9man","description":"Vols en montgolfi\u00e8re en Suisse","publisher":{"@id":"https:\/\/www.ballons-du-leman.ch\/de\/#organization"},"potentialAction":[{"@type":"SearchAction","target":{"@type":"EntryPoint","urlTemplate":"https:\/\/www.ballons-du-leman.ch\/de\/?s={search_term_string}"},"query-input":{"@type":"PropertyValueSpecification","valueRequired":true,"valueName":"search_term_string"}}],"inLanguage":"de"},{"@type":"Organization","@id":"https:\/\/www.ballons-du-leman.ch\/de\/#organization","name":"Ballons du L\u00e9man","url":"https:\/\/www.ballons-du-leman.ch\/de\/","logo":{"@type":"ImageObject","inLanguage":"de","@id":"https:\/\/www.ballons-du-leman.ch\/de\/#\/schema\/logo\/image\/","url":"https:\/\/www.ballons-du-leman.ch\/wp-content\/uploads\/2024\/02\/logo-ballons-du-leman.png","contentUrl":"https:\/\/www.ballons-du-leman.ch\/wp-content\/uploads\/2024\/02\/logo-ballons-du-leman.png","width":868,"height":868,"caption":"Ballons du L\u00e9man"},"image":{"@id":"https:\/\/www.ballons-du-leman.ch\/de\/#\/schema\/logo\/image\/"},"sameAs":["https:\/\/www.facebook.com\/BallonsDuLeman","https:\/\/www.youtube.com\/channel\/UCnBvk8L2WR7TIB8RnaKCdBw","https:\/\/www.instagram.com\/ballonsduleman"]}]}},"wcpa_form_fields":null,"_links":{"self":[{"href":"https:\/\/www.ballons-du-leman.ch\/de\/wp-json\/wp\/v2\/product\/4966","targetHints":{"allow":["GET"]}}],"collection":[{"href":"https:\/\/www.ballons-du-leman.ch\/de\/wp-json\/wp\/v2\/product"}],"about":[{"href":"https:\/\/www.ballons-du-leman.ch\/de\/wp-json\/wp\/v2\/types\/product"}],"wp:featuredmedia":[{"embeddable":true,"href":"https:\/\/www.ballons-du-leman.ch\/de\/wp-json\/wp\/v2\/media\/4967"}],"wp:attachment":[{"href":"https:\/\/www.ballons-du-leman.ch\/de\/wp-json\/wp\/v2\/media?parent=4966"}],"wp:term":[{"taxonomy":"product_brand","embeddable":true,"href":"https:\/\/www.ballons-du-leman.ch\/de\/wp-json\/wp\/v2\/product_brand?post=4966"},{"taxonomy":"product_cat","embeddable":true,"href":"https:\/\/www.ballons-du-leman.ch\/de\/wp-json\/wp\/v2\/product_cat?post=4966"},{"taxonomy":"product_tag","embeddable":true,"href":"https:\/\/www.ballons-du-leman.ch\/de\/wp-json\/wp\/v2\/product_tag?post=4966"}],"curies":[{"name":"wp","href":"https:\/\/api.w.org\/{rel}","templated":true}]}}