{"id":4943,"date":"2024-10-08T08:55:45","date_gmt":"2024-10-08T08:55:45","guid":{"rendered":"https:\/\/www.ballons-du-leman.ch\/produit\/flug-fuer-menschen-mit-behinderungen\/"},"modified":"2025-12-18T08:44:20","modified_gmt":"2025-12-18T08:44:20","slug":"ballonfahrt-menschen-mit-behinderungen","status":"publish","type":"product","link":"https:\/\/www.ballons-du-leman.ch\/de\/ballonfahrten\/ballonfahrt-menschen-mit-behinderungen\/","title":{"rendered":"Ballonfahrten f\u00fcr Menschen mit Behinderungen"},"content":{"rendered":"<div class=\"img\"><img loading=\"lazy\" decoding=\"async\" class=\"alignnone wp-image-587\" src=\"https:\/\/www.ballons-du-leman.ch\/wp-content\/uploads\/2024\/01\/handicap-1-1024x958-1.webp\" alt=\"\" width=\"60\" height=\"56\" srcset=\"https:\/\/www.ballons-du-leman.ch\/wp-content\/uploads\/2024\/01\/handicap-1-1024x958-1.webp 1024w, https:\/\/www.ballons-du-leman.ch\/wp-content\/uploads\/2024\/01\/handicap-1-1024x958-1-300x281.webp 300w, https:\/\/www.ballons-du-leman.ch\/wp-content\/uploads\/2024\/01\/handicap-1-1024x958-1-768x719.webp 768w, https:\/\/www.ballons-du-leman.ch\/wp-content\/uploads\/2024\/01\/handicap-1-1024x958-1-24x22.webp 24w, https:\/\/www.ballons-du-leman.ch\/wp-content\/uploads\/2024\/01\/handicap-1-1024x958-1-36x34.webp 36w, https:\/\/www.ballons-du-leman.ch\/wp-content\/uploads\/2024\/01\/handicap-1-1024x958-1-48x45.webp 48w, https:\/\/www.ballons-du-leman.ch\/wp-content\/uploads\/2024\/01\/handicap-1-1024x958-1-600x561.webp 600w\" sizes=\"auto, (max-width: 60px) 100vw, 60px\" \/> <img loading=\"lazy\" decoding=\"async\" class=\"alignnone wp-image-589\" src=\"https:\/\/www.ballons-du-leman.ch\/wp-content\/uploads\/2024\/01\/handicap-2-1024x941-1.webp\" alt=\"\" width=\"60\" height=\"55\" srcset=\"https:\/\/www.ballons-du-leman.ch\/wp-content\/uploads\/2024\/01\/handicap-2-1024x941-1.webp 1024w, https:\/\/www.ballons-du-leman.ch\/wp-content\/uploads\/2024\/01\/handicap-2-1024x941-1-300x276.webp 300w, https:\/\/www.ballons-du-leman.ch\/wp-content\/uploads\/2024\/01\/handicap-2-1024x941-1-768x706.webp 768w, https:\/\/www.ballons-du-leman.ch\/wp-content\/uploads\/2024\/01\/handicap-2-1024x941-1-24x22.webp 24w, https:\/\/www.ballons-du-leman.ch\/wp-content\/uploads\/2024\/01\/handicap-2-1024x941-1-36x33.webp 36w, https:\/\/www.ballons-du-leman.ch\/wp-content\/uploads\/2024\/01\/handicap-2-1024x941-1-48x44.webp 48w, https:\/\/www.ballons-du-leman.ch\/wp-content\/uploads\/2024\/01\/handicap-2-1024x941-1-600x551.webp 600w\" sizes=\"auto, (max-width: 60px) 100vw, 60px\" \/> <img loading=\"lazy\" decoding=\"async\" class=\"alignnone wp-image-591\" src=\"https:\/\/www.ballons-du-leman.ch\/wp-content\/uploads\/2024\/01\/handicap-3-1024x927-1.webp\" alt=\"\" width=\"63\" height=\"57\" srcset=\"https:\/\/www.ballons-du-leman.ch\/wp-content\/uploads\/2024\/01\/handicap-3-1024x927-1.webp 1024w, https:\/\/www.ballons-du-leman.ch\/wp-content\/uploads\/2024\/01\/handicap-3-1024x927-1-300x272.webp 300w, https:\/\/www.ballons-du-leman.ch\/wp-content\/uploads\/2024\/01\/handicap-3-1024x927-1-768x695.webp 768w, https:\/\/www.ballons-du-leman.ch\/wp-content\/uploads\/2024\/01\/handicap-3-1024x927-1-24x22.webp 24w, https:\/\/www.ballons-du-leman.ch\/wp-content\/uploads\/2024\/01\/handicap-3-1024x927-1-36x33.webp 36w, https:\/\/www.ballons-du-leman.ch\/wp-content\/uploads\/2024\/01\/handicap-3-1024x927-1-48x43.webp 48w, https:\/\/www.ballons-du-leman.ch\/wp-content\/uploads\/2024\/01\/handicap-3-1024x927-1-600x543.webp 600w\" sizes=\"auto, (max-width: 63px) 100vw, 63px\" \/> <img loading=\"lazy\" decoding=\"async\" class=\"alignnone wp-image-593\" src=\"https:\/\/www.ballons-du-leman.ch\/wp-content\/uploads\/2024\/01\/handicap-4-1024x992-1.webp\" alt=\"\" width=\"59\" height=\"57\" srcset=\"https:\/\/www.ballons-du-leman.ch\/wp-content\/uploads\/2024\/01\/handicap-4-1024x992-1.webp 1024w, https:\/\/www.ballons-du-leman.ch\/wp-content\/uploads\/2024\/01\/handicap-4-1024x992-1-300x291.webp 300w, https:\/\/www.ballons-du-leman.ch\/wp-content\/uploads\/2024\/01\/handicap-4-1024x992-1-768x744.webp 768w, https:\/\/www.ballons-du-leman.ch\/wp-content\/uploads\/2024\/01\/handicap-4-1024x992-1-24x24.webp 24w, https:\/\/www.ballons-du-leman.ch\/wp-content\/uploads\/2024\/01\/handicap-4-1024x992-1-36x36.webp 36w, https:\/\/www.ballons-du-leman.ch\/wp-content\/uploads\/2024\/01\/handicap-4-1024x992-1-600x581.webp 600w\" sizes=\"auto, (max-width: 59px) 100vw, 59px\" \/><\/div>\n","protected":false},"excerpt":{"rendered":"<p><img loading=\"lazy\" decoding=\"async\" class=\"alignnone wp-image-3087\" src=\"https:\/\/www.ballons-du-leman.ch\/wp-content\/uploads\/2024\/10\/Photo-2-scaled.jpg\" alt=\"\" width=\"742\" height=\"371\"><\/p>\n<p>&nbsp;<\/p>\n[gallery layout=\"tiles\" ids=\"2803, 2801, 2799, 581, 701, 691, 694\"]\n<p>&nbsp;<\/p>\n<h2 style=\"text-align: left;\">Beschreibung des Ballonfahrt<\/h2>\n<p>Ein Heissluftballon ist wahrscheinlich eine der originellsten und friedlichsten Arten, die bezaubernden Landschaften des Genferseegebiets zu entdecken. Erkunden Sie vom Korb aus das Panorama einer der <g id=\"gid_0\">sch\u00f6nsten Regionen<\/g> unseres Planeten! Fliegen Sie \u00fcber Weinberge, Seen, Berge und Landschaften, begleitet von einem erfahrenen Piloten.  <\/p>\n<p>Bei Ballons du L\u00e9man legen wir besonderen Wert darauf, dass unsere Fl\u00fcge f\u00fcr alle zug\u00e4nglich sind! Daher haben wir <strong>Gondeln f\u00fcr Personen mit eingeschr\u00e4nkter Mobilit\u00e4t<\/strong> angeschafft. <\/p>\n<p><a href=\"https:\/\/www.thefamilyof5.com\/post\/we-flew-in-a-hot-air-balloon-with-ballons-du-l%C3%A9man\">Lesen Sie mehr \u00fcber die Erfahrungen von FamilyOf5<\/a> oder sehen Sie sich das Video unten an:<\/p>\n<blockquote class=\"instagram-media\" style=\"background: #FFF; border: 0; border-radius: 3px; box-shadow: 0 0 1px 0 rgba(0,0,0,0.5),0 1px 10px 0 rgba(0,0,0,0.15); margin: 1px; max-width: 540px; min-width: 326px; padding: 0; width: calc(100% - 2px);\" data-instgrm-permalink=\"https:\/\/www.instagram.com\/reel\/Cip5r7dMtGi\/?utm_source=ig_embed&amp;utm_campaign=loading\" data-instgrm-version=\"14\">\n<div style=\"padding: 16px;\">\n<p>&nbsp;<\/p>\n<div style=\"display: flex; flex-direction: row; align-items: center;\">\n<div style=\"background-color: #f4f4f4; border-radius: 50%; flex-grow: 0; height: 40px; margin-right: 14px; width: 40px;\"><\/div>\n<div style=\"display: flex; flex-direction: column; flex-grow: 1; justify-content: center;\">\n<div style=\"background-color: #f4f4f4; border-radius: 4px; flex-grow: 0; height: 14px; margin-bottom: 6px; width: 100px;\"><\/div>\n<div style=\"background-color: #f4f4f4; border-radius: 4px; flex-grow: 0; height: 14px; width: 60px;\"><\/div>\n<\/div>\n<\/div>\n<div style=\"padding: 19% 0;\"><\/div>\n<div style=\"display: block; height: 50px; margin: 0 auto 12px; width: 50px;\"><\/div>\n<div style=\"padding-top: 8px;\">\n<div style=\"color: #3897f0; font-family: Arial,sans-serif; font-size: 14px; font-style: normal; font-weight: 550; line-height: 18px;\">Diesen Beitrag auf Instagram ansehen<\/div>\n<\/div>\n<div style=\"padding: 12.5% 0;\"><\/div>\n<div style=\"display: flex; flex-direction: row; margin-bottom: 14px; align-items: center;\">\n<div>\n<div style=\"background-color: #f4f4f4; border-radius: 50%; height: 12.5px; width: 12.5px; transform: translateX(0px) translateY(7px);\"><\/div>\n<div style=\"background-color: #f4f4f4; height: 12.5px; transform: rotate(-45deg) translateX(3px) translateY(1px); width: 12.5px; flex-grow: 0; margin-right: 14px; margin-left: 2px;\"><\/div>\n<div style=\"background-color: #f4f4f4; border-radius: 50%; height: 12.5px; width: 12.5px; transform: translateX(9px) translateY(-18px);\"><\/div>\n<\/div>\n<div style=\"margin-left: 8px;\">\n<div style=\"background-color: #f4f4f4; border-radius: 50%; flex-grow: 0; height: 20px; width: 20px;\"><\/div>\n<div style=\"width: 0; height: 0; border-top: 2px solid transparent; border-left: 6px solid #f4f4f4; border-bottom: 2px solid transparent; transform: translateX(16px) translateY(-4px) rotate(30deg);\"><\/div>\n<\/div>\n<div style=\"margin-left: auto;\">\n<div style=\"width: 0px; border-top: 8px solid #F4F4F4; border-right: 8px solid transparent; transform: translateY(16px);\"><\/div>\n<div style=\"background-color: #f4f4f4; flex-grow: 0; height: 12px; width: 16px; transform: translateY(-4px);\"><\/div>\n<div style=\"width: 0; height: 0; border-top: 8px solid #F4F4F4; border-left: 8px solid transparent; transform: translateY(-4px) translateX(8px);\"><\/div>\n<\/div>\n<\/div>\n<div style=\"display: flex; flex-direction: column; flex-grow: 1; justify-content: center; margin-bottom: 24px;\">\n<div style=\"background-color: #f4f4f4; border-radius: 4px; flex-grow: 0; height: 14px; margin-bottom: 6px; width: 224px;\"><\/div>\n<div style=\"background-color: #f4f4f4; border-radius: 4px; flex-grow: 0; height: 14px; width: 144px;\"><\/div>\n<\/div>\n<p>&nbsp;<\/p>\n<p style=\"color: #c9c8cd; font-family: Arial,sans-serif; font-size: 14px; line-height: 17px; margin-bottom: 0; margin-top: 8px; overflow: hidden; padding: 8px 0 7px; text-align: center; text-overflow: ellipsis; white-space: nowrap;\"><a style=\"color: #c9c8cd; font-family: Arial,sans-serif; font-size: 14px; font-style: normal; font-weight: normal; line-height: 17px; text-decoration: none;\" href=\"https:\/\/www.instagram.com\/reel\/Cip5r7dMtGi\/?utm_source=ig_embed&amp;utm_campaign=loading\" target=\"_blank\" rel=\"noopener\">Ein Beitrag geteilt von Camilla Carrier (@familyof5.swiss)<\/a><\/p>\n<\/div>\n<\/blockquote>\n<p><script async=\"\" src=\"\/\/www.instagram.com\/embed.js\"><\/script><\/p>\n<p><!--more--><\/p>\n<h2 style=\"text-align: left;\"> \u00dcberblick \u00fcber die Erfahrung<\/h2>\n<p style=\"left: 0; width: 100%; height: 0; position: relative; padding-bottom: 56.25%;\"><iframe style=\"top: 0; left: 0; width: 100%; height: 100%; position: absolute; border: 0;\" src=\"https:\/\/www.youtube.com\/embed\/17uSuEyQ-Gk?rel=0\" scrolling=\"no\" allowfullscreen=\"allowfullscreen\"><\/iframe><\/p>\n","protected":false},"featured_media":4944,"template":"","meta":{"_acf_changed":false,"_coblocks_attr":"","_coblocks_dimensions":"","_coblocks_responsive_height":"","_coblocks_accordion_ie_support":"","inline_featured_image":false},"product_brand":[],"product_cat":[193],"product_tag":[195],"class_list":{"0":"post-4943","1":"product","2":"type-product","3":"status-publish","4":"has-post-thumbnail","6":"product_cat-unsere-ballonfahrten","7":"product_tag-highlight-de","8":"wcpa_has_options","10":"first","11":"instock","12":"taxable","13":"shipping-taxable","14":"purchasable","15":"product-type-simple"},"acf":[],"yoast_head":"<!-- This site is optimized with the Yoast SEO plugin v26.5 - https:\/\/yoast.com\/wordpress\/plugins\/seo\/ -->\n<title>Ballonfahrt Handicap Schweiz | Ballons du L\u00e9man<\/title>\n<meta name=\"description\" content=\"Taufe im Hei\u00dfluftballon f\u00fcr Menschen mit Behinderungen, um die Magie der Ballonfahrt zu entdecken. G\u00f6nnen Sie sich oder sich selbst ein unvergessliches Erlebnis \u00fcber Weinberge, Seen und die Schweizer Berge.\" \/>\n<meta name=\"robots\" content=\"index, follow, max-snippet:-1, max-image-preview:large, max-video-preview:-1\" \/>\n<link rel=\"canonical\" href=\"https:\/\/www.ballons-du-leman.ch\/de\/ballonfahrten\/ballonfahrt-menschen-mit-behinderungen\/\" \/>\n<meta property=\"og:locale\" content=\"de_DE\" \/>\n<meta property=\"og:type\" content=\"article\" \/>\n<meta property=\"og:title\" content=\"Ballonfahrt Handicap Schweiz | Ballons du L\u00e9man\" \/>\n<meta property=\"og:description\" content=\"Taufe im Hei\u00dfluftballon f\u00fcr Menschen mit Behinderungen, um die Magie der Ballonfahrt zu entdecken. G\u00f6nnen Sie sich oder sich selbst ein unvergessliches Erlebnis \u00fcber Weinberge, Seen und die Schweizer Berge.\" \/>\n<meta property=\"og:url\" content=\"https:\/\/www.ballons-du-leman.ch\/de\/ballonfahrten\/ballonfahrt-menschen-mit-behinderungen\/\" \/>\n<meta property=\"og:site_name\" content=\"Ballons du L\u00e9man\" \/>\n<meta property=\"article:publisher\" content=\"https:\/\/www.facebook.com\/BallonsDuLeman\" \/>\n<meta property=\"article:modified_time\" content=\"2025-12-18T08:44:20+00:00\" \/>\n<meta property=\"og:image\" content=\"https:\/\/www.ballons-du-leman.ch\/wp-content\/uploads\/2024\/10\/Photo-1.jpeg\" \/>\n\t<meta property=\"og:image:width\" content=\"1108\" \/>\n\t<meta property=\"og:image:height\" content=\"1478\" \/>\n\t<meta property=\"og:image:type\" content=\"image\/jpeg\" \/>\n<meta name=\"twitter:card\" content=\"summary_large_image\" \/>\n<!-- \/ Yoast SEO plugin. -->","yoast_head_json":{"title":"Ballonfahrt Handicap Schweiz | Ballons du L\u00e9man","description":"Taufe im Hei\u00dfluftballon f\u00fcr Menschen mit Behinderungen, um die Magie der Ballonfahrt zu entdecken. G\u00f6nnen Sie sich oder sich selbst ein unvergessliches Erlebnis \u00fcber Weinberge, Seen und die Schweizer Berge.","robots":{"index":"index","follow":"follow","max-snippet":"max-snippet:-1","max-image-preview":"max-image-preview:large","max-video-preview":"max-video-preview:-1"},"canonical":"https:\/\/www.ballons-du-leman.ch\/de\/ballonfahrten\/ballonfahrt-menschen-mit-behinderungen\/","og_locale":"de_DE","og_type":"article","og_title":"Ballonfahrt Handicap Schweiz | Ballons du L\u00e9man","og_description":"Taufe im Hei\u00dfluftballon f\u00fcr Menschen mit Behinderungen, um die Magie der Ballonfahrt zu entdecken. G\u00f6nnen Sie sich oder sich selbst ein unvergessliches Erlebnis \u00fcber Weinberge, Seen und die Schweizer Berge.","og_url":"https:\/\/www.ballons-du-leman.ch\/de\/ballonfahrten\/ballonfahrt-menschen-mit-behinderungen\/","og_site_name":"Ballons du L\u00e9man","article_publisher":"https:\/\/www.facebook.com\/BallonsDuLeman","article_modified_time":"2025-12-18T08:44:20+00:00","og_image":[{"width":1108,"height":1478,"url":"https:\/\/www.ballons-du-leman.ch\/wp-content\/uploads\/2024\/10\/Photo-1.jpeg","type":"image\/jpeg"}],"twitter_card":"summary_large_image","schema":{"@context":"https:\/\/schema.org","@graph":[{"@type":"WebPage","@id":"https:\/\/www.ballons-du-leman.ch\/de\/ballonfahrten\/ballonfahrt-menschen-mit-behinderungen\/","url":"https:\/\/www.ballons-du-leman.ch\/de\/ballonfahrten\/ballonfahrt-menschen-mit-behinderungen\/","name":"Ballonfahrt Handicap Schweiz | Ballons du L\u00e9man","isPartOf":{"@id":"https:\/\/www.ballons-du-leman.ch\/de\/#website"},"primaryImageOfPage":{"@id":"https:\/\/www.ballons-du-leman.ch\/de\/ballonfahrten\/ballonfahrt-menschen-mit-behinderungen\/#primaryimage"},"image":{"@id":"https:\/\/www.ballons-du-leman.ch\/de\/ballonfahrten\/ballonfahrt-menschen-mit-behinderungen\/#primaryimage"},"thumbnailUrl":"https:\/\/www.ballons-du-leman.ch\/wp-content\/uploads\/2024\/10\/Photo-1.jpeg","datePublished":"2024-10-08T08:55:45+00:00","dateModified":"2025-12-18T08:44:20+00:00","description":"Taufe im Hei\u00dfluftballon f\u00fcr Menschen mit Behinderungen, um die Magie der Ballonfahrt zu entdecken. G\u00f6nnen Sie sich oder sich selbst ein unvergessliches Erlebnis \u00fcber Weinberge, Seen und die Schweizer Berge.","breadcrumb":{"@id":"https:\/\/www.ballons-du-leman.ch\/de\/ballonfahrten\/ballonfahrt-menschen-mit-behinderungen\/#breadcrumb"},"inLanguage":"de","potentialAction":[{"@type":"ReadAction","target":["https:\/\/www.ballons-du-leman.ch\/de\/ballonfahrten\/ballonfahrt-menschen-mit-behinderungen\/"]}]},{"@type":"ImageObject","inLanguage":"de","@id":"https:\/\/www.ballons-du-leman.ch\/de\/ballonfahrten\/ballonfahrt-menschen-mit-behinderungen\/#primaryimage","url":"https:\/\/www.ballons-du-leman.ch\/wp-content\/uploads\/2024\/10\/Photo-1.jpeg","contentUrl":"https:\/\/www.ballons-du-leman.ch\/wp-content\/uploads\/2024\/10\/Photo-1.jpeg","width":1108,"height":1478,"caption":"Vue d'une nacelle au sol, avec porte ouverte et personne en fauteuil roulant pr\u00eat \u00e0 s'installer dans un si\u00e8ge adapt\u00e9 aux PMR"},{"@type":"BreadcrumbList","@id":"https:\/\/www.ballons-du-leman.ch\/de\/ballonfahrten\/ballonfahrt-menschen-mit-behinderungen\/#breadcrumb","itemListElement":[{"@type":"ListItem","position":1,"name":"Accueil","item":"https:\/\/www.ballons-du-leman.ch\/de\/startseite\/"},{"@type":"ListItem","position":2,"name":"Shop","item":"https:\/\/www.ballons-du-leman.ch\/boutique\/"},{"@type":"ListItem","position":3,"name":"Ballonfahrten f\u00fcr Menschen mit Behinderungen"}]},{"@type":"WebSite","@id":"https:\/\/www.ballons-du-leman.ch\/de\/#website","url":"https:\/\/www.ballons-du-leman.ch\/de\/","name":"Ballons du L\u00e9man","description":"Vols en montgolfi\u00e8re en Suisse","publisher":{"@id":"https:\/\/www.ballons-du-leman.ch\/de\/#organization"},"potentialAction":[{"@type":"SearchAction","target":{"@type":"EntryPoint","urlTemplate":"https:\/\/www.ballons-du-leman.ch\/de\/?s={search_term_string}"},"query-input":{"@type":"PropertyValueSpecification","valueRequired":true,"valueName":"search_term_string"}}],"inLanguage":"de"},{"@type":"Organization","@id":"https:\/\/www.ballons-du-leman.ch\/de\/#organization","name":"Ballons du L\u00e9man","url":"https:\/\/www.ballons-du-leman.ch\/de\/","logo":{"@type":"ImageObject","inLanguage":"de","@id":"https:\/\/www.ballons-du-leman.ch\/de\/#\/schema\/logo\/image\/","url":"https:\/\/www.ballons-du-leman.ch\/wp-content\/uploads\/2024\/02\/logo-ballons-du-leman.png","contentUrl":"https:\/\/www.ballons-du-leman.ch\/wp-content\/uploads\/2024\/02\/logo-ballons-du-leman.png","width":868,"height":868,"caption":"Ballons du L\u00e9man"},"image":{"@id":"https:\/\/www.ballons-du-leman.ch\/de\/#\/schema\/logo\/image\/"},"sameAs":["https:\/\/www.facebook.com\/BallonsDuLeman","https:\/\/www.youtube.com\/channel\/UCnBvk8L2WR7TIB8RnaKCdBw","https:\/\/www.instagram.com\/ballonsduleman"]}]}},"wcpa_form_fields":{"wcpaData":{"product":{"product_price":0,"price_html":"<span class=\"woocommerce-Price-amount amount\"><bdi><span class=\"woocommerce-Price-currencySymbol\">&#67;&#72;&#70;<\/span>&nbsp;<span class=\"price-value\">0.-<\/bdi><\/span><\/span>","original_product_price":0,"price_including_tax":0,"price_excluding_tax":0,"product_id":{"parent":4943,"variation":false},"is_variable":false,"stock_status":"instock","stock_quantity":null,"parent_sku":"","product_attributes":[],"custom_fields":[],"is_taxable":true,"product_name":"Ballonfahrten f\u00fcr Menschen mit Behinderungen","hasImage":false},"fields":{"sec_66704f3e20651b":{"extra":{"key":"sec_66704f3e20651b","section_id":"sec_66704f3e20651b","name":"Default","status":1,"cl_rule":"show","enableCl":false,"relations":[],"toggle":true,"title_tag":"h3","show_title":false,"showPrice":"default","className":"","form_id":4982,"form_rules":{"exclude_from_discount":false,"fee_label":"Fee","disp_hide_options_price":true,"disp_show_section_price":false,"disp_show_field_price":false,"layout_option":"standard","pric_use_as_fee":false,"process_fee_as":"woo_fee"},"layout_option":"standard"},"fields":[[{"active":true,"col":5,"relations":false,"cl_rule":"show","enableCl":false,"price":"","enablePrice":false,"className":"","label_position":"default","desc_position":"default","type":"header","required":false,"elementId":"header_16704f3e206539","label":"W\u00e4hlen Sie die gew\u00fcnschte Anzahl an Tickets aus","subtype":"h3","error":false,"gt_translate_keys":["label"],"price_dependency":false,"cl_dependency":false,"value":""}],[{"active":true,"col":4,"relations":false,"cl_rule":"show","enableCl":false,"price":"","enablePrice":false,"className":"","label_position":"default","desc_position":"default","type":"header","required":false,"elementId":"header_76704f3e206543","label":"Person mit Behinderung","subtype":"h4","error":false,"gt_translate_keys":["label"],"price_dependency":false,"cl_dependency":false,"value":""},{"active":true,"col":1,"relations":false,"cl_rule":"show","enableCl":false,"price":"(({field.select_56704f3e20654b.value}+{field.select_56704f3e206559.value}>=6)?(({field.select_56704f3e20654b.value}+{field.select_56704f3e206559.value})*299):\n(({field.select_56704f3e20654b.value}+{field.select_56704f3e206559.value}>=5)?(({field.select_56704f3e20654b.value}+{field.select_56704f3e206559.value})*335):\n(({field.select_56704f3e20654b.value}+{field.select_56704f3e206559.value}>=4)?(({field.select_56704f3e20654b.value}+{field.select_56704f3e206559.value})*345):\n(({field.select_56704f3e20654b.value}+{field.select_56704f3e206559.value}>=3)?(({field.select_56704f3e20654b.value}+{field.select_56704f3e206559.value})*355):\n(({field.select_56704f3e20654b.value}+{field.select_56704f3e206559.value}>=2)?(({field.select_56704f3e20654b.value}+{field.select_56704f3e206559.value})*365):\n(({field.select_56704f3e20654b.value}+{field.select_56704f3e206559.value})*375))))))","enablePrice":true,"className":"","label_position":"disable","desc_position":"disable","type":"select","required":false,"elementId":"select_56704f3e20654b","label":"Person mit Behinderung","name":"select_56704f3e20654b","values":[{"label":"1","value":"1","selected":true,"tempId":"aco_292","price":"375","gt_translate_keys":["label"]},{"label":"2","value":"2","selected":false,"tempId":"aco_293","price":"365","gt_translate_keys":["label"]}],"dropdown_type":"basic","error":false,"priceOptions":"fixed_for_all","pricingType":"custom","description":"","enableDesign":false,"isTemplate":false,"formulaId":"fmla_1728378108862461522","repeater_field_label":"{field_label}","quantity_label":"Quantity","gt_translate_keys":["label","description","repeater_field_label","quantity_label"],"price_dependency":["select_56704f3e20654b"],"cl_dependency":false,"value":""}],[{"label":"Begleitperson","active":true,"elementId":"header_46704f3e206552","className":"","subtype":"h4","enableCl":false,"relations":false,"cl_rule":"show","col":4,"type":"header","error":false,"gt_translate_keys":["label"],"price_dependency":false,"cl_dependency":false,"value":""},{"label":"Begleitperson","active":true,"required":false,"elementId":"select_56704f3e206559","dropdown_type":"basic","name":"select_56704f3e206559","label_position":"disable","desc_position":"disable","enablePrice":true,"className":"","enableCl":false,"relations":false,"values":[{"label":"1","value":"1","selected":true,"tempId":"aco_292","price":"199","gt_translate_keys":["label"]},{"label":"2","value":"2","selected":false,"tempId":"aco_293","price":"199","gt_translate_keys":["label"]},{"label":"3","value":"3","selected":false,"tempId":"aco_294","price":"199","gt_translate_keys":["label"]},{"label":"4","value":"4","selected":false,"tempId":"aco_367","price":"199","gt_translate_keys":["label"]},{"label":"5","value":"5","selected":false,"tempId":"aco_460","gt_translate_keys":["label"]},{"label":"6","value":"6","selected":false,"tempId":"aco_470","gt_translate_keys":["label"]},{"label":"7","value":"7","selected":false,"tempId":"aco_516","gt_translate_keys":["label"]},{"label":"8","value":"8","selected":false,"tempId":"aco_526","gt_translate_keys":["label"]}],"priceOptions":"fixed_for_all","pricingType":"fixed","price":"0","cl_rule":"show","col":1,"type":"select","error":false,"isTemplate":false,"formulaId":"fmla_1728378108862461522","repeater_field_label":"{field_label}","quantity_label":"Quantity","gt_translate_keys":["label","repeater_field_label","quantity_label"],"price_dependency":["select_56704f3e20654b"],"cl_dependency":false,"value":""}],[{"active":true,"col":5,"relations":false,"cl_rule":"show","enableCl":false,"price":"","enablePrice":true,"className":"option-billet-papier","label_position":"default","desc_position":"default","type":"radio-group","required":false,"elementId":"radio-group_56704f3e206571","label":"Art des Tickets","name":"radio-group_56704f3e206571","values":[{"label":"Elektronisches Ticket (kostenlos)","value":"billet-electronique","selected":true,"tempId":"aco_1823","gt_translate_keys":["label"]},{"label":"Geschenkverpackung (9 CHF)","value":"billet-papier","selected":false,"tempId":"aco_1824","price":"9","tooltip":"Erhalten Sie Ihre Tickets in einer Geschenkverpackung, die Sie direkt verschenken k\u00f6nnen.","gt_translate_keys":["label","tooltip"]}],"layOut":"inline","error":false,"checkUi":"","priceOptions":"different_for_all","pricingType":"fixed","options_tooltip":true,"enableDesign":false,"repeater_field_label":"{field_label}","quantity_label":"Quantity","gt_translate_keys":["label","repeater_field_label","quantity_label"],"price_dependency":false,"cl_dependency":false,"value":""}]]}},"config":{"price_override":"","enable_recaptcha":false,"bind_quantity":false,"quantity_bind_formula":false,"disp_summ_show_option_price":false,"disp_summ_show_product_price":false,"disp_summ_show_total_price":true,"disp_summ_show_fee":false,"disp_summ_show_discount":false,"summary_title":"","options_total_label":"Options Price","total_label":"Total","options_product_label":"Product Price","fee_label":"Fee","discount_label":"Discount","has_price":true,"has_quantity_formula":false},"mc_unit":1,"tax_rate":1,"tax_rate_real":0.081,"discount":{"percentage":0,"fixed":0},"design":{"conf":{"LabelPosition":"above","DescPosition":"below","UploadField":"custom_1","QuantityFieldStyle":"custom_1"},"css":{"LeftLabelWidth":"250px"}},"formulas":{"fmla_1728378108862461522":"((({field.select_56704f3e20654b.value}+{field.select_56704f3e206559.value})>=6)?(({field.select_56704f3e20654b.value}+{field.select_56704f3e206559.value})*299):((({field.select_56704f3e20654b.value}+{field.select_56704f3e206559.value})>=5)?(({field.select_56704f3e20654b.value}+{field.select_56704f3e206559.value})*335):((({field.select_56704f3e20654b.value}+{field.select_56704f3e206559.value})>=4)?(({field.select_56704f3e20654b.value}+{field.select_56704f3e206559.value})*345):((({field.select_56704f3e20654b.value}+{field.select_56704f3e206559.value})>=3)?(({field.select_56704f3e20654b.value}+{field.select_56704f3e206559.value})*355):((({field.select_56704f3e20654b.value}+{field.select_56704f3e206559.value})>=2)?(({field.select_56704f3e20654b.value}+{field.select_56704f3e206559.value})*365):(({field.select_56704f3e20654b.value}+{field.select_56704f3e206559.value})*375))))))"},"lookuptables":[],"clones":false,"cartKey":false}},"_links":{"self":[{"href":"https:\/\/www.ballons-du-leman.ch\/de\/wp-json\/wp\/v2\/product\/4943","targetHints":{"allow":["GET"]}}],"collection":[{"href":"https:\/\/www.ballons-du-leman.ch\/de\/wp-json\/wp\/v2\/product"}],"about":[{"href":"https:\/\/www.ballons-du-leman.ch\/de\/wp-json\/wp\/v2\/types\/product"}],"wp:featuredmedia":[{"embeddable":true,"href":"https:\/\/www.ballons-du-leman.ch\/de\/wp-json\/wp\/v2\/media\/4944"}],"wp:attachment":[{"href":"https:\/\/www.ballons-du-leman.ch\/de\/wp-json\/wp\/v2\/media?parent=4943"}],"wp:term":[{"taxonomy":"product_brand","embeddable":true,"href":"https:\/\/www.ballons-du-leman.ch\/de\/wp-json\/wp\/v2\/product_brand?post=4943"},{"taxonomy":"product_cat","embeddable":true,"href":"https:\/\/www.ballons-du-leman.ch\/de\/wp-json\/wp\/v2\/product_cat?post=4943"},{"taxonomy":"product_tag","embeddable":true,"href":"https:\/\/www.ballons-du-leman.ch\/de\/wp-json\/wp\/v2\/product_tag?post=4943"}],"curies":[{"name":"wp","href":"https:\/\/api.w.org\/{rel}","templated":true}]}}