{"id":4915,"date":"2024-01-09T12:28:48","date_gmt":"2024-01-09T12:28:48","guid":{"rendered":"https:\/\/www.ballons-du-leman.ch\/produit\/verlaengerung-der-gueltigkeitsdauer-auf-48-monate\/"},"modified":"2026-04-07T18:11:10","modified_gmt":"2026-04-07T18:11:10","slug":"verlaengerung-der-gueltigkeitsdauer-auf-48-monate","status":"publish","type":"product","link":"https:\/\/www.ballons-du-leman.ch\/de\/ballonfahrten\/verlaengerung-der-gueltigkeitsdauer-auf-48-monate\/","title":{"rendered":"Verl\u00e4ngerung der G\u00fcltigkeitsdauer auf 48 Monate"},"content":{"rendered":"<p>Diese Option erm\u00f6glicht es Ticketinhabern, die G\u00fcltigkeit ihres Tickets um zwei weitere Jahre zu verl\u00e4ngern, sodass sich die Gesamtg\u00fcltigkeitsdauer auf vier Jahre bel\u00e4uft. Es ist ideal f\u00fcr alle, die bei der Wahl des Datums ihrer Heissluftballonfahrt mehr Flexibilit\u00e4t w\u00fcnschen und sich nicht hetzen lassen wollen. <\/p>\n<p><strong>Falls Sie ein bereits vorhandenes Ticket verl\u00e4ngern m\u00f6chten, geben Sie bitte dessen Nummer im Feld \u201eBestellhinweise\u201c bei der Best\u00e4tigung der Bestellung an.<\/strong><\/p>\n<p>Die Verl\u00e4ngerung kann vor oder nach Ablauf der urspr\u00fcnglichen zweij\u00e4hrigen G\u00fcltigkeitsdauer erworben werden. F\u00fcr jedes Ticket ist eine separate Verl\u00e4ngerung erforderlich. W\u00e4hlen Sie daher beim Hinzuf\u00fcgen der Tickets zu Ihrem Warenkorb unbedingt die genaue Anzahl der zu verl\u00e4ngernden Tickets aus. <\/p>\n<p>Der Vorgang ist einfach: Legen Sie die Erweiterung in Ihren Warenkorb, gehen Sie zur Kasse und Sie erhalten eine Best\u00e4tigungs-E-Mail. Diese E-Mail enth\u00e4lt das neue Ablaufdatum und die Rechnung als Anhang, sodass Sie Ihre Erweiterung jederzeit im Blick haben. <\/p>\n<p>Mit dieser Option k\u00f6nnen Sie Ihre Heissluftballonfahrt v\u00f6llig unbesorgt genie\u00dfen, indem Sie Ihr Erlebnis bis zu 4 Jahre nach dem urspr\u00fcnglichen Kauf planen.<\/p>\n","protected":false},"excerpt":{"rendered":"<p>Diese Option erm\u00f6glicht es Ticketinhabern, die G\u00fcltigkeit ihres Tickets um zwei weitere Jahre zu verl\u00e4ngern, sodass sich die Gesamtg\u00fcltigkeitsdauer auf vier Jahre bel\u00e4uft. Es ist ideal f\u00fcr alle, die bei der Wahl des Datums ihrer Heissluftballonfahrt mehr Flexibilit\u00e4t w\u00fcnschen und sich nicht hetzen lassen wollen. Falls Sie ein bereits vorhandenes Ticket verl\u00e4ngern m\u00f6chten, geben Sie [&hellip;]<\/p>\n","protected":false},"featured_media":4916,"template":"","meta":{"_acf_changed":false,"_coblocks_attr":"","_coblocks_dimensions":"","_coblocks_responsive_height":"","_coblocks_accordion_ie_support":"","inline_featured_image":false},"product_brand":[],"product_cat":[197],"product_tag":[],"class_list":{"0":"post-4915","1":"product","2":"type-product","3":"status-publish","4":"has-post-thumbnail","6":"product_cat-optionen","8":"first","9":"instock","10":"taxable","11":"shipping-taxable","12":"purchasable","13":"product-type-simple"},"acf":[],"yoast_head":"<!-- This site is optimized with the Yoast SEO plugin v26.5 - https:\/\/yoast.com\/wordpress\/plugins\/seo\/ -->\n<title>Verl\u00e4ngerung der G\u00fcltigkeitsdauer auf 48 Monate | Ballons du L\u00e9man<\/title>\n<meta name=\"robots\" content=\"noindex, follow\" \/>\n<meta property=\"og:locale\" content=\"de_DE\" \/>\n<meta property=\"og:type\" content=\"article\" \/>\n<meta property=\"og:title\" content=\"Verl\u00e4ngerung der G\u00fcltigkeitsdauer auf 48 Monate | Ballons du L\u00e9man\" \/>\n<meta property=\"og:description\" content=\"Diese Option erm\u00f6glicht es Ticketinhabern, die G\u00fcltigkeit ihres Tickets um zwei weitere Jahre zu verl\u00e4ngern, sodass sich die Gesamtg\u00fcltigkeitsdauer auf vier Jahre bel\u00e4uft. Es ist ideal f\u00fcr alle, die bei der Wahl des Datums ihrer Heissluftballonfahrt mehr Flexibilit\u00e4t w\u00fcnschen und sich nicht hetzen lassen wollen. Falls Sie ein bereits vorhandenes Ticket verl\u00e4ngern m\u00f6chten, geben Sie [&hellip;]\" \/>\n<meta property=\"og:url\" content=\"https:\/\/www.ballons-du-leman.ch\/de\/ballonfahrten\/verlaengerung-der-gueltigkeitsdauer-auf-48-monate\/\" \/>\n<meta property=\"og:site_name\" content=\"Ballons du L\u00e9man\" \/>\n<meta property=\"article:publisher\" content=\"https:\/\/www.facebook.com\/BallonsDuLeman\" \/>\n<meta property=\"article:modified_time\" content=\"2026-04-07T18:11:10+00:00\" \/>\n<meta property=\"og:image\" content=\"https:\/\/www.ballons-du-leman.ch\/wp-content\/uploads\/2024\/01\/vol-montgolfiere-annecy-mont-blanc-alpes-2-1536x863-1.jpg\" \/>\n\t<meta property=\"og:image:width\" content=\"1536\" \/>\n\t<meta property=\"og:image:height\" content=\"863\" \/>\n\t<meta property=\"og:image:type\" content=\"image\/jpeg\" \/>\n<meta name=\"twitter:card\" content=\"summary_large_image\" \/>\n<meta name=\"twitter:label1\" content=\"Gesch\u00e4tzte Lesezeit\" \/>\n\t<meta name=\"twitter:data1\" content=\"1\u00a0Minute\" \/>\n<!-- \/ Yoast SEO plugin. -->","yoast_head_json":{"title":"Verl\u00e4ngerung der G\u00fcltigkeitsdauer auf 48 Monate | Ballons du L\u00e9man","robots":{"index":"noindex","follow":"follow"},"og_locale":"de_DE","og_type":"article","og_title":"Verl\u00e4ngerung der G\u00fcltigkeitsdauer auf 48 Monate | Ballons du L\u00e9man","og_description":"Diese Option erm\u00f6glicht es Ticketinhabern, die G\u00fcltigkeit ihres Tickets um zwei weitere Jahre zu verl\u00e4ngern, sodass sich die Gesamtg\u00fcltigkeitsdauer auf vier Jahre bel\u00e4uft. Es ist ideal f\u00fcr alle, die bei der Wahl des Datums ihrer Heissluftballonfahrt mehr Flexibilit\u00e4t w\u00fcnschen und sich nicht hetzen lassen wollen. Falls Sie ein bereits vorhandenes Ticket verl\u00e4ngern m\u00f6chten, geben Sie [&hellip;]","og_url":"https:\/\/www.ballons-du-leman.ch\/de\/ballonfahrten\/verlaengerung-der-gueltigkeitsdauer-auf-48-monate\/","og_site_name":"Ballons du L\u00e9man","article_publisher":"https:\/\/www.facebook.com\/BallonsDuLeman","article_modified_time":"2026-04-07T18:11:10+00:00","og_image":[{"width":1536,"height":863,"url":"https:\/\/www.ballons-du-leman.ch\/wp-content\/uploads\/2024\/01\/vol-montgolfiere-annecy-mont-blanc-alpes-2-1536x863-1.jpg","type":"image\/jpeg"}],"twitter_card":"summary_large_image","twitter_misc":{"Gesch\u00e4tzte Lesezeit":"1\u00a0Minute"},"schema":{"@context":"https:\/\/schema.org","@graph":[{"@type":"WebPage","@id":"https:\/\/www.ballons-du-leman.ch\/de\/ballonfahrten\/verlaengerung-der-gueltigkeitsdauer-auf-48-monate\/","url":"https:\/\/www.ballons-du-leman.ch\/de\/ballonfahrten\/verlaengerung-der-gueltigkeitsdauer-auf-48-monate\/","name":"Verl\u00e4ngerung der G\u00fcltigkeitsdauer auf 48 Monate | Ballons du L\u00e9man","isPartOf":{"@id":"https:\/\/www.ballons-du-leman.ch\/de\/#website"},"primaryImageOfPage":{"@id":"https:\/\/www.ballons-du-leman.ch\/de\/ballonfahrten\/verlaengerung-der-gueltigkeitsdauer-auf-48-monate\/#primaryimage"},"image":{"@id":"https:\/\/www.ballons-du-leman.ch\/de\/ballonfahrten\/verlaengerung-der-gueltigkeitsdauer-auf-48-monate\/#primaryimage"},"thumbnailUrl":"https:\/\/www.ballons-du-leman.ch\/wp-content\/uploads\/2024\/01\/extension.svg","datePublished":"2024-01-09T12:28:48+00:00","dateModified":"2026-04-07T18:11:10+00:00","breadcrumb":{"@id":"https:\/\/www.ballons-du-leman.ch\/de\/ballonfahrten\/verlaengerung-der-gueltigkeitsdauer-auf-48-monate\/#breadcrumb"},"inLanguage":"de","potentialAction":[{"@type":"ReadAction","target":["https:\/\/www.ballons-du-leman.ch\/de\/ballonfahrten\/verlaengerung-der-gueltigkeitsdauer-auf-48-monate\/"]}]},{"@type":"ImageObject","inLanguage":"de","@id":"https:\/\/www.ballons-du-leman.ch\/de\/ballonfahrten\/verlaengerung-der-gueltigkeitsdauer-auf-48-monate\/#primaryimage","url":"https:\/\/www.ballons-du-leman.ch\/wp-content\/uploads\/2024\/01\/extension.svg","contentUrl":"https:\/\/www.ballons-du-leman.ch\/wp-content\/uploads\/2024\/01\/extension.svg","width":88,"height":101},{"@type":"BreadcrumbList","@id":"https:\/\/www.ballons-du-leman.ch\/de\/ballonfahrten\/verlaengerung-der-gueltigkeitsdauer-auf-48-monate\/#breadcrumb","itemListElement":[{"@type":"ListItem","position":1,"name":"Accueil","item":"https:\/\/www.ballons-du-leman.ch\/de\/startseite\/"},{"@type":"ListItem","position":2,"name":"Shop","item":"https:\/\/www.ballons-du-leman.ch\/boutique\/"},{"@type":"ListItem","position":3,"name":"Verl\u00e4ngerung der G\u00fcltigkeitsdauer auf 48 Monate"}]},{"@type":"WebSite","@id":"https:\/\/www.ballons-du-leman.ch\/de\/#website","url":"https:\/\/www.ballons-du-leman.ch\/de\/","name":"Ballons du L\u00e9man","description":"Vols en montgolfi\u00e8re en Suisse","publisher":{"@id":"https:\/\/www.ballons-du-leman.ch\/de\/#organization"},"potentialAction":[{"@type":"SearchAction","target":{"@type":"EntryPoint","urlTemplate":"https:\/\/www.ballons-du-leman.ch\/de\/?s={search_term_string}"},"query-input":{"@type":"PropertyValueSpecification","valueRequired":true,"valueName":"search_term_string"}}],"inLanguage":"de"},{"@type":"Organization","@id":"https:\/\/www.ballons-du-leman.ch\/de\/#organization","name":"Ballons du L\u00e9man","url":"https:\/\/www.ballons-du-leman.ch\/de\/","logo":{"@type":"ImageObject","inLanguage":"de","@id":"https:\/\/www.ballons-du-leman.ch\/de\/#\/schema\/logo\/image\/","url":"https:\/\/www.ballons-du-leman.ch\/wp-content\/uploads\/2024\/02\/logo-ballons-du-leman.png","contentUrl":"https:\/\/www.ballons-du-leman.ch\/wp-content\/uploads\/2024\/02\/logo-ballons-du-leman.png","width":868,"height":868,"caption":"Ballons du L\u00e9man"},"image":{"@id":"https:\/\/www.ballons-du-leman.ch\/de\/#\/schema\/logo\/image\/"},"sameAs":["https:\/\/www.facebook.com\/BallonsDuLeman","https:\/\/www.youtube.com\/channel\/UCnBvk8L2WR7TIB8RnaKCdBw","https:\/\/www.instagram.com\/ballonsduleman"]}]}},"wcpa_form_fields":null,"_links":{"self":[{"href":"https:\/\/www.ballons-du-leman.ch\/de\/wp-json\/wp\/v2\/product\/4915","targetHints":{"allow":["GET"]}}],"collection":[{"href":"https:\/\/www.ballons-du-leman.ch\/de\/wp-json\/wp\/v2\/product"}],"about":[{"href":"https:\/\/www.ballons-du-leman.ch\/de\/wp-json\/wp\/v2\/types\/product"}],"wp:featuredmedia":[{"embeddable":true,"href":"https:\/\/www.ballons-du-leman.ch\/de\/wp-json\/wp\/v2\/media\/4916"}],"wp:attachment":[{"href":"https:\/\/www.ballons-du-leman.ch\/de\/wp-json\/wp\/v2\/media?parent=4915"}],"wp:term":[{"taxonomy":"product_brand","embeddable":true,"href":"https:\/\/www.ballons-du-leman.ch\/de\/wp-json\/wp\/v2\/product_brand?post=4915"},{"taxonomy":"product_cat","embeddable":true,"href":"https:\/\/www.ballons-du-leman.ch\/de\/wp-json\/wp\/v2\/product_cat?post=4915"},{"taxonomy":"product_tag","embeddable":true,"href":"https:\/\/www.ballons-du-leman.ch\/de\/wp-json\/wp\/v2\/product_tag?post=4915"}],"curies":[{"name":"wp","href":"https:\/\/api.w.org\/{rel}","templated":true}]}}