{"id":4905,"date":"2024-01-03T15:22:30","date_gmt":"2024-01-03T15:22:30","guid":{"rendered":"https:\/\/www.ballons-du-leman.ch\/produit\/ueberquerung-der-alpen\/"},"modified":"2026-04-17T09:00:45","modified_gmt":"2026-04-17T09:00:45","slug":"alpenueberquerung","status":"publish","type":"product","link":"https:\/\/www.ballons-du-leman.ch\/de\/ballonfahrten\/alpenueberquerung\/","title":{"rendered":"Alpen\u00fcberquerung"},"content":{"rendered":"<div class=\"img\"><img loading=\"lazy\" decoding=\"async\" class=\"alignnone wp-image-612 \" src=\"https:\/\/www.ballons-du-leman.ch\/wp-content\/uploads\/2024\/01\/picto_suisse-259x300-1-150x150.webp\" alt=\"\" width=\"45\" height=\"45\" srcset=\"https:\/\/www.ballons-du-leman.ch\/wp-content\/uploads\/2024\/01\/picto_suisse-259x300-1-150x150.webp 150w, https:\/\/www.ballons-du-leman.ch\/wp-content\/uploads\/2024\/01\/picto_suisse-259x300-1-100x100.webp 100w\" sizes=\"auto, (max-width: 45px) 100vw, 45px\" \/><\/div>\n","protected":false},"excerpt":{"rendered":"[gallery id=\"ef1eabe348\"]\n<p>&nbsp;<\/p>\n<h2 style=\"text-align: left;\">Beschreibung des Fluges<\/h2>\n<p>&nbsp;<\/p>\n<p>Langstrecken Ballonfahrt in freier Luft, auf \u00fcber 5000 Meter! Von den Alpen aus bringt Sie der Ballon \u00fcber die Gipfel&#8230; Frei wie ein Vogel, der fast den Schnee an den H\u00e4ngen streifen kann. Machen Sie sich auf die Suche nach den h\u00f6chsten Gipfeln und atmen Sie die frische H\u00f6henluft ein. Von diesem einzigartigen Balkon aus werden Sie die Natur aus einem ganz anderen Blickwinkel geniessen!<br \/>\nJe nach Tagesbedingungen werden wir einen H\u00f6henflug in mehreren tausend Metern \u00fcber den Alpengipfeln durchf\u00fchren. Entdecken Sie die sch\u00f6nsten schneebedeckten Berge und aussergew\u00f6hnlichen Gletscher von einem 360\u00b0-Balkon aus. In einer H\u00f6he von \u00fcber 5000m werden Sie atemberaubende Landschaften bewundern k\u00f6nnen.<\/p>\n<p>Der Abflugort wird 48 bis 72 Stunden vor dem Flugtag je nach Wettervorhersage ausgew\u00e4hlt.<br \/>\nIhr erfahrener Pilot wird an Bord von einem Besatzungsmitglied unterst\u00fctzt, um Ihren Komfort und<br \/>\nIhre Sicherheit zu gew\u00e4hrleisten.<\/p>\n<p>Nach unserem Aufstieg werden wir unseren Flug in der besten Tradition der Luftfahrt feiern&#8230; Und das alles vor einem wohlverdienten Essen in einem ausgew\u00e4hlten Restaurant in der N\u00e4he unseres Landeplatzes.<\/p>\n<h2 id=\"video\" style=\"text-align: left;\">\u00dcberblick \u00fcber die Erfahrungen mit BALLONS du LEMAN<\/h2>\n[embed]https:\/\/www.ballons-du-leman.ch\/wp-content\/uploads\/2024\/01\/vol_montgolfiere_la_traversee_des_alpes_a_6000_m_daltitude-1.mp4[\/embed]\n","protected":false},"featured_media":4909,"template":"","meta":{"_acf_changed":false,"_coblocks_attr":"","_coblocks_dimensions":"","_coblocks_responsive_height":"","_coblocks_accordion_ie_support":"","inline_featured_image":false},"product_brand":[],"product_cat":[194,193],"product_tag":[195],"class_list":{"0":"post-4905","1":"product","2":"type-product","3":"status-publish","4":"has-post-thumbnail","6":"product_cat-abenteuer-ballonfahrten","7":"product_cat-unsere-ballonfahrten","8":"product_tag-highlight-de","9":"wcpa_has_options","11":"first","12":"instock","13":"taxable","14":"shipping-taxable","15":"purchasable","16":"product-type-simple"},"acf":[],"yoast_head":"<!-- This site is optimized with the Yoast SEO plugin v26.5 - https:\/\/yoast.com\/wordpress\/plugins\/seo\/ -->\n<title>Alpen\u00fcberquerung im Heissluftballon | Ballons du L\u00e9man<\/title>\n<meta name=\"description\" content=\"Begeben Sie sich auf eine Alpen\u00fcberquerung im Hei\u00dfluftballon: 3-4 Stunden Flug in \u00fcber 5000 m H\u00f6he, mit Sauerstoff, Mahlzeiten in Italien. Extremes Abenteuer das ganze Jahr \u00fcber. Buchen Sie!\" \/>\n<meta name=\"robots\" content=\"index, follow, max-snippet:-1, max-image-preview:large, max-video-preview:-1\" \/>\n<link rel=\"canonical\" href=\"https:\/\/www.ballons-du-leman.ch\/de\/ballonfahrten\/alpenueberquerung\/\" \/>\n<meta property=\"og:locale\" content=\"de_DE\" \/>\n<meta property=\"og:type\" content=\"article\" \/>\n<meta property=\"og:title\" content=\"Alpen\u00fcberquerung im Heissluftballon | Ballons du L\u00e9man\" \/>\n<meta property=\"og:description\" content=\"Begeben Sie sich auf eine Alpen\u00fcberquerung im Hei\u00dfluftballon: 3-4 Stunden Flug in \u00fcber 5000 m H\u00f6he, mit Sauerstoff, Mahlzeiten in Italien. Extremes Abenteuer das ganze Jahr \u00fcber. Buchen Sie!\" \/>\n<meta property=\"og:url\" content=\"https:\/\/www.ballons-du-leman.ch\/de\/ballonfahrten\/alpenueberquerung\/\" \/>\n<meta property=\"og:site_name\" content=\"Ballons du L\u00e9man\" \/>\n<meta property=\"article:publisher\" content=\"https:\/\/www.facebook.com\/BallonsDuLeman\" \/>\n<meta property=\"article:modified_time\" content=\"2026-04-17T09:00:45+00:00\" \/>\n<meta property=\"og:image\" content=\"https:\/\/www.ballons-du-leman.ch\/wp-content\/uploads\/2024\/01\/Mont-Blanc-scaled.jpg\" \/>\n\t<meta property=\"og:image:width\" content=\"2560\" \/>\n\t<meta property=\"og:image:height\" content=\"1920\" \/>\n\t<meta property=\"og:image:type\" content=\"image\/jpeg\" \/>\n<meta name=\"twitter:card\" content=\"summary_large_image\" \/>\n<!-- \/ Yoast SEO plugin. -->","yoast_head_json":{"title":"Alpen\u00fcberquerung im Heissluftballon | Ballons du L\u00e9man","description":"Begeben Sie sich auf eine Alpen\u00fcberquerung im Hei\u00dfluftballon: 3-4 Stunden Flug in \u00fcber 5000 m H\u00f6he, mit Sauerstoff, Mahlzeiten in Italien. Extremes Abenteuer das ganze Jahr \u00fcber. Buchen Sie!","robots":{"index":"index","follow":"follow","max-snippet":"max-snippet:-1","max-image-preview":"max-image-preview:large","max-video-preview":"max-video-preview:-1"},"canonical":"https:\/\/www.ballons-du-leman.ch\/de\/ballonfahrten\/alpenueberquerung\/","og_locale":"de_DE","og_type":"article","og_title":"Alpen\u00fcberquerung im Heissluftballon | Ballons du L\u00e9man","og_description":"Begeben Sie sich auf eine Alpen\u00fcberquerung im Hei\u00dfluftballon: 3-4 Stunden Flug in \u00fcber 5000 m H\u00f6he, mit Sauerstoff, Mahlzeiten in Italien. Extremes Abenteuer das ganze Jahr \u00fcber. Buchen Sie!","og_url":"https:\/\/www.ballons-du-leman.ch\/de\/ballonfahrten\/alpenueberquerung\/","og_site_name":"Ballons du L\u00e9man","article_publisher":"https:\/\/www.facebook.com\/BallonsDuLeman","article_modified_time":"2026-04-17T09:00:45+00:00","og_image":[{"width":2560,"height":1920,"url":"https:\/\/www.ballons-du-leman.ch\/wp-content\/uploads\/2024\/01\/Mont-Blanc-scaled.jpg","type":"image\/jpeg"}],"twitter_card":"summary_large_image","schema":{"@context":"https:\/\/schema.org","@graph":[{"@type":"WebPage","@id":"https:\/\/www.ballons-du-leman.ch\/de\/ballonfahrten\/alpenueberquerung\/","url":"https:\/\/www.ballons-du-leman.ch\/de\/ballonfahrten\/alpenueberquerung\/","name":"Alpen\u00fcberquerung im Heissluftballon | Ballons du L\u00e9man","isPartOf":{"@id":"https:\/\/www.ballons-du-leman.ch\/de\/#website"},"primaryImageOfPage":{"@id":"https:\/\/www.ballons-du-leman.ch\/de\/ballonfahrten\/alpenueberquerung\/#primaryimage"},"image":{"@id":"https:\/\/www.ballons-du-leman.ch\/de\/ballonfahrten\/alpenueberquerung\/#primaryimage"},"thumbnailUrl":"https:\/\/www.ballons-du-leman.ch\/wp-content\/uploads\/2024\/01\/Mont-Blanc-scaled.jpg","datePublished":"2024-01-03T15:22:30+00:00","dateModified":"2026-04-17T09:00:45+00:00","description":"Begeben Sie sich auf eine Alpen\u00fcberquerung im Hei\u00dfluftballon: 3-4 Stunden Flug in \u00fcber 5000 m H\u00f6he, mit Sauerstoff, Mahlzeiten in Italien. Extremes Abenteuer das ganze Jahr \u00fcber. Buchen Sie!","breadcrumb":{"@id":"https:\/\/www.ballons-du-leman.ch\/de\/ballonfahrten\/alpenueberquerung\/#breadcrumb"},"inLanguage":"de","potentialAction":[{"@type":"ReadAction","target":["https:\/\/www.ballons-du-leman.ch\/de\/ballonfahrten\/alpenueberquerung\/"]}]},{"@type":"ImageObject","inLanguage":"de","@id":"https:\/\/www.ballons-du-leman.ch\/de\/ballonfahrten\/alpenueberquerung\/#primaryimage","url":"https:\/\/www.ballons-du-leman.ch\/wp-content\/uploads\/2024\/01\/Mont-Blanc-scaled.jpg","contentUrl":"https:\/\/www.ballons-du-leman.ch\/wp-content\/uploads\/2024\/01\/Mont-Blanc-scaled.jpg","width":2560,"height":1920,"caption":"Panorama de montagnes enneig\u00e9es"},{"@type":"BreadcrumbList","@id":"https:\/\/www.ballons-du-leman.ch\/de\/ballonfahrten\/alpenueberquerung\/#breadcrumb","itemListElement":[{"@type":"ListItem","position":1,"name":"Accueil","item":"https:\/\/www.ballons-du-leman.ch\/de\/startseite\/"},{"@type":"ListItem","position":2,"name":"Shop","item":"https:\/\/www.ballons-du-leman.ch\/boutique\/"},{"@type":"ListItem","position":3,"name":"Alpen\u00fcberquerung"}]},{"@type":"WebSite","@id":"https:\/\/www.ballons-du-leman.ch\/de\/#website","url":"https:\/\/www.ballons-du-leman.ch\/de\/","name":"Ballons du L\u00e9man","description":"Vols en montgolfi\u00e8re en Suisse","publisher":{"@id":"https:\/\/www.ballons-du-leman.ch\/de\/#organization"},"potentialAction":[{"@type":"SearchAction","target":{"@type":"EntryPoint","urlTemplate":"https:\/\/www.ballons-du-leman.ch\/de\/?s={search_term_string}"},"query-input":{"@type":"PropertyValueSpecification","valueRequired":true,"valueName":"search_term_string"}}],"inLanguage":"de"},{"@type":"Organization","@id":"https:\/\/www.ballons-du-leman.ch\/de\/#organization","name":"Ballons du L\u00e9man","url":"https:\/\/www.ballons-du-leman.ch\/de\/","logo":{"@type":"ImageObject","inLanguage":"de","@id":"https:\/\/www.ballons-du-leman.ch\/de\/#\/schema\/logo\/image\/","url":"https:\/\/www.ballons-du-leman.ch\/wp-content\/uploads\/2024\/02\/logo-ballons-du-leman.png","contentUrl":"https:\/\/www.ballons-du-leman.ch\/wp-content\/uploads\/2024\/02\/logo-ballons-du-leman.png","width":868,"height":868,"caption":"Ballons du L\u00e9man"},"image":{"@id":"https:\/\/www.ballons-du-leman.ch\/de\/#\/schema\/logo\/image\/"},"sameAs":["https:\/\/www.facebook.com\/BallonsDuLeman","https:\/\/www.youtube.com\/channel\/UCnBvk8L2WR7TIB8RnaKCdBw","https:\/\/www.instagram.com\/ballonsduleman"]}]}},"wcpa_form_fields":{"wcpaData":{"product":{"product_price":0,"price_html":"<span class=\"woocommerce-Price-amount amount\"><bdi><span class=\"woocommerce-Price-currencySymbol\">&#67;&#72;&#70;<\/span>&nbsp;<span class=\"price-value\">0.-<\/bdi><\/span><\/span>","original_product_price":0,"price_including_tax":0,"price_excluding_tax":0,"product_id":{"parent":4905,"variation":false},"is_variable":false,"stock_status":"instock","stock_quantity":null,"parent_sku":"","product_attributes":[],"custom_fields":[],"is_taxable":true,"product_name":"Alpen\u00fcberquerung","hasImage":false},"fields":{"sec_365983d9c9a798":{"extra":{"key":"sec_365983d9c9a798","section_id":"sec_365983d9c9a798","name":"Default","status":1,"cl_rule":"show","enableCl":false,"relations":[],"toggle":true,"title_tag":"h3","show_title":false,"showPrice":"default","form_id":4979,"form_rules":{"exclude_from_discount":false,"fee_label":"Fee","disp_hide_options_price":true,"disp_show_section_price":false,"disp_show_field_price":false,"layout_option":"standard","pric_use_as_fee":false,"process_fee_as":"woo_fee"},"layout_option":"standard"},"fields":[[{"active":true,"col":5,"relations":false,"cl_rule":"show","enableCl":false,"price":"","enablePrice":false,"className":"","label_position":"default","desc_position":"default","type":"header","required":false,"elementId":"header_165983d9c9a7a9","label":"W\u00e4hlen Sie die gew\u00fcnschte Anzahl an Tickets aus","subtype":"h3","error":false,"gt_translate_keys":["label"],"price_dependency":false,"cl_dependency":false,"value":""}],[{"active":true,"col":4,"relations":false,"cl_rule":"show","enableCl":false,"price":"","enablePrice":false,"className":"","label_position":"default","desc_position":"default","type":"header","required":false,"elementId":"header_165983d9c9a7b2","label":"Person(en)","subtype":"h4","error":false,"gt_translate_keys":["label"],"price_dependency":false,"cl_dependency":false,"value":""},{"active":true,"col":1,"relations":false,"cl_rule":"show","enableCl":false,"price":"","enablePrice":true,"className":"","label_position":"disable","desc_position":"disable","type":"select","required":false,"elementId":"select_565983d9c9a7b9","label":"Person(en)","name":"select_565983d9c9a7b9","values":[{"label":"1","value":"1","selected":true,"tempId":"aco_4839","price":"1490","gt_translate_keys":["label"]},{"label":"2","value":"2","selected":false,"tempId":"aco_293","price":"1490","gt_translate_keys":["label"]},{"label":"3","value":"3","selected":false,"tempId":"aco_294","price":"1490","gt_translate_keys":["label"]},{"label":"4","value":"4","selected":false,"tempId":"aco_367","price":"1490","gt_translate_keys":["label"]},{"label":"5","value":"5","selected":false,"tempId":"aco_377","price":"1490","gt_translate_keys":["label"]}],"dropdown_type":"basic","error":false,"priceOptions":"different_for_all","pricingType":"multiply","description":"","enableDesign":false,"isWeightTemplate":false,"isTemplate":false,"min_quantity":"1","quantity_decimal":false,"quantity_step":"1","quantity_label":"Quantity","repeater_field_label":"{field_label}","repeater_bind":"","gt_translate_keys":["label","description","repeater_field_label","quantity_label"],"price_dependency":false,"cl_dependency":false,"value":""}],[{"active":true,"col":5,"relations":false,"cl_rule":"show","enableCl":false,"price":"","enablePrice":true,"className":"option-billet-papier","label_position":"default","desc_position":"default","type":"radio-group","required":false,"elementId":"radio-group_965983d9c9a7c2","label":"Art des Tickets","name":"radio-group_965983d9c9a7c2","values":[{"label":"Elektronisches Ticket (kostenlos)","value":"billet-electronique","selected":true,"tempId":"aco_1823","gt_translate_keys":["label"]},{"label":"Geschenkverpackung (9 CHF)","value":"billet-papier","selected":false,"tempId":"aco_1824","price":"9","tooltip":"Erhalten Sie Ihre Tickets in einer Geschenkverpackung, die Sie direkt verschenken k\u00f6nnen.","gt_translate_keys":["label","tooltip"]}],"layOut":"inline","error":false,"checkUi":"","priceOptions":"different_for_all","pricingType":"fixed","options_tooltip":true,"enableDesign":false,"isWeightTemplate":false,"isTemplate":false,"min_quantity":"1","quantity_decimal":false,"quantity_step":"1","quantity_label":"Quantity","repeater_field_label":"{field_label}","repeater_bind":"","gt_translate_keys":["label","repeater_field_label","quantity_label"],"price_dependency":false,"cl_dependency":false,"value":""}]]}},"config":{"price_override":"","enable_recaptcha":false,"bind_quantity":false,"quantity_bind_formula":false,"disp_summ_show_option_price":false,"disp_summ_show_product_price":false,"disp_summ_show_total_price":true,"disp_summ_show_fee":false,"disp_summ_show_discount":false,"summary_title":"","options_total_label":"Options Price","total_label":"Total","options_product_label":"Product Price","fee_label":"Fee","discount_label":"Discount","has_price":true,"has_quantity_formula":false},"mc_unit":1,"tax_rate":1,"tax_rate_real":0.081,"discount":{"percentage":0,"fixed":0},"design":{"conf":{"LabelPosition":"above","DescPosition":"below","UploadField":"custom_1","QuantityFieldStyle":"custom_1"},"css":{"LeftLabelWidth":"250px"}},"formulas":[],"lookuptables":[],"clones":false,"cartKey":false}},"_links":{"self":[{"href":"https:\/\/www.ballons-du-leman.ch\/de\/wp-json\/wp\/v2\/product\/4905","targetHints":{"allow":["GET"]}}],"collection":[{"href":"https:\/\/www.ballons-du-leman.ch\/de\/wp-json\/wp\/v2\/product"}],"about":[{"href":"https:\/\/www.ballons-du-leman.ch\/de\/wp-json\/wp\/v2\/types\/product"}],"wp:featuredmedia":[{"embeddable":true,"href":"https:\/\/www.ballons-du-leman.ch\/de\/wp-json\/wp\/v2\/media\/4909"}],"wp:attachment":[{"href":"https:\/\/www.ballons-du-leman.ch\/de\/wp-json\/wp\/v2\/media?parent=4905"}],"wp:term":[{"taxonomy":"product_brand","embeddable":true,"href":"https:\/\/www.ballons-du-leman.ch\/de\/wp-json\/wp\/v2\/product_brand?post=4905"},{"taxonomy":"product_cat","embeddable":true,"href":"https:\/\/www.ballons-du-leman.ch\/de\/wp-json\/wp\/v2\/product_cat?post=4905"},{"taxonomy":"product_tag","embeddable":true,"href":"https:\/\/www.ballons-du-leman.ch\/de\/wp-json\/wp\/v2\/product_tag?post=4905"}],"curies":[{"name":"wp","href":"https:\/\/api.w.org\/{rel}","templated":true}]}}