{"id":4874,"date":"2024-01-03T15:06:57","date_gmt":"2024-01-03T15:06:57","guid":{"rendered":"https:\/\/www.ballons-du-leman.ch\/produit\/fondue-flug\/"},"modified":"2026-04-17T09:11:17","modified_gmt":"2026-04-17T09:11:17","slug":"fondue-ballonfahrt","status":"publish","type":"product","link":"https:\/\/www.ballons-du-leman.ch\/de\/ballonfahrten\/fondue-ballonfahrt\/","title":{"rendered":"Fondue-Ballonfahrt"},"content":{"rendered":"<div class=\"img\"><img loading=\"lazy\" decoding=\"async\" class=\"alignnone size-full wp-image-616\" src=\"https:\/\/www.ballons-du-leman.ch\/wp-content\/uploads\/2024\/01\/Icone_VolFondue-37x48-1.webp\" alt=\"\" width=\"37\" height=\"48\" srcset=\"https:\/\/www.ballons-du-leman.ch\/wp-content\/uploads\/2024\/01\/Icone_VolFondue-37x48-1.webp 37w, https:\/\/www.ballons-du-leman.ch\/wp-content\/uploads\/2024\/01\/Icone_VolFondue-37x48-1-19x24.webp 19w, https:\/\/www.ballons-du-leman.ch\/wp-content\/uploads\/2024\/01\/Icone_VolFondue-37x48-1-28x36.webp 28w\" sizes=\"auto, (max-width: 37px) 100vw, 37px\" \/><\/div>\n","protected":false},"excerpt":{"rendered":"[gallery id=\"d14f614269\"]\n<p>&nbsp;<\/p>\n<h2 style=\"text-align: left;\">Beschreibung des Fluges<\/h2>\n<p><a href=\"https:\/\/www.gaultmillau.ch\/fr\/les-news\/fondue-delicieuse-dans-une-montgolfiere-750955\">Erleben Sie eine weltweit einzigartige Erfahrung, wie sie von Gault&amp;Millau beschrieben wird: Geniessen Sie ein k\u00f6stliches Fondue in der Luft!<\/a><\/p>\n<p>Schweizer Tradition in einem gem\u00fctlichen Rahmen, eine herrliche Landschaft zu Ihren F\u00fcssen. Sorgf\u00e4ltig zubereitete lokale Produkte begleiten Sie w\u00e4hrend dieser k\u00f6stlichen Zeit auf der ganzen Reise. Geniessen Sie ein k\u00f6stliches lokales Fondue von der unwahrscheinlichsten Terrasse aus, mit einem atemberaubenden Blick auf unsere Landschaft und Berge!<\/p>\n<p><!--more--><\/p>\n<h2 style=\"text-align: left;\">\u00dcberblick \u00fcber die Erfahrung<\/h2>\n<p style=\"left: 0; width: 100%; height: 0; position: relative; padding-bottom: 56.25%;\"><iframe style=\"top: 0; left: 0; width: 100%; height: 100%; position: absolute; border: 0;\" src=\"https:\/\/www.youtube.com\/embed\/17uSuEyQ-Gk?rel=0\" scrolling=\"no\" allowfullscreen=\"allowfullscreen\"><\/iframe><\/p>\n","protected":false},"featured_media":4883,"template":"","meta":{"_acf_changed":false,"_coblocks_attr":"","_coblocks_dimensions":"","_coblocks_responsive_height":"","_coblocks_accordion_ie_support":"","inline_featured_image":false},"product_brand":[],"product_cat":[196,193],"product_tag":[195],"class_list":{"0":"post-4874","1":"product","2":"type-product","3":"status-publish","4":"has-post-thumbnail","6":"product_cat-gourmet-ballonfahrten","7":"product_cat-unsere-ballonfahrten","8":"product_tag-highlight-de","9":"wcpa_has_options","11":"first","12":"instock","13":"taxable","14":"shipping-taxable","15":"purchasable","16":"product-type-simple"},"acf":[],"yoast_head":"<!-- This site is optimized with the Yoast SEO plugin v26.5 - https:\/\/yoast.com\/wordpress\/plugins\/seo\/ -->\n<title>Fondue-Ballonfahrt im Heissluftballon | Ballons du L\u00e9man<\/title>\n<meta name=\"description\" content=\"Erleben Sie eine weltweit einzigartige Erfahrung: Geniessen Sie ein k\u00f6stliches Fondue w\u00e4hrend einer Ballonfahrt \u00fcber die atemberaubende Landschaft der Schweiz.\" \/>\n<meta name=\"robots\" content=\"index, follow, max-snippet:-1, max-image-preview:large, max-video-preview:-1\" \/>\n<link rel=\"canonical\" href=\"https:\/\/www.ballons-du-leman.ch\/de\/ballonfahrten\/fondue-ballonfahrt\/\" \/>\n<meta property=\"og:locale\" content=\"de_DE\" \/>\n<meta property=\"og:type\" content=\"article\" \/>\n<meta property=\"og:title\" content=\"Fondue-Ballonfahrt im Heissluftballon | Ballons du L\u00e9man\" \/>\n<meta property=\"og:description\" content=\"Erleben Sie eine weltweit einzigartige Erfahrung: Geniessen Sie ein k\u00f6stliches Fondue w\u00e4hrend einer Ballonfahrt \u00fcber die atemberaubende Landschaft der Schweiz.\" \/>\n<meta property=\"og:url\" content=\"https:\/\/www.ballons-du-leman.ch\/de\/ballonfahrten\/fondue-ballonfahrt\/\" \/>\n<meta property=\"og:site_name\" content=\"Ballons du L\u00e9man\" \/>\n<meta property=\"article:publisher\" content=\"https:\/\/www.facebook.com\/BallonsDuLeman\" \/>\n<meta property=\"article:modified_time\" content=\"2026-04-17T09:11:17+00:00\" \/>\n<meta property=\"og:image\" content=\"https:\/\/www.ballons-du-leman.ch\/wp-content\/uploads\/2024\/01\/fondue-3.webp\" \/>\n\t<meta property=\"og:image:width\" content=\"2048\" \/>\n\t<meta property=\"og:image:height\" content=\"1510\" \/>\n\t<meta property=\"og:image:type\" content=\"image\/webp\" \/>\n<meta name=\"twitter:card\" content=\"summary_large_image\" \/>\n<!-- \/ Yoast SEO plugin. -->","yoast_head_json":{"title":"Fondue-Ballonfahrt im Heissluftballon | Ballons du L\u00e9man","description":"Erleben Sie eine weltweit einzigartige Erfahrung: Geniessen Sie ein k\u00f6stliches Fondue w\u00e4hrend einer Ballonfahrt \u00fcber die atemberaubende Landschaft der Schweiz.","robots":{"index":"index","follow":"follow","max-snippet":"max-snippet:-1","max-image-preview":"max-image-preview:large","max-video-preview":"max-video-preview:-1"},"canonical":"https:\/\/www.ballons-du-leman.ch\/de\/ballonfahrten\/fondue-ballonfahrt\/","og_locale":"de_DE","og_type":"article","og_title":"Fondue-Ballonfahrt im Heissluftballon | Ballons du L\u00e9man","og_description":"Erleben Sie eine weltweit einzigartige Erfahrung: Geniessen Sie ein k\u00f6stliches Fondue w\u00e4hrend einer Ballonfahrt \u00fcber die atemberaubende Landschaft der Schweiz.","og_url":"https:\/\/www.ballons-du-leman.ch\/de\/ballonfahrten\/fondue-ballonfahrt\/","og_site_name":"Ballons du L\u00e9man","article_publisher":"https:\/\/www.facebook.com\/BallonsDuLeman","article_modified_time":"2026-04-17T09:11:17+00:00","og_image":[{"width":2048,"height":1510,"url":"https:\/\/www.ballons-du-leman.ch\/wp-content\/uploads\/2024\/01\/fondue-3.webp","type":"image\/webp"}],"twitter_card":"summary_large_image","schema":{"@context":"https:\/\/schema.org","@graph":[{"@type":"WebPage","@id":"https:\/\/www.ballons-du-leman.ch\/de\/ballonfahrten\/fondue-ballonfahrt\/","url":"https:\/\/www.ballons-du-leman.ch\/de\/ballonfahrten\/fondue-ballonfahrt\/","name":"Fondue-Ballonfahrt im Heissluftballon | Ballons du L\u00e9man","isPartOf":{"@id":"https:\/\/www.ballons-du-leman.ch\/de\/#website"},"primaryImageOfPage":{"@id":"https:\/\/www.ballons-du-leman.ch\/de\/ballonfahrten\/fondue-ballonfahrt\/#primaryimage"},"image":{"@id":"https:\/\/www.ballons-du-leman.ch\/de\/ballonfahrten\/fondue-ballonfahrt\/#primaryimage"},"thumbnailUrl":"https:\/\/www.ballons-du-leman.ch\/wp-content\/uploads\/2024\/01\/fondue-3.webp","datePublished":"2024-01-03T15:06:57+00:00","dateModified":"2026-04-17T09:11:17+00:00","description":"Erleben Sie eine weltweit einzigartige Erfahrung: Geniessen Sie ein k\u00f6stliches Fondue w\u00e4hrend einer Ballonfahrt \u00fcber die atemberaubende Landschaft der Schweiz.","breadcrumb":{"@id":"https:\/\/www.ballons-du-leman.ch\/de\/ballonfahrten\/fondue-ballonfahrt\/#breadcrumb"},"inLanguage":"de","potentialAction":[{"@type":"ReadAction","target":["https:\/\/www.ballons-du-leman.ch\/de\/ballonfahrten\/fondue-ballonfahrt\/"]}]},{"@type":"ImageObject","inLanguage":"de","@id":"https:\/\/www.ballons-du-leman.ch\/de\/ballonfahrten\/fondue-ballonfahrt\/#primaryimage","url":"https:\/\/www.ballons-du-leman.ch\/wp-content\/uploads\/2024\/01\/fondue-3.webp","contentUrl":"https:\/\/www.ballons-du-leman.ch\/wp-content\/uploads\/2024\/01\/fondue-3.webp","width":2048,"height":1510},{"@type":"BreadcrumbList","@id":"https:\/\/www.ballons-du-leman.ch\/de\/ballonfahrten\/fondue-ballonfahrt\/#breadcrumb","itemListElement":[{"@type":"ListItem","position":1,"name":"Accueil","item":"https:\/\/www.ballons-du-leman.ch\/de\/startseite\/"},{"@type":"ListItem","position":2,"name":"Shop","item":"https:\/\/www.ballons-du-leman.ch\/boutique\/"},{"@type":"ListItem","position":3,"name":"Fondue-Ballonfahrt"}]},{"@type":"WebSite","@id":"https:\/\/www.ballons-du-leman.ch\/de\/#website","url":"https:\/\/www.ballons-du-leman.ch\/de\/","name":"Ballons du L\u00e9man","description":"Vols en montgolfi\u00e8re en Suisse","publisher":{"@id":"https:\/\/www.ballons-du-leman.ch\/de\/#organization"},"potentialAction":[{"@type":"SearchAction","target":{"@type":"EntryPoint","urlTemplate":"https:\/\/www.ballons-du-leman.ch\/de\/?s={search_term_string}"},"query-input":{"@type":"PropertyValueSpecification","valueRequired":true,"valueName":"search_term_string"}}],"inLanguage":"de"},{"@type":"Organization","@id":"https:\/\/www.ballons-du-leman.ch\/de\/#organization","name":"Ballons du L\u00e9man","url":"https:\/\/www.ballons-du-leman.ch\/de\/","logo":{"@type":"ImageObject","inLanguage":"de","@id":"https:\/\/www.ballons-du-leman.ch\/de\/#\/schema\/logo\/image\/","url":"https:\/\/www.ballons-du-leman.ch\/wp-content\/uploads\/2024\/02\/logo-ballons-du-leman.png","contentUrl":"https:\/\/www.ballons-du-leman.ch\/wp-content\/uploads\/2024\/02\/logo-ballons-du-leman.png","width":868,"height":868,"caption":"Ballons du L\u00e9man"},"image":{"@id":"https:\/\/www.ballons-du-leman.ch\/de\/#\/schema\/logo\/image\/"},"sameAs":["https:\/\/www.facebook.com\/BallonsDuLeman","https:\/\/www.youtube.com\/channel\/UCnBvk8L2WR7TIB8RnaKCdBw","https:\/\/www.instagram.com\/ballonsduleman"]}]}},"wcpa_form_fields":{"wcpaData":{"product":{"product_price":0,"price_html":"<span class=\"woocommerce-Price-amount amount\"><bdi><span class=\"woocommerce-Price-currencySymbol\">&#67;&#72;&#70;<\/span>&nbsp;<span class=\"price-value\">0.-<\/bdi><\/span><\/span>","original_product_price":0,"price_including_tax":0,"price_excluding_tax":0,"product_id":{"parent":4874,"variation":false},"is_variable":false,"stock_status":"instock","stock_quantity":null,"parent_sku":"","product_attributes":[],"custom_fields":[],"is_taxable":true,"product_name":"Fondue-Ballonfahrt","hasImage":false},"fields":{"sec_265983a34c9dd0":{"extra":{"key":"sec_265983a34c9dd0","section_id":"sec_265983a34c9dd0","name":"Default","status":1,"cl_rule":"show","enableCl":false,"relations":[],"toggle":true,"title_tag":"h3","show_title":false,"showPrice":"default","form_id":4974,"form_rules":{"exclude_from_discount":false,"fee_label":"Fee","disp_hide_options_price":true,"disp_show_section_price":false,"disp_show_field_price":false,"layout_option":"standard","pric_use_as_fee":false,"process_fee_as":"woo_fee"},"layout_option":"standard"},"fields":[[{"active":true,"col":5,"relations":false,"cl_rule":"show","enableCl":false,"price":"","enablePrice":false,"className":"","label_position":"default","desc_position":"default","type":"header","required":false,"elementId":"header_965983a34c9ddf","label":"W\u00e4hlen Sie die gew\u00fcnschte Anzahl an Tickets aus","subtype":"h3","error":false,"gt_translate_keys":["label"],"price_dependency":false,"cl_dependency":false,"value":""}],[{"active":true,"col":4,"relations":false,"cl_rule":"show","enableCl":false,"price":"","enablePrice":false,"className":"","label_position":"default","desc_position":"default","type":"header","required":false,"elementId":"header_565983a34c9de6","label":"Fondue Flug","subtype":"h4","error":false,"gt_translate_keys":["label"],"price_dependency":false,"cl_dependency":false,"value":""},{"active":true,"col":2,"relations":false,"cl_rule":"show","enableCl":false,"price":"","enablePrice":true,"className":"","label_position":"disable","desc_position":"disable","type":"select","required":false,"elementId":"select_965983a34c9deb","label":"Person(en)","name":"select_965983a34c9deb","values":[{"label":"0","value":"0","selected":false,"tempId":"aco_161","gt_translate_keys":["label"]},{"label":"1","value":"1","selected":true,"tempId":"aco_4839","price":"475","gt_translate_keys":["label"]},{"label":"2","value":"2","selected":false,"tempId":"aco_293","price":"475","gt_translate_keys":["label"]},{"label":"3","value":"3","selected":false,"tempId":"aco_294","price":"475","gt_translate_keys":["label"]},{"label":"4","value":"4","selected":false,"tempId":"aco_367","price":"475","gt_translate_keys":["label"]},{"label":"5","value":"5","selected":false,"tempId":"aco_377","price":"475","gt_translate_keys":["label"]},{"label":"6","value":"6","selected":false,"tempId":"aco_387","price":"475","gt_translate_keys":["label"]},{"label":"7","value":"7","selected":false,"tempId":"aco_397","price":"475","gt_translate_keys":["label"]},{"label":"8","value":"8","selected":false,"tempId":"aco_407","price":"475","gt_translate_keys":["label"]},{"label":"9","value":"9","selected":false,"tempId":"aco_4455","price":"475","gt_translate_keys":["label"]},{"label":"10","value":"10","selected":false,"tempId":"aco_4465","price":"475","gt_translate_keys":["label"]},{"label":"11","value":"11","selected":false,"tempId":"aco_4529","price":"475","gt_translate_keys":["label"]},{"label":"12","value":"12","selected":false,"tempId":"aco_4539","price":"475","gt_translate_keys":["label"]}],"dropdown_type":"basic","error":false,"priceOptions":"different_for_all","pricingType":"multiply","description":"","enableDesign":false,"repeater_field_label":"{field_label}","quantity_label":"Quantity","gt_translate_keys":["label","description","repeater_field_label","quantity_label"],"price_dependency":false,"cl_dependency":false,"value":""}],[{"active":true,"col":5,"relations":false,"cl_rule":"show","enableCl":false,"price":"","enablePrice":false,"className":"","label_position":"default","desc_position":"default","type":"content","required":false,"elementId":"content_0350701457","label":"","name":"content_0350701457","contentType":"rich","value":"<p>&nbsp;Fonduemenge ca. 200 g\/Person<\/p>","error":false,"inline":true,"enableDesign":true,"DescColor":"#7c7a89","DescSize":"12","subtype":"p","gt_translate_keys":["label","value"],"price_dependency":false,"cl_dependency":false}],[{"label":"Extra-Fondue-Flug f\u00fcr Feinschmecker und Genie\u00dfer","active":true,"elementId":"header-4015132018","className":"","subtype":"h4","enableCl":false,"relations":false,"cl_rule":"show","col":4,"type":"header","error":false,"gt_translate_keys":["label"],"price_dependency":false,"cl_dependency":false,"value":""},{"label":"Extra-Fondue","active":true,"required":false,"elementId":"select-4016738839","dropdown_type":"basic","description":"","name":"select-4016738839","label_position":"disable","desc_position":"disable","enablePrice":true,"className":"","enableCl":false,"relations":false,"enableDesign":false,"values":[{"label":"0","value":"0","selected":true,"tempId":"aco_225","gt_translate_keys":["label"]},{"label":"2","value":"2","selected":false,"tempId":"aco_293","price":"475","gt_translate_keys":["label"]},{"label":"4","value":"4","selected":false,"tempId":"aco_367","price":"475","gt_translate_keys":["label"]},{"label":"6","value":"6","selected":false,"tempId":"aco_387","price":"475","gt_translate_keys":["label"]},{"label":"8","value":"8","selected":false,"tempId":"aco_407","price":"475","gt_translate_keys":["label"]},{"label":"10","value":"10","selected":false,"tempId":"aco_4465","price":"475","gt_translate_keys":["label"]},{"label":"12","value":"12","selected":false,"tempId":"aco_4539","price":"475","gt_translate_keys":["label"]}],"priceOptions":"fixed_for_all","pricingType":"multiply","price":"499","cl_rule":"show","col":2,"type":"select","error":false,"tooltip":"Possible uniquement par groupes de 2 personnes","repeater_field_label":"{field_label}","quantity_label":"Quantity","gt_translate_keys":["label","description","tooltip","repeater_field_label","quantity_label"],"price_dependency":false,"cl_dependency":false,"value":""}],[{"contentType":"rich","active":true,"label":"","elementId":"content-0368762498","value":"<p>&nbsp;F\u00fcr Feinschmecker eine Menge von 300 g pro Person<\/p>","name":"content-0368762498","enablePrice":false,"className":"","enableCl":false,"relations":false,"price":"","cl_rule":"show","col":5,"type":"content","enableDesign":true,"error":false,"DescColor":"#7c7a89","DescSize":"12","subtype":"p","gt_translate_keys":["label","value"],"price_dependency":false,"cl_dependency":false}],[{"active":true,"col":5,"relations":false,"cl_rule":"show","enableCl":false,"price":"","enablePrice":true,"className":"option-billet-papier","label_position":"default","desc_position":"default","type":"radio-group","required":false,"elementId":"radio-group_965983a34c9df1","label":"Art des Tickets","name":"radio-group_965983a34c9df1","values":[{"label":"Elektronisches Ticket (kostenlos)","value":"billet-electronique","selected":true,"tempId":"aco_1823","gt_translate_keys":["label"]},{"label":"Geschenkverpackung (9 CHF)","value":"billet-papier","selected":false,"tempId":"aco_1824","price":"9","tooltip":"Erhalten Sie Ihre Tickets in einer Geschenkverpackung, die Sie direkt verschenken k\u00f6nnen.","gt_translate_keys":["label","tooltip"]}],"layOut":"inline","error":false,"checkUi":"","priceOptions":"different_for_all","pricingType":"fixed","options_tooltip":true,"enableDesign":false,"repeater_field_label":"{field_label}","quantity_label":"Quantity","gt_translate_keys":["label","repeater_field_label","quantity_label"],"price_dependency":false,"cl_dependency":false,"value":""}]]}},"config":{"price_override":"","enable_recaptcha":false,"bind_quantity":false,"quantity_bind_formula":false,"disp_summ_show_option_price":false,"disp_summ_show_product_price":false,"disp_summ_show_total_price":true,"disp_summ_show_fee":false,"disp_summ_show_discount":false,"summary_title":"","options_total_label":"Options Price","total_label":"Total","options_product_label":"Product Price","fee_label":"Fee","discount_label":"Discount","has_price":true,"has_quantity_formula":false},"mc_unit":1,"tax_rate":1,"tax_rate_real":0.081,"discount":{"percentage":0,"fixed":0},"design":{"conf":{"LabelPosition":"above","DescPosition":"below","UploadField":"custom_1","QuantityFieldStyle":"custom_1"},"css":{"LeftLabelWidth":"250px"}},"formulas":[],"lookuptables":[],"clones":false,"cartKey":false}},"_links":{"self":[{"href":"https:\/\/www.ballons-du-leman.ch\/de\/wp-json\/wp\/v2\/product\/4874","targetHints":{"allow":["GET"]}}],"collection":[{"href":"https:\/\/www.ballons-du-leman.ch\/de\/wp-json\/wp\/v2\/product"}],"about":[{"href":"https:\/\/www.ballons-du-leman.ch\/de\/wp-json\/wp\/v2\/types\/product"}],"wp:featuredmedia":[{"embeddable":true,"href":"https:\/\/www.ballons-du-leman.ch\/de\/wp-json\/wp\/v2\/media\/4883"}],"wp:attachment":[{"href":"https:\/\/www.ballons-du-leman.ch\/de\/wp-json\/wp\/v2\/media?parent=4874"}],"wp:term":[{"taxonomy":"product_brand","embeddable":true,"href":"https:\/\/www.ballons-du-leman.ch\/de\/wp-json\/wp\/v2\/product_brand?post=4874"},{"taxonomy":"product_cat","embeddable":true,"href":"https:\/\/www.ballons-du-leman.ch\/de\/wp-json\/wp\/v2\/product_cat?post=4874"},{"taxonomy":"product_tag","embeddable":true,"href":"https:\/\/www.ballons-du-leman.ch\/de\/wp-json\/wp\/v2\/product_tag?post=4874"}],"curies":[{"name":"wp","href":"https:\/\/api.w.org\/{rel}","templated":true}]}}