{"id":4843,"date":"2024-01-03T16:09:13","date_gmt":"2024-01-03T16:09:13","guid":{"rendered":"https:\/\/www.ballons-du-leman.ch\/empfang-fuer-alle\/"},"modified":"2026-01-05T11:56:16","modified_gmt":"2026-01-05T11:56:16","slug":"empfang-fuer-alle","status":"publish","type":"page","link":"https:\/\/www.ballons-du-leman.ch\/de\/empfang-fuer-alle\/","title":{"rendered":"Empfang f\u00fcr alle"},"content":{"rendered":"\n<div class=\"wp-block-group\"><div class=\"wp-block-group__inner-container is-layout-constrained wp-block-group-is-layout-constrained\">\n<div class=\"wp-block-columns is-layout-flex wp-container-core-columns-is-layout-9d6595d7 wp-block-columns-is-layout-flex\">\n<div class=\"wp-block-column is-vertically-aligned-center is-layout-flow wp-block-column-is-layout-flow\">\n<p class=\"has-text-align-center\">Bei Ballons du L\u00e9man legen wir besonderen Wert darauf, dass unsere Fl\u00fcge f\u00fcr alle zug\u00e4nglich sind! Daher haben wir <strong>Gondeln f\u00fcr Personen mit eingeschr\u00e4nkter Mobilit\u00e4t <\/strong> angeschafft.   <\/p>\n\n\n\n<p class=\"has-text-align-center\">Aber der Empfang von Menschen mit Behinderungen geht weit dar\u00fcber hinaus. Wir begr\u00fc\u00dfen alle Menschen mit Behinderungen auf unseren Fl\u00fcgen: motorische, geistige, visuelle, auditive, Mehrfachbehinderungen, &#8230; <\/p>\n\n\n<div class=\"wp-block-image is-resized is-style-default\">\n<figure class=\"aligncenter size-large\"><a href=\"https:\/\/www.ginto.guide\/fr\/entries\/6ac446ef-0f03-4717-acd2-9e99d8f83355\" target=\"_blank\" rel=\" noreferrer noopener\"><img decoding=\"async\" src=\"https:\/\/www.ballons-du-leman.ch\/wp-content\/uploads\/2024\/01\/OK_GO-Emblem_Klein-e1673521455559.png\" alt=\"Informationen zur OK:GO-Zug&#xE4;nglichkeit sind hier verf&#xFC;gbar\" style=\"width:120px;height:auto\"\/><\/a><\/figure><\/div>\n\n\n<div style=\"height:15px\" aria-hidden=\"true\" class=\"wp-block-spacer\"><\/div>\n\n\n\n<p class=\"has-text-align-center\" style=\"font-size:14px\">Klicken Sie oben f\u00fcr Informationen zur Barrierefreiheit<\/p>\n<\/div>\n\n\n\n<div class=\"wp-block-column is-layout-flow wp-block-column-is-layout-flow\">\n<figure class=\"wp-block-image size-large\"><img decoding=\"async\" src=\"https:\/\/www.ballons-du-leman.ch\/wp-content\/uploads\/2024\/01\/Accueil-1-1024x768-1.webp\" alt=\"\"\/><\/figure>\n<\/div>\n<\/div>\n\n\n\n<div style=\"height:30px\" aria-hidden=\"true\" class=\"wp-block-spacer\"><\/div>\n\n\n\n<div class=\"wp-block-columns is-layout-flex wp-container-core-columns-is-layout-9d6595d7 wp-block-columns-is-layout-flex\">\n<div class=\"wp-block-column is-layout-flow wp-block-column-is-layout-flow\">\t\t\t<div id=\"nos-vols\" class=\"count-1\">\r\n\t\t\t\t<div class=\"table\">\r\n\t\t\t\t\t<div class=\"flight\" style=\"width:100%;\">\r\n\t\t\t\t\t\t<a href=\"https:\/\/www.ballons-du-leman.ch\/de\/ballonfahrten\/ballonfahrt-menschen-mit-behinderungen\/\" class=\"img\" style=\"background-image: url(https:\/\/www.ballons-du-leman.ch\/wp-content\/uploads\/2024\/10\/Photo-1.jpeg);\"><\/a>\r\n\r\n\t\t\t\t\t\t<div class=\"content\">\r\n\t\t\t\t\t\t\t\t\t\t\t\t\t\t\t<h2 class=\"flight-title\"><a href=\"https:\/\/www.ballons-du-leman.ch\/de\/ballonfahrten\/ballonfahrt-menschen-mit-behinderungen\/\">Ballonfahrten f\u00fcr Menschen mit Behinderungen<\/a><\/h2>\r\n\t\t\t\t\t\t\t\r\n\t\t\t\t\t\t\t<img loading=\"lazy\" decoding=\"async\" class=\"alignnone wp-image-587\" src=\"https:\/\/www.ballons-du-leman.ch\/wp-content\/uploads\/2024\/01\/handicap-1-1024x958-1.webp\" alt=\"\" width=\"60\" height=\"56\" srcset=\"https:\/\/www.ballons-du-leman.ch\/wp-content\/uploads\/2024\/01\/handicap-1-1024x958-1.webp 1024w, https:\/\/www.ballons-du-leman.ch\/wp-content\/uploads\/2024\/01\/handicap-1-1024x958-1-300x281.webp 300w, https:\/\/www.ballons-du-leman.ch\/wp-content\/uploads\/2024\/01\/handicap-1-1024x958-1-768x719.webp 768w, https:\/\/www.ballons-du-leman.ch\/wp-content\/uploads\/2024\/01\/handicap-1-1024x958-1-24x22.webp 24w, https:\/\/www.ballons-du-leman.ch\/wp-content\/uploads\/2024\/01\/handicap-1-1024x958-1-36x34.webp 36w, https:\/\/www.ballons-du-leman.ch\/wp-content\/uploads\/2024\/01\/handicap-1-1024x958-1-48x45.webp 48w, https:\/\/www.ballons-du-leman.ch\/wp-content\/uploads\/2024\/01\/handicap-1-1024x958-1-600x561.webp 600w\" sizes=\"auto, (max-width: 60px) 100vw, 60px\" \/> <img loading=\"lazy\" decoding=\"async\" class=\"alignnone wp-image-589\" src=\"https:\/\/www.ballons-du-leman.ch\/wp-content\/uploads\/2024\/01\/handicap-2-1024x941-1.webp\" alt=\"\" width=\"60\" height=\"55\" srcset=\"https:\/\/www.ballons-du-leman.ch\/wp-content\/uploads\/2024\/01\/handicap-2-1024x941-1.webp 1024w, https:\/\/www.ballons-du-leman.ch\/wp-content\/uploads\/2024\/01\/handicap-2-1024x941-1-300x276.webp 300w, https:\/\/www.ballons-du-leman.ch\/wp-content\/uploads\/2024\/01\/handicap-2-1024x941-1-768x706.webp 768w, https:\/\/www.ballons-du-leman.ch\/wp-content\/uploads\/2024\/01\/handicap-2-1024x941-1-24x22.webp 24w, https:\/\/www.ballons-du-leman.ch\/wp-content\/uploads\/2024\/01\/handicap-2-1024x941-1-36x33.webp 36w, https:\/\/www.ballons-du-leman.ch\/wp-content\/uploads\/2024\/01\/handicap-2-1024x941-1-48x44.webp 48w, https:\/\/www.ballons-du-leman.ch\/wp-content\/uploads\/2024\/01\/handicap-2-1024x941-1-600x551.webp 600w\" sizes=\"auto, (max-width: 60px) 100vw, 60px\" \/> <img loading=\"lazy\" decoding=\"async\" class=\"alignnone wp-image-591\" src=\"https:\/\/www.ballons-du-leman.ch\/wp-content\/uploads\/2024\/01\/handicap-3-1024x927-1.webp\" alt=\"\" width=\"63\" height=\"57\" srcset=\"https:\/\/www.ballons-du-leman.ch\/wp-content\/uploads\/2024\/01\/handicap-3-1024x927-1.webp 1024w, https:\/\/www.ballons-du-leman.ch\/wp-content\/uploads\/2024\/01\/handicap-3-1024x927-1-300x272.webp 300w, https:\/\/www.ballons-du-leman.ch\/wp-content\/uploads\/2024\/01\/handicap-3-1024x927-1-768x695.webp 768w, https:\/\/www.ballons-du-leman.ch\/wp-content\/uploads\/2024\/01\/handicap-3-1024x927-1-24x22.webp 24w, https:\/\/www.ballons-du-leman.ch\/wp-content\/uploads\/2024\/01\/handicap-3-1024x927-1-36x33.webp 36w, https:\/\/www.ballons-du-leman.ch\/wp-content\/uploads\/2024\/01\/handicap-3-1024x927-1-48x43.webp 48w, https:\/\/www.ballons-du-leman.ch\/wp-content\/uploads\/2024\/01\/handicap-3-1024x927-1-600x543.webp 600w\" sizes=\"auto, (max-width: 63px) 100vw, 63px\" \/> <img loading=\"lazy\" decoding=\"async\" class=\"alignnone wp-image-593\" src=\"https:\/\/www.ballons-du-leman.ch\/wp-content\/uploads\/2024\/01\/handicap-4-1024x992-1.webp\" alt=\"\" width=\"59\" height=\"57\" srcset=\"https:\/\/www.ballons-du-leman.ch\/wp-content\/uploads\/2024\/01\/handicap-4-1024x992-1.webp 1024w, https:\/\/www.ballons-du-leman.ch\/wp-content\/uploads\/2024\/01\/handicap-4-1024x992-1-300x291.webp 300w, https:\/\/www.ballons-du-leman.ch\/wp-content\/uploads\/2024\/01\/handicap-4-1024x992-1-768x744.webp 768w, https:\/\/www.ballons-du-leman.ch\/wp-content\/uploads\/2024\/01\/handicap-4-1024x992-1-24x24.webp 24w, https:\/\/www.ballons-du-leman.ch\/wp-content\/uploads\/2024\/01\/handicap-4-1024x992-1-36x36.webp 36w, https:\/\/www.ballons-du-leman.ch\/wp-content\/uploads\/2024\/01\/handicap-4-1024x992-1-600x581.webp 600w\" sizes=\"auto, (max-width: 59px) 100vw, 59px\" \/>\r\n\t\t\t\t\t\t\t<div class=\"flight-desc wysiwyg-content\">\r\n\t\t\t\t\t\t\t\t<p>Eine Taufe im Heissluftballon, die f\u00fcr Personen mit eingeschr\u00e4nkter Mobilit\u00e4t und Behinderungen geeignet ist, um die Magie der Ballonfahrt in einer grossartigen Umgebung zu entdecken.<\/p>\n<p>Nutzen Sie unsere behindertengerechten Gondeln, um einen Moment des Gl\u00fccks und der Freiheit zu erleben, den Sie mit der Familie oder mit Freunden teilen k\u00f6nnen.<\/p>\n\t\t\t\t\t\t\t<\/div>\r\n\r\n\t\t\t\t\t\t\t<div class=\"footer\">\r\n\t\t\t\t\t\t\t\t\r\n\t\t\t\t\t\t\t\t<a href=\"https:\/\/www.ballons-du-leman.ch\/de\/ballonfahrten\/ballonfahrt-menschen-mit-behinderungen\/\" class=\"btn btn-block btn-bleu-ciel\">Entdecken Sie die Ballonfahrt<\/a>\r\n\t\t\t\t\t\t\t<\/div>\r\n\t\t\t\t\t\t<\/div>\r\n\t\t\t\t\t<\/div>\r\n\t\t\t\t<\/div>\r\n\t\t\t<\/div>\r\n\t\t\t\n<\/div>\n\n\n\n<div class=\"wp-block-column is-vertically-aligned-center is-layout-flow wp-block-column-is-layout-flow\">\n<p class=\"has-text-align-center\">Wir empfangen regelm\u00e4\u00dfig Personen aus allen Bereichen (aus Pflegeheimen, Behindertenverb\u00e4nden, NGOs usw.) und bieten eine Betreuung an, die auf ihre Bed\u00fcrfnisse zugeschnitten ist.<br\/>Um diese Betreuung zu gew\u00e4hrleisten und unseren Qualit\u00e4tsansatz zu st\u00e4rken, werden unsere Teams regelm\u00e4\u00dfig f\u00fcr diese Betreuungen sensibilisiert und geschult.<\/p>\n\n\n\n<div class=\"img\"><\/div>\n\n\n\n<figure class=\"wp-block-gallery has-nested-images columns-4 is-cropped wp-block-gallery-1 is-layout-flex wp-block-gallery-is-layout-flex\">\n<figure class=\"wp-block-image size-large\"><img decoding=\"async\" src=\"https:\/\/www.ballons-du-leman.ch\/wp-content\/uploads\/2024\/01\/handicap-1-1024x958-1.webp\" alt=\"\"\/><\/figure>\n\n\n\n<figure class=\"wp-block-image size-large\"><img decoding=\"async\" src=\"https:\/\/www.ballons-du-leman.ch\/wp-content\/uploads\/2024\/01\/handicap-2-1024x941-1.webp\" alt=\"\"\/><\/figure>\n\n\n\n<figure class=\"wp-block-image size-large\"><img decoding=\"async\" src=\"https:\/\/www.ballons-du-leman.ch\/wp-content\/uploads\/2024\/01\/handicap-3-1024x927-1.webp\" alt=\"\"\/><\/figure>\n\n\n\n<figure class=\"wp-block-image size-large\"><img decoding=\"async\" src=\"https:\/\/www.ballons-du-leman.ch\/wp-content\/uploads\/2024\/01\/handicap-4-1024x992-1.webp\" alt=\"\"\/><\/figure>\n<\/figure>\n<\/div>\n<\/div>\n\n\n\n<div class=\"wp-block-columns is-layout-flex wp-container-core-columns-is-layout-9d6595d7 wp-block-columns-is-layout-flex\">\n<div class=\"wp-block-column is-vertically-aligned-center is-layout-flow wp-block-column-is-layout-flow\"><div class=\"wp-block-image\">\n<figure class=\"aligncenter size-large\"><img decoding=\"async\" src=\"https:\/\/www.ballons-du-leman.ch\/wp-content\/uploads\/2024\/01\/Accueil-2-1024x768-1.webp\" alt=\"\"\/><\/figure><\/div><\/div>\n\n\n\n<div class=\"wp-block-column is-layout-flow wp-block-column-is-layout-flow\"><div class=\"wp-block-image\">\n<figure class=\"aligncenter size-large\"><img decoding=\"async\" src=\"https:\/\/www.ballons-du-leman.ch\/wp-content\/uploads\/2024\/01\/Accueil-3-1024x768-1.webp\" alt=\"\"\/><\/figure><\/div><\/div>\n<\/div>\n<\/div><\/div>\n\n<div class=\"img\"><\/div>\n","protected":false},"excerpt":{"rendered":"<p>Bei Ballons du L\u00e9man legen wir besonderen Wert darauf, dass unsere Fl\u00fcge f\u00fcr alle zug\u00e4nglich sind! Daher haben wir Gondeln f\u00fcr Personen mit eingeschr\u00e4nkter Mobilit\u00e4t angeschafft. Aber der Empfang von Menschen mit Behinderungen geht weit dar\u00fcber hinaus. Wir begr\u00fc\u00dfen alle Menschen mit Behinderungen auf unseren Fl\u00fcgen: motorische, geistige, visuelle, auditive, Mehrfachbehinderungen, &#8230; Klicken Sie oben [&hellip;]<\/p>\n","protected":false},"author":1,"featured_media":4852,"parent":0,"menu_order":0,"comment_status":"closed","ping_status":"closed","template":"","meta":{"_acf_changed":false,"_coblocks_attr":"","_coblocks_dimensions":"","_coblocks_responsive_height":"","_coblocks_accordion_ie_support":"","inline_featured_image":false,"footnotes":""},"class_list":["post-4843","page","type-page","status-publish","has-post-thumbnail","hentry"],"acf":[],"yoast_head":"<!-- This site is optimized with the Yoast SEO plugin v26.5 - https:\/\/yoast.com\/wordpress\/plugins\/seo\/ -->\n<title>Ballonfahrten f\u00fcr jedermann | Ballons du L\u00e9man<\/title>\n<meta name=\"description\" content=\"Wir bieten Fl\u00fcge f\u00fcr alle an, auch f\u00fcr Personen mit eingeschr\u00e4nkter Mobilit\u00e4t und Behinderungen. Kontaktieren Sie uns f\u00fcr einen geeigneten Empfang.\" \/>\n<meta name=\"robots\" content=\"index, follow, max-snippet:-1, max-image-preview:large, max-video-preview:-1\" \/>\n<link rel=\"canonical\" href=\"https:\/\/www.ballons-du-leman.ch\/de\/empfang-fuer-alle\/\" \/>\n<meta property=\"og:locale\" content=\"de_DE\" \/>\n<meta property=\"og:type\" content=\"article\" \/>\n<meta property=\"og:title\" content=\"Ballonfahrten f\u00fcr jedermann | Ballons du L\u00e9man\" \/>\n<meta property=\"og:description\" content=\"Wir bieten Fl\u00fcge f\u00fcr alle an, auch f\u00fcr Personen mit eingeschr\u00e4nkter Mobilit\u00e4t und Behinderungen. Kontaktieren Sie uns f\u00fcr einen geeigneten Empfang.\" \/>\n<meta property=\"og:url\" content=\"https:\/\/www.ballons-du-leman.ch\/de\/empfang-fuer-alle\/\" \/>\n<meta property=\"og:site_name\" content=\"Ballons du L\u00e9man\" \/>\n<meta property=\"article:publisher\" content=\"https:\/\/www.facebook.com\/BallonsDuLeman\" \/>\n<meta property=\"article:modified_time\" content=\"2026-01-05T11:56:16+00:00\" \/>\n<meta property=\"og:image\" content=\"https:\/\/www.ballons-du-leman.ch\/wp-content\/uploads\/2024\/01\/region-jura-3.jpg\" \/>\n\t<meta property=\"og:image:width\" content=\"1172\" \/>\n\t<meta property=\"og:image:height\" content=\"1191\" \/>\n\t<meta property=\"og:image:type\" content=\"image\/jpeg\" \/>\n<meta name=\"twitter:card\" content=\"summary_large_image\" \/>\n<meta name=\"twitter:label1\" content=\"Gesch\u00e4tzte Lesezeit\" \/>\n\t<meta name=\"twitter:data1\" content=\"1\u00a0Minute\" \/>\n<!-- \/ Yoast SEO plugin. -->","yoast_head_json":{"title":"Ballonfahrten f\u00fcr jedermann | Ballons du L\u00e9man","description":"Wir bieten Fl\u00fcge f\u00fcr alle an, auch f\u00fcr Personen mit eingeschr\u00e4nkter Mobilit\u00e4t und Behinderungen. Kontaktieren Sie uns f\u00fcr einen geeigneten Empfang.","robots":{"index":"index","follow":"follow","max-snippet":"max-snippet:-1","max-image-preview":"max-image-preview:large","max-video-preview":"max-video-preview:-1"},"canonical":"https:\/\/www.ballons-du-leman.ch\/de\/empfang-fuer-alle\/","og_locale":"de_DE","og_type":"article","og_title":"Ballonfahrten f\u00fcr jedermann | Ballons du L\u00e9man","og_description":"Wir bieten Fl\u00fcge f\u00fcr alle an, auch f\u00fcr Personen mit eingeschr\u00e4nkter Mobilit\u00e4t und Behinderungen. Kontaktieren Sie uns f\u00fcr einen geeigneten Empfang.","og_url":"https:\/\/www.ballons-du-leman.ch\/de\/empfang-fuer-alle\/","og_site_name":"Ballons du L\u00e9man","article_publisher":"https:\/\/www.facebook.com\/BallonsDuLeman","article_modified_time":"2026-01-05T11:56:16+00:00","og_image":[{"width":1172,"height":1191,"url":"https:\/\/www.ballons-du-leman.ch\/wp-content\/uploads\/2024\/01\/region-jura-3.jpg","type":"image\/jpeg"}],"twitter_card":"summary_large_image","twitter_misc":{"Gesch\u00e4tzte Lesezeit":"1\u00a0Minute"},"schema":{"@context":"https:\/\/schema.org","@graph":[{"@type":"WebPage","@id":"https:\/\/www.ballons-du-leman.ch\/de\/empfang-fuer-alle\/","url":"https:\/\/www.ballons-du-leman.ch\/de\/empfang-fuer-alle\/","name":"Ballonfahrten f\u00fcr jedermann | Ballons du L\u00e9man","isPartOf":{"@id":"https:\/\/www.ballons-du-leman.ch\/de\/#website"},"primaryImageOfPage":{"@id":"https:\/\/www.ballons-du-leman.ch\/de\/empfang-fuer-alle\/#primaryimage"},"image":{"@id":"https:\/\/www.ballons-du-leman.ch\/de\/empfang-fuer-alle\/#primaryimage"},"thumbnailUrl":"https:\/\/www.ballons-du-leman.ch\/wp-content\/uploads\/2024\/01\/region-jura-3.jpg","datePublished":"2024-01-03T16:09:13+00:00","dateModified":"2026-01-05T11:56:16+00:00","description":"Wir bieten Fl\u00fcge f\u00fcr alle an, auch f\u00fcr Personen mit eingeschr\u00e4nkter Mobilit\u00e4t und Behinderungen. Kontaktieren Sie uns f\u00fcr einen geeigneten Empfang.","breadcrumb":{"@id":"https:\/\/www.ballons-du-leman.ch\/de\/empfang-fuer-alle\/#breadcrumb"},"inLanguage":"de","potentialAction":[{"@type":"ReadAction","target":["https:\/\/www.ballons-du-leman.ch\/de\/empfang-fuer-alle\/"]}]},{"@type":"ImageObject","inLanguage":"de","@id":"https:\/\/www.ballons-du-leman.ch\/de\/empfang-fuer-alle\/#primaryimage","url":"https:\/\/www.ballons-du-leman.ch\/wp-content\/uploads\/2024\/01\/region-jura-3.jpg","contentUrl":"https:\/\/www.ballons-du-leman.ch\/wp-content\/uploads\/2024\/01\/region-jura-3.jpg","width":1172,"height":1191},{"@type":"BreadcrumbList","@id":"https:\/\/www.ballons-du-leman.ch\/de\/empfang-fuer-alle\/#breadcrumb","itemListElement":[{"@type":"ListItem","position":1,"name":"Accueil","item":"https:\/\/www.ballons-du-leman.ch\/de\/startseite\/"},{"@type":"ListItem","position":2,"name":"Empfang f\u00fcr alle"}]},{"@type":"WebSite","@id":"https:\/\/www.ballons-du-leman.ch\/de\/#website","url":"https:\/\/www.ballons-du-leman.ch\/de\/","name":"Ballons du L\u00e9man","description":"Vols en montgolfi\u00e8re en Suisse","publisher":{"@id":"https:\/\/www.ballons-du-leman.ch\/de\/#organization"},"potentialAction":[{"@type":"SearchAction","target":{"@type":"EntryPoint","urlTemplate":"https:\/\/www.ballons-du-leman.ch\/de\/?s={search_term_string}"},"query-input":{"@type":"PropertyValueSpecification","valueRequired":true,"valueName":"search_term_string"}}],"inLanguage":"de"},{"@type":"Organization","@id":"https:\/\/www.ballons-du-leman.ch\/de\/#organization","name":"Ballons du L\u00e9man","url":"https:\/\/www.ballons-du-leman.ch\/de\/","logo":{"@type":"ImageObject","inLanguage":"de","@id":"https:\/\/www.ballons-du-leman.ch\/de\/#\/schema\/logo\/image\/","url":"https:\/\/www.ballons-du-leman.ch\/wp-content\/uploads\/2024\/02\/logo-ballons-du-leman.png","contentUrl":"https:\/\/www.ballons-du-leman.ch\/wp-content\/uploads\/2024\/02\/logo-ballons-du-leman.png","width":868,"height":868,"caption":"Ballons du L\u00e9man"},"image":{"@id":"https:\/\/www.ballons-du-leman.ch\/de\/#\/schema\/logo\/image\/"},"sameAs":["https:\/\/www.facebook.com\/BallonsDuLeman","https:\/\/www.youtube.com\/channel\/UCnBvk8L2WR7TIB8RnaKCdBw","https:\/\/www.instagram.com\/ballonsduleman"]}]}},"_links":{"self":[{"href":"https:\/\/www.ballons-du-leman.ch\/de\/wp-json\/wp\/v2\/pages\/4843","targetHints":{"allow":["GET"]}}],"collection":[{"href":"https:\/\/www.ballons-du-leman.ch\/de\/wp-json\/wp\/v2\/pages"}],"about":[{"href":"https:\/\/www.ballons-du-leman.ch\/de\/wp-json\/wp\/v2\/types\/page"}],"author":[{"embeddable":true,"href":"https:\/\/www.ballons-du-leman.ch\/de\/wp-json\/wp\/v2\/users\/1"}],"replies":[{"embeddable":true,"href":"https:\/\/www.ballons-du-leman.ch\/de\/wp-json\/wp\/v2\/comments?post=4843"}],"version-history":[{"count":3,"href":"https:\/\/www.ballons-du-leman.ch\/de\/wp-json\/wp\/v2\/pages\/4843\/revisions"}],"predecessor-version":[{"id":5160,"href":"https:\/\/www.ballons-du-leman.ch\/de\/wp-json\/wp\/v2\/pages\/4843\/revisions\/5160"}],"wp:featuredmedia":[{"embeddable":true,"href":"https:\/\/www.ballons-du-leman.ch\/de\/wp-json\/wp\/v2\/media\/4852"}],"wp:attachment":[{"href":"https:\/\/www.ballons-du-leman.ch\/de\/wp-json\/wp\/v2\/media?parent=4843"}],"curies":[{"name":"wp","href":"https:\/\/api.w.org\/{rel}","templated":true}]}}