{"id":4800,"date":"2025-03-23T06:50:18","date_gmt":"2025-03-23T06:50:18","guid":{"rendered":"https:\/\/www.ballons-du-leman.ch\/alle-neuigkeiten-ueber-die-ballons-du-leman\/"},"modified":"2025-12-07T08:42:41","modified_gmt":"2025-12-07T08:42:41","slug":"blog","status":"publish","type":"page","link":"https:\/\/www.ballons-du-leman.ch\/de\/blog\/","title":{"rendered":"Aktuelles &amp; Tipps f\u00fcr Ihre Ballonfahrt in der Schweiz"},"content":{"rendered":"\n<h2 class=\"wp-block-heading\">Der Blog \u00fcber Ballonfahrten in der Schweiz<\/h2>\n\n<p>Auf dieser Seite finden Sie alle Neuigkeiten \u00fcber die Ballons du L\u00e9man sowie Hintergrundartikel, die Ihnen helfen sollen, eine Ballonfahrt in der Schweiz vorzubereiten, zu verschenken oder selbst zu erleben.<\/p>\n\n<p>F\u00fcr einen guten Start finden Sie unsere Themendossiers :<\/p>\n\n<ul class=\"wp-block-list\">\n<li><strong>Eine Ballonfahrt ver<\/strong> schenken &#8211; Wie man die richtige <a href=\"https:\/\/www.ballons-du-leman.ch\/de\/eine-ballonfahrt-verschenken\/\">Ballonfahrt ausw\u00e4hlt, das richtige Budget hat und wem man sie schenkt: eine Ballonfahrt ver<\/a>schenken<\/li>\n\n\n\n<li>Die <strong>Schweiz aus einer neuen Perspektive entdecken<\/strong> &#8211; Die sch\u00f6nsten Panoramen, Fluggebiete und Ideen f\u00fcr Ausfl\u00fcge rund um die Ballonfahrt: <a href=\"https:\/\/www.ballons-du-leman.ch\/de\/entdecken-sie-die-schweiz-aus-einer-neuen-perspektive\/\">die Schweiz aus der Luft entdecken<\/a><\/li>\n\n\n\n<li><strong>Gute Vorbereitung auf Ihre<\/strong> <a href=\"https:\/\/www.ballons-du-leman.ch\/de\/vorbereitung-auf-eine-ballonfahrt\/\">Ballonfahrt &#8211; Kleidung, Wetter, Flugverlauf, Erreichbarkeit und h\u00e4ufig gestellte Fragen: Vorbereitung auf eine Ballonfahrt<\/a><\/li>\n<\/ul>\n\n<p>Besuchen Sie auch unsere Seiten zu den <a href=\"https:\/\/www.ballons-du-leman.ch\/de\/unsere-flugregionen\/\">verschiedenen Ballonfahrten<\/a> und <a href=\"https:\/\/www.ballons-du-leman.ch\/de\/haeufig-gestellte-fragen\/\">h\u00e4ufig gestellten Fragen<\/a>.<\/p>\n\n<h2 class=\"wp-block-heading\">Unsere neuesten Tipps und Geschenkideen<\/h2>\n<div class=\"wp-block-coblocks-posts is-style-stacked\"><div class=\"wp-block-coblocks-posts__inner has-columns has-3-columns has-responsive-columns has-circle-image has-large-gutter\" style=\" style=\"--coblocks-custom-gutter:0em\"\"><div class=\"wp-block-coblocks-posts__item\"><div class=\"wp-block-coblocks-posts__image\"><a href=\"https:\/\/www.ballons-du-leman.ch\/de\/entdecken-sie-die-schweiz-aus-einer-neuen-perspektive\/\" class=\"bg-cover bg-center-center\" style=\"background-image:url(https:\/\/www.ballons-du-leman.ch\/wp-content\/uploads\/2025\/11\/2J8A3761-scaled.jpeg)\"><\/a><\/div><div class=\"wp-block-coblocks-posts__content\"><a href=\"https:\/\/www.ballons-du-leman.ch\/de\/entdecken-sie-die-schweiz-aus-einer-neuen-perspektive\/\" alt=\"Entdecken Sie die Schweiz aus einer neuen Perspektive\">Entdecken Sie die Schweiz aus einer neuen Perspektive<\/a><div class=\"wp-block-coblocks-posts__excerpt\">Ein Erlebnis, das anders ist als alles, was Sie bisher kannten Sie denken, Sie haben schon alles von der Schweiz gesehen? Die schneebedeckten Gipfel der Alpen, die tiefblauen Seen, die gr\u00fcnen T\u00e4ler&#8230; Es gibt jedoch eine M\u00f6glichkeit, diese vertrauten Landschaften aus &hellip; <\/div><\/div><\/div><div class=\"wp-block-coblocks-posts__item\"><div class=\"wp-block-coblocks-posts__image\"><a href=\"https:\/\/www.ballons-du-leman.ch\/de\/eine-ballonfahrt-verschenken\/\" class=\"bg-cover bg-center-center\" style=\"background-image:url(https:\/\/www.ballons-du-leman.ch\/wp-content\/uploads\/2024\/02\/saint-valentin-1.png)\"><\/a><\/div><div class=\"wp-block-coblocks-posts__content\"><a href=\"https:\/\/www.ballons-du-leman.ch\/de\/eine-ballonfahrt-verschenken\/\" alt=\"Eine Ballonfahrt verschenken\">Eine Ballonfahrt verschenken<\/a><div class=\"wp-block-coblocks-posts__excerpt\">Warum eine Ballonfahrt ein unvergessliches Geschenk ist Sie suchen nach einer Geschenkidee, die sich von den klassischen Objekten unterscheidet und eine echte Erinnerung hinterl\u00e4sst? Mit einer Ballonfahrt verschenken Sie einen Moment, in dem die Zeit stillsteht, weit weg vom Alltag, im &hellip; <\/div><\/div><\/div><div class=\"wp-block-coblocks-posts__item\"><div class=\"wp-block-coblocks-posts__image\"><a href=\"https:\/\/www.ballons-du-leman.ch\/de\/vorbereitung-auf-eine-ballonfahrt\/\" class=\"bg-cover bg-center-center\" style=\"background-image:url(https:\/\/www.ballons-du-leman.ch\/wp-content\/uploads\/2024\/01\/entreprise-2-1.jpg)\"><\/a><\/div><div class=\"wp-block-coblocks-posts__content\"><a href=\"https:\/\/www.ballons-du-leman.ch\/de\/vorbereitung-auf-eine-ballonfahrt\/\" alt=\"Vorbereitung auf eine Ballonfahrt\">Vorbereitung auf eine Ballonfahrt<\/a><div class=\"wp-block-coblocks-posts__excerpt\">Wie man sich auf eine Ballonfahrt vorbereitet Eine Ballonfahrt ist ein Erlebnis, an das man sich sein ganzes Leben lang erinnert. Der Ballon l\u00e4sst sich vom Wind tragen, wir w\u00e4hlen den Startplatz, aber nie genau den Landeplatz. Es ist das Unvorhergesehene, &hellip; <\/div><\/div><\/div><div class=\"wp-block-coblocks-posts__item\"><div class=\"wp-block-coblocks-posts__image\"><a href=\"https:\/\/www.ballons-du-leman.ch\/de\/in-der-ballon-mit-unseren-begeisterten-piloten\/\" class=\"bg-cover bg-center-center\" style=\"background-image:url(https:\/\/www.ballons-du-leman.ch\/wp-content\/uploads\/2025\/12\/Article04_B.jpg)\"><\/a><\/div><div class=\"wp-block-coblocks-posts__content\"><a href=\"https:\/\/www.ballons-du-leman.ch\/de\/in-der-ballon-mit-unseren-begeisterten-piloten\/\" alt=\"Im Korb mit unseren begeisterten Ballonpiloten\">Im Korb mit unseren begeisterten Ballonpiloten<\/a><div class=\"wp-block-coblocks-posts__excerpt\">Seit mehreren Jahren bin ich in der Welt des Ballonsports t\u00e4tig und teile den Alltag von Piloten, die ihren Beruf mit gro\u00dfer Leidenschaft aus\u00fcben. F\u00fcr sie ist das Fliegen eines Hei\u00dfluftballons nicht nur ein Job, sondern ein Lebensstil. So oft wie &hellip; <\/div><\/div><\/div><div class=\"wp-block-coblocks-posts__item\"><div class=\"wp-block-coblocks-posts__image\"><a href=\"https:\/\/www.ballons-du-leman.ch\/de\/top-10-outdoor-aktivitaeten-die-mit-einer-ballonfahrt-kombiniert-werden-koennen\/\" class=\"bg-cover bg-center-center\" style=\"background-image:url(https:\/\/www.ballons-du-leman.ch\/wp-content\/uploads\/2025\/12\/Article15_A-scaled-e1764606328981.jpg)\"><\/a><\/div><div class=\"wp-block-coblocks-posts__content\"><a href=\"https:\/\/www.ballons-du-leman.ch\/de\/top-10-outdoor-aktivitaeten-die-mit-einer-ballonfahrt-kombiniert-werden-koennen\/\" alt=\"Top 10 Outdoor-Aktivit\u00e4ten, die mit einer Ballonfahrt in der Schweiz kombiniert werden k\u00f6nnen\">Top 10 Outdoor-Aktivit\u00e4ten, die mit einer Ballonfahrt in der Schweiz kombiniert werden k\u00f6nnen<\/a><div class=\"wp-block-coblocks-posts__excerpt\">Eine Ballonfahrt ist oft das Highlight des Tages. Aber auch drumherum gibt es in der Schweiz eine F\u00fclle von Outdoor-Aktivit\u00e4ten, die ein komplettes Erlebnis bieten. Ob Sie nun wandern, Rad fahren, Wasser oder Adrenalin suchen, es gibt viele M\u00f6glichkeiten, Ihre Ballonfahrt &hellip; <\/div><\/div><\/div><div class=\"wp-block-coblocks-posts__item\"><div class=\"wp-block-coblocks-posts__image\"><a href=\"https:\/\/www.ballons-du-leman.ch\/de\/den-traum-verlaengern-5-maerchenhafte-ausfluege-vor-ihrer-ballonfahrt\/\" class=\"bg-cover bg-center-center\" style=\"background-image:url(https:\/\/www.ballons-du-leman.ch\/wp-content\/uploads\/2025\/12\/Article16_A-scaled.jpg)\"><\/a><\/div><div class=\"wp-block-coblocks-posts__content\"><a href=\"https:\/\/www.ballons-du-leman.ch\/de\/den-traum-verlaengern-5-maerchenhafte-ausfluege-vor-ihrer-ballonfahrt\/\" alt=\"5 m\u00e4rchenhafte Ausfl\u00fcge in die Schweiz vor Ihrer Ballonfahrt\">5 m\u00e4rchenhafte Ausfl\u00fcge in die Schweiz vor Ihrer Ballonfahrt<\/a><div class=\"wp-block-coblocks-posts__excerpt\">Den Traum verl\u00e4ngern bedeutet nicht nur, in einen Hei\u00dfluftballon zu steigen, sondern auch alles, was Sie vorher erlebt haben. Eine Nacht, ein Spaziergang oder eine Entdeckunsballonfahrt k\u00f6nnen eine einfache Ballonfahrt in einen echten Ausflug in die Westschweiz verwandeln. Hier sind 5 &hellip; <\/div><\/div><\/div><div class=\"wp-block-coblocks-posts__item\"><div class=\"wp-block-coblocks-posts__image\"><a href=\"https:\/\/www.ballons-du-leman.ch\/de\/5-dinge-die-sie-nach-ihrer-ballonfahrt-rund-um-den-genfer-see-unternehmen-koennen\/\" class=\"bg-cover bg-center-center\" style=\"background-image:url(https:\/\/www.ballons-du-leman.ch\/wp-content\/uploads\/2025\/11\/Article13_B-scaled.jpg)\"><\/a><\/div><div class=\"wp-block-coblocks-posts__content\"><a href=\"https:\/\/www.ballons-du-leman.ch\/de\/5-dinge-die-sie-nach-ihrer-ballonfahrt-rund-um-den-genfer-see-unternehmen-koennen\/\" alt=\"5 Dinge, die Sie nach Ihrer Ballonfahrt rund um den Genfer See unternehmen k\u00f6nnen\">5 Dinge, die Sie nach Ihrer Ballonfahrt rund um den Genfer See unternehmen k\u00f6nnen<\/a><div class=\"wp-block-coblocks-posts__excerpt\">Der Genfer See, der gr\u00f6\u00dfte S\u00fc\u00dfwassersee Westeuropas, beeindruckt nicht nur durch seine Sichelform, sondern auch durch seine reiche Umgebung. Er ist von atemberaubenden Landschaften, Weinbergen, D\u00f6rfern und lebhaften St\u00e4dten umgeben und bietet tausend M\u00f6glichkeiten, den Zauber einer Ballonfahrt zu verl\u00e4ngern. Hier &hellip; <\/div><\/div><\/div><div class=\"wp-block-coblocks-posts__item\"><div class=\"wp-block-coblocks-posts__image\"><a href=\"https:\/\/www.ballons-du-leman.ch\/de\/das-perfekte-geschenk-zum-ueberraschen-und-staunen\/\" class=\"bg-cover bg-center-center\" style=\"background-image:url(https:\/\/www.ballons-du-leman.ch\/wp-content\/uploads\/2025\/11\/IMG_4456-scaled.jpg)\"><\/a><\/div><div class=\"wp-block-coblocks-posts__content\"><a href=\"https:\/\/www.ballons-du-leman.ch\/de\/das-perfekte-geschenk-zum-ueberraschen-und-staunen\/\" alt=\"Das perfekte Geschenk zum \u00dcberraschen und Staunen\">Das perfekte Geschenk zum \u00dcberraschen und Staunen<\/a><div class=\"wp-block-coblocks-posts__excerpt\">Suchen Sie ein romantisches, aufrichtiges und unvergessliches Geschenk? Materielle Dinge sind verg\u00e4nglich, aber eine Ballonfahrt bleibt ein unvergessliches Erlebnis. Mit diesem romantischen Geschenk schenken Sie einen schwebenden Moment, gemeinsame Emotionen und ein einzigartiges Erlebnis, weit weg von ausgetretenen Pfaden und Menschenmassen. &hellip; <\/div><\/div><\/div><div class=\"wp-block-coblocks-posts__item\"><div class=\"wp-block-coblocks-posts__image\"><a href=\"https:\/\/www.ballons-du-leman.ch\/de\/eine-ballonfahrt-tausend-aussichten-die-schoensten-panoramen-aus-unseren-gondeln\/\" class=\"bg-cover bg-center-center\" style=\"background-image:url(https:\/\/www.ballons-du-leman.ch\/wp-content\/uploads\/2025\/12\/Article04_C-scaled.jpg)\"><\/a><\/div><div class=\"wp-block-coblocks-posts__content\"><a href=\"https:\/\/www.ballons-du-leman.ch\/de\/eine-ballonfahrt-tausend-aussichten-die-schoensten-panoramen-aus-unseren-gondeln\/\" alt=\"Ballonfahrt zu den sch\u00f6nsten Aussichtspunkten der Schweiz\">Ballonfahrt zu den sch\u00f6nsten Aussichtspunkten der Schweiz<\/a><div class=\"wp-block-coblocks-posts__excerpt\">Die Schweiz von der Gondel aus gesehen Eine Ballonfahrt, tausend Ansichten. Genau das ist es, was man bei einer Ballonfahrt in der Westschweiz erlebt&#8230; Mit ihren zwischen Seen und H\u00fcgeln eingebetteten D\u00f6rfern, ihren Feldern, die je nach Jahreszeit von strahlendem Gr\u00fcn &hellip; <\/div><\/div><\/div><div class=\"wp-block-coblocks-posts__item\"><div class=\"wp-block-coblocks-posts__image\"><a href=\"https:\/\/www.ballons-du-leman.ch\/de\/und-nach-dem-ballonfahrt-die-kleinen-extras-die-den-unterschied-ausmachen\/\" class=\"bg-cover bg-center-center\" style=\"background-image:url(https:\/\/www.ballons-du-leman.ch\/wp-content\/uploads\/2025\/11\/Article10_A-scaled.jpg)\"><\/a><\/div><div class=\"wp-block-coblocks-posts__content\"><a href=\"https:\/\/www.ballons-du-leman.ch\/de\/und-nach-dem-ballonfahrt-die-kleinen-extras-die-den-unterschied-ausmachen\/\" alt=\"Nach der Ballonfahrt: Die kleinen Extras, die den Unterschied ausmachen\">Nach der Ballonfahrt: Die kleinen Extras, die den Unterschied ausmachen<\/a><div class=\"wp-block-coblocks-posts__excerpt\">Nach der Ballonfahrt: ein Moment des Teilens und der Geselligkeit Die Stille des Himmels, der Wind, der Sie tr\u00e4gt, und die Magie eines Sonnenaufgangs aus dem Korb&#8230; Eine Ballonfahrt ist ein unvergessliches Erlebnis. Was viele jedoch nicht wissen, ist, dass die &hellip; <\/div><\/div><\/div><div class=\"wp-block-coblocks-posts__item\"><div class=\"wp-block-coblocks-posts__image\"><a href=\"https:\/\/www.ballons-du-leman.ch\/de\/der-flug-ist-vorbei-aber-die-emotionen-bleiben\/\" class=\"bg-cover bg-center-center\" style=\"background-image:url(https:\/\/www.ballons-du-leman.ch\/wp-content\/uploads\/2024\/10\/region-chablais-5.jpg)\"><\/a><\/div><div class=\"wp-block-coblocks-posts__content\"><a href=\"https:\/\/www.ballons-du-leman.ch\/de\/der-flug-ist-vorbei-aber-die-emotionen-bleiben\/\" alt=\"Die Ballonfahrt ist vorbei, aber die Emotionen bleiben.\">Die Ballonfahrt ist vorbei, aber die Emotionen bleiben.<\/a><div class=\"wp-block-coblocks-posts__excerpt\">Unser Ballonabenteuer \u00fcber der Schweiz Ich denke oft an diesen Morgen zur\u00fcck, als wir zum Startplatz gingen. Die Luft war frisch, weich und verhei\u00dfungsvoll. Diese Ballonfahrt hatte ich meinem Mann zum Geburtstag geschenkt, aber ich wusste, dass sie auch ein Geschenk &hellip; <\/div><\/div><\/div><div class=\"wp-block-coblocks-posts__item\"><div class=\"wp-block-coblocks-posts__image\"><a href=\"https:\/\/www.ballons-du-leman.ch\/de\/nacht-ballonfahrt\/\" class=\"bg-cover bg-center-center\" style=\"background-image:url(https:\/\/www.ballons-du-leman.ch\/wp-content\/uploads\/2025\/11\/Article09_B-scaled.jpg)\"><\/a><\/div><div class=\"wp-block-coblocks-posts__content\"><a href=\"https:\/\/www.ballons-du-leman.ch\/de\/nacht-ballonfahrt\/\" alt=\"Nacht-Ballonfahrt mit dem Hei\u00dfluftballon\">Nacht-Ballonfahrt mit dem Hei\u00dfluftballon<\/a><div class=\"wp-block-coblocks-posts__excerpt\">Nacht-Ballonfahrt: Erleben Sie den Sonnenaufgang vom Ballonkorb aus. Mitten in der Nacht starten, \u00fcber die noch schlafende Westschweiz schweben und dann vom Korb aus den Tag anbrechen sehen. Eine Ballonfahrt bei Nacht ist keine einfache Lufttaufe. Es ist eine seltene und &hellip; <\/div><\/div><\/div><div class=\"wp-block-coblocks-posts__item\"><div class=\"wp-block-coblocks-posts__image\"><a href=\"https:\/\/www.ballons-du-leman.ch\/de\/ballonfahrt-in-grosser-hoehe\/\" class=\"bg-cover bg-center-center\" style=\"background-image:url(https:\/\/www.ballons-du-leman.ch\/wp-content\/uploads\/2025\/11\/Article09_A-scaled.jpg)\"><\/a><\/div><div class=\"wp-block-coblocks-posts__content\"><a href=\"https:\/\/www.ballons-du-leman.ch\/de\/ballonfahrt-in-grosser-hoehe\/\" alt=\"Ballonfahrt in gro\u00dfer H\u00f6he in der Schweiz\">Ballonfahrt in gro\u00dfer H\u00f6he in der Schweiz<\/a><div class=\"wp-block-coblocks-posts__excerpt\">Ballonfahrt in gro\u00dfer H\u00f6he: Extreme Erfahrung in der Schweiz Sie sind schon einmal mit einem Ballon gefahren und wollen noch h\u00f6her hinaus? Eine Ballonfahrt in gro\u00dfer H\u00f6he ist ein seltenes Erlebnis, das f\u00fcr diejenigen gedacht ist, die etwas ganz Besonderes erleben &hellip; <\/div><\/div><\/div><div class=\"wp-block-coblocks-posts__item\"><div class=\"wp-block-coblocks-posts__image\"><a href=\"https:\/\/www.ballons-du-leman.ch\/de\/ballonfahrt-aperitif\/\" class=\"bg-cover bg-center-center\" style=\"background-image:url(https:\/\/www.ballons-du-leman.ch\/wp-content\/uploads\/2024\/06\/2-1.png)\"><\/a><\/div><div class=\"wp-block-coblocks-posts__content\"><a href=\"https:\/\/www.ballons-du-leman.ch\/de\/ballonfahrt-aperitif\/\" alt=\"Ballonfahrt mit Afterwork-Ap\u00e9ro in der Schweiz\">Ballonfahrt mit Afterwork-Ap\u00e9ro in der Schweiz<\/a><div class=\"wp-block-coblocks-posts__excerpt\">Ballonfahrt: Die luftigste Art der Afterwork-Party Wie w\u00e4re es, wenn Ihr n\u00e4chster Aperitif buchst\u00e4blich in die H\u00f6he steigt? Die Ballonfahrt zum Aperitif bietet Ihnen einen Moment zwischen Himmel und Erde, \u00fcber den Landschaften der Schweiz. Auf dem Programm stehen eine Ballonfahrt &hellip; <\/div><\/div><\/div><div class=\"wp-block-coblocks-posts__item\"><div class=\"wp-block-coblocks-posts__content flex-start\"><a href=\"https:\/\/www.ballons-du-leman.ch\/de\/ballonfahrt-eine-originelle-geschenkidee\/\" alt=\"Ballonfahrt, eine originelle Geschenkidee\">Ballonfahrt, eine originelle Geschenkidee<\/a><div class=\"wp-block-coblocks-posts__excerpt\">Finden Sie eine wirklich originelle Geschenkidee Es ist nicht einfach, eine originelle Geschenkidee zu finden, die sich von den klassischen Dingen unterscheidet und wirklich Freude bereitet. Sie wollen etwas Besonderes, eine \u00dcberraschung, einen Moment, an den sich die Person noch lange &hellip; <\/div><\/div><\/div><div class=\"wp-block-coblocks-posts__item\"><div class=\"wp-block-coblocks-posts__image\"><a href=\"https:\/\/www.ballons-du-leman.ch\/de\/wie-ein-ballon-funktioniert\/\" class=\"bg-cover bg-center-center\" style=\"background-image:url(https:\/\/www.ballons-du-leman.ch\/wp-content\/uploads\/2024\/04\/IMG_0528-scaled.jpg)\"><\/a><\/div><div class=\"wp-block-coblocks-posts__content\"><a href=\"https:\/\/www.ballons-du-leman.ch\/de\/wie-ein-ballon-funktioniert\/\" alt=\"Wie funktioniert ein Hei\u00dfluftballon?\">Wie funktioniert ein Hei\u00dfluftballon?<\/a><div class=\"wp-block-coblocks-posts__excerpt\">Die Funktionsweise eines Hei\u00dfluftballons: eine Reise ins Herz der L\u00fcfte Hei\u00dfluftballons faszinieren Jung und Alt mit ihrem majest\u00e4tischen Aufstieg und ihrer sanften Ballonfahrt. Aber wie genau funktioniert ein Hei\u00dfluftballon? Marie (8 Jahre) und Gr\u00e9goire (9 Jahre) stellten diese Frage an Ga\u00ebl, &hellip; <\/div><\/div><\/div><\/div><\/div>\n<div style=\"height:48px\" aria-hidden=\"true\" class=\"wp-block-spacer\"><\/div>\n","protected":false},"excerpt":{"rendered":"<p>Der Blog \u00fcber Ballonfahrten in der Schweiz Auf dieser Seite finden Sie alle Neuigkeiten \u00fcber die Ballons du L\u00e9man sowie Hintergrundartikel, die Ihnen helfen sollen, eine Ballonfahrt in der Schweiz vorzubereiten, zu verschenken oder selbst zu erleben. F\u00fcr einen guten Start finden Sie unsere Themendossiers : Besuchen Sie auch unsere Seiten zu den verschiedenen Ballonfahrten [&hellip;]<\/p>\n","protected":false},"author":1,"featured_media":0,"parent":0,"menu_order":0,"comment_status":"closed","ping_status":"closed","template":"","meta":{"_acf_changed":false,"_coblocks_attr":"","_coblocks_dimensions":"","_coblocks_responsive_height":"","_coblocks_accordion_ie_support":"","inline_featured_image":false,"footnotes":""},"class_list":["post-4800","page","type-page","status-publish","hentry"],"acf":[],"yoast_head":"<!-- This site is optimized with the Yoast SEO plugin v26.5 - https:\/\/yoast.com\/wordpress\/plugins\/seo\/ -->\n<title>Nachrichten, Tipps und Geschenkideen | Ballonfahrt in der Schweiz<\/title>\n<meta name=\"description\" content=\"Entdecken Sie unsere Artikel \u00fcber Ballonfahrten in der Westschweiz: Geschenkideen, praktische Tipps, Panoramen und Erlebnisse.\" \/>\n<meta name=\"robots\" content=\"index, follow, max-snippet:-1, max-image-preview:large, max-video-preview:-1\" \/>\n<link rel=\"canonical\" href=\"https:\/\/www.ballons-du-leman.ch\/de\/blog\/\" \/>\n<meta property=\"og:locale\" content=\"de_DE\" \/>\n<meta property=\"og:type\" content=\"article\" \/>\n<meta property=\"og:title\" content=\"Nachrichten, Tipps und Geschenkideen | Ballonfahrt in der Schweiz\" \/>\n<meta property=\"og:description\" content=\"Entdecken Sie unsere Artikel \u00fcber Ballonfahrten in der Westschweiz: Geschenkideen, praktische Tipps, Panoramen und Erlebnisse.\" \/>\n<meta property=\"og:url\" content=\"https:\/\/www.ballons-du-leman.ch\/de\/blog\/\" \/>\n<meta property=\"og:site_name\" content=\"Ballons du L\u00e9man\" \/>\n<meta property=\"article:publisher\" content=\"https:\/\/www.facebook.com\/BallonsDuLeman\" \/>\n<meta property=\"article:modified_time\" content=\"2025-12-07T08:42:41+00:00\" \/>\n<meta property=\"og:image\" content=\"https:\/\/www.ballons-du-leman.ch\/wp-content\/uploads\/2024\/01\/vol-montgolfiere-annecy-mont-blanc-alpes-2-1536x863-1.jpg\" \/>\n\t<meta property=\"og:image:width\" content=\"1536\" \/>\n\t<meta property=\"og:image:height\" content=\"863\" \/>\n\t<meta property=\"og:image:type\" content=\"image\/jpeg\" \/>\n<meta name=\"twitter:card\" content=\"summary_large_image\" \/>\n<meta name=\"twitter:label1\" content=\"Gesch\u00e4tzte Lesezeit\" \/>\n\t<meta name=\"twitter:data1\" content=\"1\u00a0Minute\" \/>\n<!-- \/ Yoast SEO plugin. -->","yoast_head_json":{"title":"Nachrichten, Tipps und Geschenkideen | Ballonfahrt in der Schweiz","description":"Entdecken Sie unsere Artikel \u00fcber Ballonfahrten in der Westschweiz: Geschenkideen, praktische Tipps, Panoramen und Erlebnisse.","robots":{"index":"index","follow":"follow","max-snippet":"max-snippet:-1","max-image-preview":"max-image-preview:large","max-video-preview":"max-video-preview:-1"},"canonical":"https:\/\/www.ballons-du-leman.ch\/de\/blog\/","og_locale":"de_DE","og_type":"article","og_title":"Nachrichten, Tipps und Geschenkideen | Ballonfahrt in der Schweiz","og_description":"Entdecken Sie unsere Artikel \u00fcber Ballonfahrten in der Westschweiz: Geschenkideen, praktische Tipps, Panoramen und Erlebnisse.","og_url":"https:\/\/www.ballons-du-leman.ch\/de\/blog\/","og_site_name":"Ballons du L\u00e9man","article_publisher":"https:\/\/www.facebook.com\/BallonsDuLeman","article_modified_time":"2025-12-07T08:42:41+00:00","og_image":[{"width":1536,"height":863,"url":"https:\/\/www.ballons-du-leman.ch\/wp-content\/uploads\/2024\/01\/vol-montgolfiere-annecy-mont-blanc-alpes-2-1536x863-1.jpg","type":"image\/jpeg"}],"twitter_card":"summary_large_image","twitter_misc":{"Gesch\u00e4tzte Lesezeit":"1\u00a0Minute"},"schema":{"@context":"https:\/\/schema.org","@graph":[{"@type":["WebPage","CollectionPage"],"@id":"https:\/\/www.ballons-du-leman.ch\/de\/blog\/","url":"https:\/\/www.ballons-du-leman.ch\/de\/blog\/","name":"Nachrichten, Tipps und Geschenkideen | Ballonfahrt in der Schweiz","isPartOf":{"@id":"https:\/\/www.ballons-du-leman.ch\/de\/#website"},"datePublished":"2025-03-23T06:50:18+00:00","dateModified":"2025-12-07T08:42:41+00:00","description":"Entdecken Sie unsere Artikel \u00fcber Ballonfahrten in der Westschweiz: Geschenkideen, praktische Tipps, Panoramen und Erlebnisse.","breadcrumb":{"@id":"https:\/\/www.ballons-du-leman.ch\/de\/blog\/#breadcrumb"},"inLanguage":"de"},{"@type":"BreadcrumbList","@id":"https:\/\/www.ballons-du-leman.ch\/de\/blog\/#breadcrumb","itemListElement":[{"@type":"ListItem","position":1,"name":"Accueil","item":"https:\/\/www.ballons-du-leman.ch\/de\/startseite\/"},{"@type":"ListItem","position":2,"name":"Blog"}]},{"@type":"WebSite","@id":"https:\/\/www.ballons-du-leman.ch\/de\/#website","url":"https:\/\/www.ballons-du-leman.ch\/de\/","name":"Ballons du L\u00e9man","description":"Vols en montgolfi\u00e8re en Suisse","publisher":{"@id":"https:\/\/www.ballons-du-leman.ch\/de\/#organization"},"potentialAction":[{"@type":"SearchAction","target":{"@type":"EntryPoint","urlTemplate":"https:\/\/www.ballons-du-leman.ch\/de\/?s={search_term_string}"},"query-input":{"@type":"PropertyValueSpecification","valueRequired":true,"valueName":"search_term_string"}}],"inLanguage":"de"},{"@type":"Organization","@id":"https:\/\/www.ballons-du-leman.ch\/de\/#organization","name":"Ballons du L\u00e9man","url":"https:\/\/www.ballons-du-leman.ch\/de\/","logo":{"@type":"ImageObject","inLanguage":"de","@id":"https:\/\/www.ballons-du-leman.ch\/de\/#\/schema\/logo\/image\/","url":"https:\/\/www.ballons-du-leman.ch\/wp-content\/uploads\/2024\/02\/logo-ballons-du-leman.png","contentUrl":"https:\/\/www.ballons-du-leman.ch\/wp-content\/uploads\/2024\/02\/logo-ballons-du-leman.png","width":868,"height":868,"caption":"Ballons du L\u00e9man"},"image":{"@id":"https:\/\/www.ballons-du-leman.ch\/de\/#\/schema\/logo\/image\/"},"sameAs":["https:\/\/www.facebook.com\/BallonsDuLeman","https:\/\/www.youtube.com\/channel\/UCnBvk8L2WR7TIB8RnaKCdBw","https:\/\/www.instagram.com\/ballonsduleman"]}]}},"_links":{"self":[{"href":"https:\/\/www.ballons-du-leman.ch\/de\/wp-json\/wp\/v2\/pages\/4800","targetHints":{"allow":["GET"]}}],"collection":[{"href":"https:\/\/www.ballons-du-leman.ch\/de\/wp-json\/wp\/v2\/pages"}],"about":[{"href":"https:\/\/www.ballons-du-leman.ch\/de\/wp-json\/wp\/v2\/types\/page"}],"author":[{"embeddable":true,"href":"https:\/\/www.ballons-du-leman.ch\/de\/wp-json\/wp\/v2\/users\/1"}],"replies":[{"embeddable":true,"href":"https:\/\/www.ballons-du-leman.ch\/de\/wp-json\/wp\/v2\/comments?post=4800"}],"version-history":[{"count":3,"href":"https:\/\/www.ballons-du-leman.ch\/de\/wp-json\/wp\/v2\/pages\/4800\/revisions"}],"predecessor-version":[{"id":5745,"href":"https:\/\/www.ballons-du-leman.ch\/de\/wp-json\/wp\/v2\/pages\/4800\/revisions\/5745"}],"wp:attachment":[{"href":"https:\/\/www.ballons-du-leman.ch\/de\/wp-json\/wp\/v2\/media?parent=4800"}],"curies":[{"name":"wp","href":"https:\/\/api.w.org\/{rel}","templated":true}]}}