{"id":4787,"date":"2024-01-03T16:15:10","date_gmt":"2024-01-03T16:15:10","guid":{"rendered":"https:\/\/www.ballons-du-leman.ch\/profi-bereich\/"},"modified":"2026-01-05T11:56:16","modified_gmt":"2026-01-05T11:56:16","slug":"profi-bereich","status":"publish","type":"page","link":"https:\/\/www.ballons-du-leman.ch\/de\/profi-bereich\/","title":{"rendered":"Profi-Bereich"},"content":{"rendered":"<div class=\"wp-block-image\">\n<figure class=\"alignright size-full is-resized\"><img loading=\"lazy\" decoding=\"async\" width=\"500\" height=\"667\" src=\"https:\/\/www.ballons-du-leman.ch\/wp-content\/uploads\/2024\/01\/espace-pro.jpg\" alt=\"\" class=\"wp-image-923\" style=\"width:367px;height:auto\" srcset=\"https:\/\/www.ballons-du-leman.ch\/wp-content\/uploads\/2024\/01\/espace-pro.jpg 500w, https:\/\/www.ballons-du-leman.ch\/wp-content\/uploads\/2024\/01\/espace-pro-225x300.jpg 225w, https:\/\/www.ballons-du-leman.ch\/wp-content\/uploads\/2024\/01\/espace-pro-18x24.jpg 18w, https:\/\/www.ballons-du-leman.ch\/wp-content\/uploads\/2024\/01\/espace-pro-27x36.jpg 27w, https:\/\/www.ballons-du-leman.ch\/wp-content\/uploads\/2024\/01\/espace-pro-36x48.jpg 36w\" sizes=\"auto, (max-width: 500px) 100vw, 500px\" \/><\/figure><\/div>\n<h2 class=\"wp-block-heading\">Hissen Sie die Farben Ihres Unternehmens, indem Sie den Ball individuell gestalten.<\/h2>\n\n<p>Der Hei\u00dfluftballon ist umweltfreundlich, steht im Einklang mit den Werten der nachhaltigen Entwicklung, Teamarbeit, Meisterschaft und Panoramablick und ist ein beliebter Botschafter f\u00fcr viele Unternehmen.<\/p>\n\n<p>Wir bieten Ihnen 3 Arten von Dienstleistungen an:<\/p>\n\n<ul class=\"wp-block-list\">\n<li>Werbeflug<\/li>\n\n\n\n<li>Die Veranstaltungsleistung<\/li>\n\n\n\n<li>Diebstahl von Public Relations<\/li>\n<\/ul>\n\n<p>Da uns das Image Ihres Unternehmens am Herzen liegt, bieten wir Ihnen ma\u00dfgeschneiderte L\u00f6sungen, die zu Ihrer Werbe- oder Kommunikationslinie passen. Z\u00f6gern Sie nicht, uns Ihr Projekt zu unterbreiten. Wir werden unser Fachwissen und unsere Kenntnisse in Ihre Dienste stellen, um Ihnen ein Gesamtangebot zu unterbreiten, das Ihrer Unternehmensphilosophie entspricht. <\/p>\n\n<h2 class=\"wp-block-heading\">Versicherungen<\/h2>\n\n<p>BALLONS du LEMAN ist ein Unternehmen, das vom Bundesamt f\u00fcr Zivilluftfahrt f\u00fcr die Bef\u00f6rderung von Passagieren und f\u00fcr Luftarbeit zugelassen ist. Wir operieren unter der Nummer: CH-BAL BB 8036. <\/p>\n\n<p>Wir erf\u00fcllen alle gesetzlichen und sicherheitsrelevanten Anforderungen. Unsere Flugstandards sind oft viel restriktiver als die verschiedenen geltenden Gesetze. <\/p>\n\n<p>Unsere Piloten sind mit unseren Fluggebieten bestens vertraut und werden st\u00e4ndig geschult, um maximale Sicherheit zu gew\u00e4hrleisten. Unser Material wird regelm\u00e4\u00dfig von einer unabh\u00e4ngigen, professionellen Organisation \u00fcberpr\u00fcft.<br\/>Wir verf\u00fcgen \u00fcber eine der modernsten Flotten der Schweiz. <\/p>\n\n<p>Alle unsere Passagiere erhalten ein umfassendes Briefing, bevor sie an Bord unserer Ballons gehen.<\/p>\n\n<p>Dar\u00fcber hinaus halten wir unsere Versicherungsnachweise f\u00fcr Unternehmen bereit, die einen Antrag stellen. Die von uns angebotenen Garantien gehen weit \u00fcber die erforderliche Mindestdeckung hinaus. <\/p>\n","protected":false},"excerpt":{"rendered":"<p>Hissen Sie die Farben Ihres Unternehmens, indem Sie den Ball individuell gestalten. Der Hei\u00dfluftballon ist umweltfreundlich, steht im Einklang mit den Werten der nachhaltigen Entwicklung, Teamarbeit, Meisterschaft und Panoramablick und ist ein beliebter Botschafter f\u00fcr viele Unternehmen. Wir bieten Ihnen 3 Arten von Dienstleistungen an: Da uns das Image Ihres Unternehmens am Herzen liegt, bieten [&hellip;]<\/p>\n","protected":false},"author":1,"featured_media":4788,"parent":0,"menu_order":0,"comment_status":"closed","ping_status":"closed","template":"","meta":{"_acf_changed":false,"_coblocks_attr":"","_coblocks_dimensions":"","_coblocks_responsive_height":"","_coblocks_accordion_ie_support":"","inline_featured_image":false,"footnotes":""},"class_list":["post-4787","page","type-page","status-publish","has-post-thumbnail","hentry"],"acf":[],"yoast_head":"<!-- This site is optimized with the Yoast SEO plugin v26.5 - https:\/\/yoast.com\/wordpress\/plugins\/seo\/ -->\n<title>Dienstleistungen f\u00fcr Gesch\u00e4ftsleute | Ballons du L\u00e9man<\/title>\n<meta name=\"description\" content=\"Werten Sie Ihr Unternehmen mit unseren Werbefl\u00fcgen und Veranstaltungen im Hei\u00dfluftballon auf. Ma\u00dfgeschneiderte L\u00f6sungen, garantierte Sicherheit und Innovation.\" \/>\n<meta name=\"robots\" content=\"index, follow, max-snippet:-1, max-image-preview:large, max-video-preview:-1\" \/>\n<link rel=\"canonical\" href=\"https:\/\/www.ballons-du-leman.ch\/de\/profi-bereich\/\" \/>\n<meta property=\"og:locale\" content=\"de_DE\" \/>\n<meta property=\"og:type\" content=\"article\" \/>\n<meta property=\"og:title\" content=\"Dienstleistungen f\u00fcr Gesch\u00e4ftsleute | Ballons du L\u00e9man\" \/>\n<meta property=\"og:description\" content=\"Werten Sie Ihr Unternehmen mit unseren Werbefl\u00fcgen und Veranstaltungen im Hei\u00dfluftballon auf. Ma\u00dfgeschneiderte L\u00f6sungen, garantierte Sicherheit und Innovation.\" \/>\n<meta property=\"og:url\" content=\"https:\/\/www.ballons-du-leman.ch\/de\/profi-bereich\/\" \/>\n<meta property=\"og:site_name\" content=\"Ballons du L\u00e9man\" \/>\n<meta property=\"article:publisher\" content=\"https:\/\/www.facebook.com\/BallonsDuLeman\" \/>\n<meta property=\"article:modified_time\" content=\"2026-01-05T11:56:16+00:00\" \/>\n<meta property=\"og:image\" content=\"https:\/\/www.ballons-du-leman.ch\/wp-content\/uploads\/2024\/01\/baniere-pro.webp\" \/>\n\t<meta property=\"og:image:width\" content=\"2000\" \/>\n\t<meta property=\"og:image:height\" content=\"1125\" \/>\n\t<meta property=\"og:image:type\" content=\"image\/webp\" \/>\n<meta name=\"twitter:card\" content=\"summary_large_image\" \/>\n<meta name=\"twitter:label1\" content=\"Gesch\u00e4tzte Lesezeit\" \/>\n\t<meta name=\"twitter:data1\" content=\"1\u00a0Minute\" \/>\n<!-- \/ Yoast SEO plugin. -->","yoast_head_json":{"title":"Dienstleistungen f\u00fcr Gesch\u00e4ftsleute | Ballons du L\u00e9man","description":"Werten Sie Ihr Unternehmen mit unseren Werbefl\u00fcgen und Veranstaltungen im Hei\u00dfluftballon auf. Ma\u00dfgeschneiderte L\u00f6sungen, garantierte Sicherheit und Innovation.","robots":{"index":"index","follow":"follow","max-snippet":"max-snippet:-1","max-image-preview":"max-image-preview:large","max-video-preview":"max-video-preview:-1"},"canonical":"https:\/\/www.ballons-du-leman.ch\/de\/profi-bereich\/","og_locale":"de_DE","og_type":"article","og_title":"Dienstleistungen f\u00fcr Gesch\u00e4ftsleute | Ballons du L\u00e9man","og_description":"Werten Sie Ihr Unternehmen mit unseren Werbefl\u00fcgen und Veranstaltungen im Hei\u00dfluftballon auf. Ma\u00dfgeschneiderte L\u00f6sungen, garantierte Sicherheit und Innovation.","og_url":"https:\/\/www.ballons-du-leman.ch\/de\/profi-bereich\/","og_site_name":"Ballons du L\u00e9man","article_publisher":"https:\/\/www.facebook.com\/BallonsDuLeman","article_modified_time":"2026-01-05T11:56:16+00:00","og_image":[{"width":2000,"height":1125,"url":"https:\/\/www.ballons-du-leman.ch\/wp-content\/uploads\/2024\/01\/baniere-pro.webp","type":"image\/webp"}],"twitter_card":"summary_large_image","twitter_misc":{"Gesch\u00e4tzte Lesezeit":"1\u00a0Minute"},"schema":{"@context":"https:\/\/schema.org","@graph":[{"@type":"WebPage","@id":"https:\/\/www.ballons-du-leman.ch\/de\/profi-bereich\/","url":"https:\/\/www.ballons-du-leman.ch\/de\/profi-bereich\/","name":"Dienstleistungen f\u00fcr Gesch\u00e4ftsleute | Ballons du L\u00e9man","isPartOf":{"@id":"https:\/\/www.ballons-du-leman.ch\/de\/#website"},"primaryImageOfPage":{"@id":"https:\/\/www.ballons-du-leman.ch\/de\/profi-bereich\/#primaryimage"},"image":{"@id":"https:\/\/www.ballons-du-leman.ch\/de\/profi-bereich\/#primaryimage"},"thumbnailUrl":"https:\/\/www.ballons-du-leman.ch\/wp-content\/uploads\/2024\/01\/baniere-pro.webp","datePublished":"2024-01-03T16:15:10+00:00","dateModified":"2026-01-05T11:56:16+00:00","description":"Werten Sie Ihr Unternehmen mit unseren Werbefl\u00fcgen und Veranstaltungen im Hei\u00dfluftballon auf. Ma\u00dfgeschneiderte L\u00f6sungen, garantierte Sicherheit und Innovation.","breadcrumb":{"@id":"https:\/\/www.ballons-du-leman.ch\/de\/profi-bereich\/#breadcrumb"},"inLanguage":"de","potentialAction":[{"@type":"ReadAction","target":["https:\/\/www.ballons-du-leman.ch\/de\/profi-bereich\/"]}]},{"@type":"ImageObject","inLanguage":"de","@id":"https:\/\/www.ballons-du-leman.ch\/de\/profi-bereich\/#primaryimage","url":"https:\/\/www.ballons-du-leman.ch\/wp-content\/uploads\/2024\/01\/baniere-pro.webp","contentUrl":"https:\/\/www.ballons-du-leman.ch\/wp-content\/uploads\/2024\/01\/baniere-pro.webp","width":2000,"height":1125},{"@type":"BreadcrumbList","@id":"https:\/\/www.ballons-du-leman.ch\/de\/profi-bereich\/#breadcrumb","itemListElement":[{"@type":"ListItem","position":1,"name":"Accueil","item":"https:\/\/www.ballons-du-leman.ch\/de\/startseite\/"},{"@type":"ListItem","position":2,"name":"Profi-Bereich"}]},{"@type":"WebSite","@id":"https:\/\/www.ballons-du-leman.ch\/de\/#website","url":"https:\/\/www.ballons-du-leman.ch\/de\/","name":"Ballons du L\u00e9man","description":"Vols en montgolfi\u00e8re en Suisse","publisher":{"@id":"https:\/\/www.ballons-du-leman.ch\/de\/#organization"},"potentialAction":[{"@type":"SearchAction","target":{"@type":"EntryPoint","urlTemplate":"https:\/\/www.ballons-du-leman.ch\/de\/?s={search_term_string}"},"query-input":{"@type":"PropertyValueSpecification","valueRequired":true,"valueName":"search_term_string"}}],"inLanguage":"de"},{"@type":"Organization","@id":"https:\/\/www.ballons-du-leman.ch\/de\/#organization","name":"Ballons du L\u00e9man","url":"https:\/\/www.ballons-du-leman.ch\/de\/","logo":{"@type":"ImageObject","inLanguage":"de","@id":"https:\/\/www.ballons-du-leman.ch\/de\/#\/schema\/logo\/image\/","url":"https:\/\/www.ballons-du-leman.ch\/wp-content\/uploads\/2024\/02\/logo-ballons-du-leman.png","contentUrl":"https:\/\/www.ballons-du-leman.ch\/wp-content\/uploads\/2024\/02\/logo-ballons-du-leman.png","width":868,"height":868,"caption":"Ballons du L\u00e9man"},"image":{"@id":"https:\/\/www.ballons-du-leman.ch\/de\/#\/schema\/logo\/image\/"},"sameAs":["https:\/\/www.facebook.com\/BallonsDuLeman","https:\/\/www.youtube.com\/channel\/UCnBvk8L2WR7TIB8RnaKCdBw","https:\/\/www.instagram.com\/ballonsduleman"]}]}},"_links":{"self":[{"href":"https:\/\/www.ballons-du-leman.ch\/de\/wp-json\/wp\/v2\/pages\/4787","targetHints":{"allow":["GET"]}}],"collection":[{"href":"https:\/\/www.ballons-du-leman.ch\/de\/wp-json\/wp\/v2\/pages"}],"about":[{"href":"https:\/\/www.ballons-du-leman.ch\/de\/wp-json\/wp\/v2\/types\/page"}],"author":[{"embeddable":true,"href":"https:\/\/www.ballons-du-leman.ch\/de\/wp-json\/wp\/v2\/users\/1"}],"replies":[{"embeddable":true,"href":"https:\/\/www.ballons-du-leman.ch\/de\/wp-json\/wp\/v2\/comments?post=4787"}],"version-history":[{"count":2,"href":"https:\/\/www.ballons-du-leman.ch\/de\/wp-json\/wp\/v2\/pages\/4787\/revisions"}],"predecessor-version":[{"id":6012,"href":"https:\/\/www.ballons-du-leman.ch\/de\/wp-json\/wp\/v2\/pages\/4787\/revisions\/6012"}],"wp:featuredmedia":[{"embeddable":true,"href":"https:\/\/www.ballons-du-leman.ch\/de\/wp-json\/wp\/v2\/media\/4788"}],"wp:attachment":[{"href":"https:\/\/www.ballons-du-leman.ch\/de\/wp-json\/wp\/v2\/media?parent=4787"}],"curies":[{"name":"wp","href":"https:\/\/api.w.org\/{rel}","templated":true}]}}