{"id":4775,"date":"2024-01-03T16:10:43","date_gmt":"2024-01-03T16:10:43","guid":{"rendered":"https:\/\/www.ballons-du-leman.ch\/kontakt\/"},"modified":"2026-01-05T11:56:16","modified_gmt":"2026-01-05T11:56:16","slug":"kontakt","status":"publish","type":"page","link":"https:\/\/www.ballons-du-leman.ch\/de\/kontakt\/","title":{"rendered":"Kontakt"},"content":{"rendered":"\n<h3 class=\"wp-block-heading\">Unser Team steht Ihnen jeden Tag der Woche w\u00e4hrend der Gesch\u00e4ftszeiten zur Verf\u00fcgung. Z\u00f6gern Sie nicht, sie um Informationen zu bitten, ein kostenloses Angebot anzufordern oder eine Frage zu einem unserer Flugerlebnisse zu stellen. <\/h3>\n\n<p>Alle Felder sind erforderlich.<\/p>\n\n<div class=\"wpcf7 no-js\" id=\"wpcf7-f5012-o1\" lang=\"de-DE\" dir=\"ltr\" data-wpcf7-id=\"5012\">\n<div class=\"screen-reader-response\"><p role=\"status\" aria-live=\"polite\" aria-atomic=\"true\"><\/p> <ul><\/ul><\/div>\n<form action=\"\/de\/wp-json\/wp\/v2\/pages\/4775#wpcf7-f5012-o1\" method=\"post\" class=\"wpcf7-form init\" aria-label=\"Kontaktformular\" novalidate=\"novalidate\" data-status=\"init\">\n<fieldset class=\"hidden-fields-container\"><input type=\"hidden\" name=\"_wpcf7\" value=\"5012\" \/><input type=\"hidden\" name=\"_wpcf7_version\" value=\"6.1.4\" \/><input type=\"hidden\" name=\"_wpcf7_locale\" value=\"de_DE\" \/><input type=\"hidden\" name=\"_wpcf7_unit_tag\" value=\"wpcf7-f5012-o1\" \/><input type=\"hidden\" name=\"_wpcf7_container_post\" value=\"0\" \/><input type=\"hidden\" name=\"_wpcf7_posted_data_hash\" value=\"\" \/><input type=\"hidden\" name=\"_wpcf7_recaptcha_response\" value=\"\" \/>\n<\/fieldset>\n<div class=\"line\">\n\t<div class=\"field\">\n\t\t<p><span class=\"wpcf7-form-control-wrap\" data-name=\"your-name\"><input size=\"40\" maxlength=\"400\" class=\"wpcf7-form-control wpcf7-text wpcf7-validates-as-required\" id=\"your-name\" aria-required=\"true\" aria-invalid=\"false\" placeholder=\"Name\" value=\"\" type=\"text\" name=\"your-name\" \/><\/span>\n\t\t<\/p>\n\t<\/div>\n<\/div>\n<div class=\"line\">\n\t<div class=\"field\">\n\t\t<p><span class=\"wpcf7-form-control-wrap\" data-name=\"your-firstname\"><input size=\"40\" maxlength=\"400\" class=\"wpcf7-form-control wpcf7-text wpcf7-validates-as-required\" id=\"your-firstname\" aria-required=\"true\" aria-invalid=\"false\" placeholder=\"Vorname\" value=\"\" type=\"text\" name=\"your-firstname\" \/><\/span>\n\t\t<\/p>\n\t<\/div>\n<\/div>\n<div class=\"line\">\n\t<div class=\"field\">\n\t\t<p><span class=\"wpcf7-form-control-wrap\" data-name=\"telephone\"><input size=\"40\" class=\"wpcf7-form-control wpcf7-phonetext wpcf7-validates-as-required wpcf7-text wpcf7-validates-as-phonetext\" data-numberonly=\"true\" aria-required=\"true\" aria-invalid=\"false\" placeholder=\"Telefon\" value=\"\" type=\"text\" name=\"telephone\" \/><input type=\"hidden\" name=\"telephone-country-code\" class=\"wpcf7-phonetext-country-code\" \/><\/span>\n\t\t<\/p>\n\t<\/div>\n<\/div>\n<div class=\"line\">\n\t<div class=\"field\">\n\t\t<p><span class=\"wpcf7-form-control-wrap\" data-name=\"your-email\"><input size=\"40\" maxlength=\"400\" class=\"wpcf7-form-control wpcf7-email wpcf7-validates-as-required wpcf7-text wpcf7-validates-as-email\" id=\"your-email\" aria-required=\"true\" aria-invalid=\"false\" placeholder=\"Email\" value=\"\" type=\"email\" name=\"your-email\" \/><\/span>\n\t\t<\/p>\n\t<\/div>\n<\/div>\n<div class=\"line\">\n\t<div class=\"field\">\n\t\t<p><span class=\"wpcf7-form-control-wrap\" data-name=\"your-message\"><textarea cols=\"40\" rows=\"10\" maxlength=\"2000\" class=\"wpcf7-form-control wpcf7-textarea wpcf7-validates-as-required\" id=\"your-message\" aria-required=\"true\" aria-invalid=\"false\" placeholder=\"Nachricht\" name=\"your-message\"><\/textarea><\/span>\n\t\t<\/p>\n\t<\/div>\n<\/div>\n<div class=\"line checkbox\">\n\t<p><span class=\"wpcf7-form-control-wrap\" data-name=\"contact-rgpd\"><span class=\"wpcf7-form-control wpcf7-acceptance\"><span class=\"wpcf7-list-item\"><label><input type=\"checkbox\" name=\"contact-rgpd\" value=\"1\" id=\"contact-rgpd\" aria-invalid=\"false\" \/><span class=\"wpcf7-list-item-label\">Ich habe die <a href=\"https:\/\/www.ballons-du-leman.ch\/politique-de-confidentialite\/\" target=\"_blank\">Datenschutzbestimmungen<\/a> dieser Website gelesen und akzeptiere sie.<\/span><\/label><\/span><\/span><\/span>\n\t<\/p>\n<\/div>\n<div class=\"submit-container cf\">\n\t<p><input class=\"wpcf7-form-control wpcf7-submit has-spinner btn btn-bleu\" type=\"submit\" value=\"Schreiben Sie uns\" \/>\n\t<\/p>\n<\/div><div class=\"wpcf7-response-output\" aria-hidden=\"true\"><\/div>\n<\/form>\n<\/div>\n\n","protected":false},"excerpt":{"rendered":"<p>Unser Team steht Ihnen jeden Tag der Woche w\u00e4hrend der Gesch\u00e4ftszeiten zur Verf\u00fcgung. Z\u00f6gern Sie nicht, sie um Informationen zu bitten, ein kostenloses Angebot anzufordern oder eine Frage zu einem unserer Flugerlebnisse zu stellen. Alle Felder sind erforderlich.<\/p>\n","protected":false},"author":1,"featured_media":4779,"parent":0,"menu_order":0,"comment_status":"closed","ping_status":"closed","template":"page-templates\/page-contact.php","meta":{"_acf_changed":false,"_coblocks_attr":"","_coblocks_dimensions":"","_coblocks_responsive_height":"","_coblocks_accordion_ie_support":"","inline_featured_image":false,"footnotes":""},"class_list":["post-4775","page","type-page","status-publish","has-post-thumbnail","hentry"],"acf":[],"yoast_head":"<!-- This site is optimized with the Yoast SEO plugin v26.5 - https:\/\/yoast.com\/wordpress\/plugins\/seo\/ -->\n<title>Kontakt | Ballons du L\u00e9man<\/title>\n<meta name=\"robots\" content=\"index, follow, max-snippet:-1, max-image-preview:large, max-video-preview:-1\" \/>\n<link rel=\"canonical\" href=\"https:\/\/www.ballons-du-leman.ch\/de\/kontakt\/\" \/>\n<meta property=\"og:locale\" content=\"de_DE\" \/>\n<meta property=\"og:type\" content=\"article\" \/>\n<meta property=\"og:title\" content=\"Kontakt | Ballons du L\u00e9man\" \/>\n<meta property=\"og:description\" content=\"Unser Team steht Ihnen jeden Tag der Woche w\u00e4hrend der Gesch\u00e4ftszeiten zur Verf\u00fcgung. Z\u00f6gern Sie nicht, sie um Informationen zu bitten, ein kostenloses Angebot anzufordern oder eine Frage zu einem unserer Flugerlebnisse zu stellen. Alle Felder sind erforderlich.\" \/>\n<meta property=\"og:url\" content=\"https:\/\/www.ballons-du-leman.ch\/de\/kontakt\/\" \/>\n<meta property=\"og:site_name\" content=\"Ballons du L\u00e9man\" \/>\n<meta property=\"article:publisher\" content=\"https:\/\/www.facebook.com\/BallonsDuLeman\" \/>\n<meta property=\"article:modified_time\" content=\"2026-01-05T11:56:16+00:00\" \/>\n<meta property=\"og:image\" content=\"https:\/\/www.ballons-du-leman.ch\/wp-content\/uploads\/2024\/01\/traversee-2.webp\" \/>\n\t<meta property=\"og:image:width\" content=\"2048\" \/>\n\t<meta property=\"og:image:height\" content=\"1536\" \/>\n\t<meta property=\"og:image:type\" content=\"image\/webp\" \/>\n<meta name=\"twitter:card\" content=\"summary_large_image\" \/>\n<!-- \/ Yoast SEO plugin. -->","yoast_head_json":{"title":"Kontakt | Ballons du L\u00e9man","robots":{"index":"index","follow":"follow","max-snippet":"max-snippet:-1","max-image-preview":"max-image-preview:large","max-video-preview":"max-video-preview:-1"},"canonical":"https:\/\/www.ballons-du-leman.ch\/de\/kontakt\/","og_locale":"de_DE","og_type":"article","og_title":"Kontakt | Ballons du L\u00e9man","og_description":"Unser Team steht Ihnen jeden Tag der Woche w\u00e4hrend der Gesch\u00e4ftszeiten zur Verf\u00fcgung. Z\u00f6gern Sie nicht, sie um Informationen zu bitten, ein kostenloses Angebot anzufordern oder eine Frage zu einem unserer Flugerlebnisse zu stellen. Alle Felder sind erforderlich.","og_url":"https:\/\/www.ballons-du-leman.ch\/de\/kontakt\/","og_site_name":"Ballons du L\u00e9man","article_publisher":"https:\/\/www.facebook.com\/BallonsDuLeman","article_modified_time":"2026-01-05T11:56:16+00:00","og_image":[{"width":2048,"height":1536,"url":"https:\/\/www.ballons-du-leman.ch\/wp-content\/uploads\/2024\/01\/traversee-2.webp","type":"image\/webp"}],"twitter_card":"summary_large_image","schema":{"@context":"https:\/\/schema.org","@graph":[{"@type":"WebPage","@id":"https:\/\/www.ballons-du-leman.ch\/de\/kontakt\/","url":"https:\/\/www.ballons-du-leman.ch\/de\/kontakt\/","name":"Kontakt | Ballons du L\u00e9man","isPartOf":{"@id":"https:\/\/www.ballons-du-leman.ch\/de\/#website"},"primaryImageOfPage":{"@id":"https:\/\/www.ballons-du-leman.ch\/de\/kontakt\/#primaryimage"},"image":{"@id":"https:\/\/www.ballons-du-leman.ch\/de\/kontakt\/#primaryimage"},"thumbnailUrl":"https:\/\/www.ballons-du-leman.ch\/wp-content\/uploads\/2024\/01\/traversee-2.webp","datePublished":"2024-01-03T16:10:43+00:00","dateModified":"2026-01-05T11:56:16+00:00","breadcrumb":{"@id":"https:\/\/www.ballons-du-leman.ch\/de\/kontakt\/#breadcrumb"},"inLanguage":"de","potentialAction":[{"@type":"ReadAction","target":["https:\/\/www.ballons-du-leman.ch\/de\/kontakt\/"]}]},{"@type":"ImageObject","inLanguage":"de","@id":"https:\/\/www.ballons-du-leman.ch\/de\/kontakt\/#primaryimage","url":"https:\/\/www.ballons-du-leman.ch\/wp-content\/uploads\/2024\/01\/traversee-2.webp","contentUrl":"https:\/\/www.ballons-du-leman.ch\/wp-content\/uploads\/2024\/01\/traversee-2.webp","width":2048,"height":1536},{"@type":"BreadcrumbList","@id":"https:\/\/www.ballons-du-leman.ch\/de\/kontakt\/#breadcrumb","itemListElement":[{"@type":"ListItem","position":1,"name":"Accueil","item":"https:\/\/www.ballons-du-leman.ch\/de\/startseite\/"},{"@type":"ListItem","position":2,"name":"Kontakt"}]},{"@type":"WebSite","@id":"https:\/\/www.ballons-du-leman.ch\/de\/#website","url":"https:\/\/www.ballons-du-leman.ch\/de\/","name":"Ballons du L\u00e9man","description":"Vols en montgolfi\u00e8re en Suisse","publisher":{"@id":"https:\/\/www.ballons-du-leman.ch\/de\/#organization"},"potentialAction":[{"@type":"SearchAction","target":{"@type":"EntryPoint","urlTemplate":"https:\/\/www.ballons-du-leman.ch\/de\/?s={search_term_string}"},"query-input":{"@type":"PropertyValueSpecification","valueRequired":true,"valueName":"search_term_string"}}],"inLanguage":"de"},{"@type":"Organization","@id":"https:\/\/www.ballons-du-leman.ch\/de\/#organization","name":"Ballons du L\u00e9man","url":"https:\/\/www.ballons-du-leman.ch\/de\/","logo":{"@type":"ImageObject","inLanguage":"de","@id":"https:\/\/www.ballons-du-leman.ch\/de\/#\/schema\/logo\/image\/","url":"https:\/\/www.ballons-du-leman.ch\/wp-content\/uploads\/2024\/02\/logo-ballons-du-leman.png","contentUrl":"https:\/\/www.ballons-du-leman.ch\/wp-content\/uploads\/2024\/02\/logo-ballons-du-leman.png","width":868,"height":868,"caption":"Ballons du L\u00e9man"},"image":{"@id":"https:\/\/www.ballons-du-leman.ch\/de\/#\/schema\/logo\/image\/"},"sameAs":["https:\/\/www.facebook.com\/BallonsDuLeman","https:\/\/www.youtube.com\/channel\/UCnBvk8L2WR7TIB8RnaKCdBw","https:\/\/www.instagram.com\/ballonsduleman"]}]}},"_links":{"self":[{"href":"https:\/\/www.ballons-du-leman.ch\/de\/wp-json\/wp\/v2\/pages\/4775","targetHints":{"allow":["GET"]}}],"collection":[{"href":"https:\/\/www.ballons-du-leman.ch\/de\/wp-json\/wp\/v2\/pages"}],"about":[{"href":"https:\/\/www.ballons-du-leman.ch\/de\/wp-json\/wp\/v2\/types\/page"}],"author":[{"embeddable":true,"href":"https:\/\/www.ballons-du-leman.ch\/de\/wp-json\/wp\/v2\/users\/1"}],"replies":[{"embeddable":true,"href":"https:\/\/www.ballons-du-leman.ch\/de\/wp-json\/wp\/v2\/comments?post=4775"}],"version-history":[{"count":3,"href":"https:\/\/www.ballons-du-leman.ch\/de\/wp-json\/wp\/v2\/pages\/4775\/revisions"}],"predecessor-version":[{"id":5163,"href":"https:\/\/www.ballons-du-leman.ch\/de\/wp-json\/wp\/v2\/pages\/4775\/revisions\/5163"}],"wp:featuredmedia":[{"embeddable":true,"href":"https:\/\/www.ballons-du-leman.ch\/de\/wp-json\/wp\/v2\/media\/4779"}],"wp:attachment":[{"href":"https:\/\/www.ballons-du-leman.ch\/de\/wp-json\/wp\/v2\/media?parent=4775"}],"curies":[{"name":"wp","href":"https:\/\/api.w.org\/{rel}","templated":true}]}}