{"id":4767,"date":"2024-01-04T08:47:38","date_gmt":"2024-01-04T08:47:38","guid":{"rendered":"https:\/\/www.ballons-du-leman.ch\/unsere-flugregionen\/"},"modified":"2026-01-05T11:56:17","modified_gmt":"2026-01-05T11:56:17","slug":"unsere-flugregionen","status":"publish","type":"page","link":"https:\/\/www.ballons-du-leman.ch\/de\/unsere-flugregionen\/","title":{"rendered":"Unsere Flugregionen"},"content":{"rendered":"\n<p>Nachdem BALLONS du L\u00c9MAN die Region auf zahlreichen Fl\u00fcgen erkundet hat, w\u00e4hlte er exklusive Flugpl\u00e4tze aufgrund der Sch\u00f6nheit der Orte und der Aussicht aus.<\/p>\n\n<p>Wir bieten Ihnen einzigartige Balkone in der Ebene oder in den Bergen, um die Alpen und das Genferseegebiet aus einem anderen Blickwinkel zu bewundern!<\/p>\n","protected":false},"excerpt":{"rendered":"<p>Nachdem BALLONS du L\u00c9MAN die Region auf zahlreichen Fl\u00fcgen erkundet hat, w\u00e4hlte er exklusive Flugpl\u00e4tze aufgrund der Sch\u00f6nheit der Orte und der Aussicht aus. Wir bieten Ihnen einzigartige Balkone in der Ebene oder in den Bergen, um die Alpen und das Genferseegebiet aus einem anderen Blickwinkel zu bewundern!<\/p>\n","protected":false},"author":1,"featured_media":0,"parent":0,"menu_order":0,"comment_status":"closed","ping_status":"closed","template":"page-templates\/page-regions.php","meta":{"_acf_changed":false,"_coblocks_attr":"","_coblocks_dimensions":"","_coblocks_responsive_height":"","_coblocks_accordion_ie_support":"","inline_featured_image":false,"footnotes":""},"class_list":["post-4767","page","type-page","status-publish","hentry"],"acf":[],"yoast_head":"<!-- This site is optimized with the Yoast SEO plugin v26.5 - https:\/\/yoast.com\/wordpress\/plugins\/seo\/ -->\n<title>Unsere Fluggebiete in der Schweiz | Ballons du L\u00e9man<\/title>\n<meta name=\"robots\" content=\"index, follow, max-snippet:-1, max-image-preview:large, max-video-preview:-1\" \/>\n<link rel=\"canonical\" href=\"https:\/\/www.ballons-du-leman.ch\/de\/unsere-flugregionen\/\" \/>\n<meta property=\"og:locale\" content=\"de_DE\" \/>\n<meta property=\"og:type\" content=\"article\" \/>\n<meta property=\"og:title\" content=\"Unsere Fluggebiete in der Schweiz | Ballons du L\u00e9man\" \/>\n<meta property=\"og:description\" content=\"Nachdem BALLONS du L\u00c9MAN die Region auf zahlreichen Fl\u00fcgen erkundet hat, w\u00e4hlte er exklusive Flugpl\u00e4tze aufgrund der Sch\u00f6nheit der Orte und der Aussicht aus. Wir bieten Ihnen einzigartige Balkone in der Ebene oder in den Bergen, um die Alpen und das Genferseegebiet aus einem anderen Blickwinkel zu bewundern!\" \/>\n<meta property=\"og:url\" content=\"https:\/\/www.ballons-du-leman.ch\/de\/unsere-flugregionen\/\" \/>\n<meta property=\"og:site_name\" content=\"Ballons du L\u00e9man\" \/>\n<meta property=\"article:publisher\" content=\"https:\/\/www.facebook.com\/BallonsDuLeman\" \/>\n<meta property=\"article:modified_time\" content=\"2026-01-05T11:56:17+00:00\" \/>\n<meta property=\"og:image\" content=\"https:\/\/www.ballons-du-leman.ch\/wp-content\/uploads\/2024\/10\/default-slider.webp\" \/>\n\t<meta property=\"og:image:width\" content=\"2524\" \/>\n\t<meta property=\"og:image:height\" content=\"2524\" \/>\n\t<meta property=\"og:image:type\" content=\"image\/webp\" \/>\n<meta name=\"twitter:card\" content=\"summary_large_image\" \/>\n<!-- \/ Yoast SEO plugin. -->","yoast_head_json":{"title":"Unsere Fluggebiete in der Schweiz | Ballons du L\u00e9man","robots":{"index":"index","follow":"follow","max-snippet":"max-snippet:-1","max-image-preview":"max-image-preview:large","max-video-preview":"max-video-preview:-1"},"canonical":"https:\/\/www.ballons-du-leman.ch\/de\/unsere-flugregionen\/","og_locale":"de_DE","og_type":"article","og_title":"Unsere Fluggebiete in der Schweiz | Ballons du L\u00e9man","og_description":"Nachdem BALLONS du L\u00c9MAN die Region auf zahlreichen Fl\u00fcgen erkundet hat, w\u00e4hlte er exklusive Flugpl\u00e4tze aufgrund der Sch\u00f6nheit der Orte und der Aussicht aus. Wir bieten Ihnen einzigartige Balkone in der Ebene oder in den Bergen, um die Alpen und das Genferseegebiet aus einem anderen Blickwinkel zu bewundern!","og_url":"https:\/\/www.ballons-du-leman.ch\/de\/unsere-flugregionen\/","og_site_name":"Ballons du L\u00e9man","article_publisher":"https:\/\/www.facebook.com\/BallonsDuLeman","article_modified_time":"2026-01-05T11:56:17+00:00","og_image":[{"width":2524,"height":2524,"url":"https:\/\/www.ballons-du-leman.ch\/wp-content\/uploads\/2024\/10\/default-slider.webp","type":"image\/webp"}],"twitter_card":"summary_large_image","schema":{"@context":"https:\/\/schema.org","@graph":[{"@type":"WebPage","@id":"https:\/\/www.ballons-du-leman.ch\/de\/unsere-flugregionen\/","url":"https:\/\/www.ballons-du-leman.ch\/de\/unsere-flugregionen\/","name":"Unsere Fluggebiete in der Schweiz | Ballons du L\u00e9man","isPartOf":{"@id":"https:\/\/www.ballons-du-leman.ch\/de\/#website"},"datePublished":"2024-01-04T08:47:38+00:00","dateModified":"2026-01-05T11:56:17+00:00","breadcrumb":{"@id":"https:\/\/www.ballons-du-leman.ch\/de\/unsere-flugregionen\/#breadcrumb"},"inLanguage":"de","potentialAction":[{"@type":"ReadAction","target":["https:\/\/www.ballons-du-leman.ch\/de\/unsere-flugregionen\/"]}]},{"@type":"BreadcrumbList","@id":"https:\/\/www.ballons-du-leman.ch\/de\/unsere-flugregionen\/#breadcrumb","itemListElement":[{"@type":"ListItem","position":1,"name":"Accueil","item":"https:\/\/www.ballons-du-leman.ch\/de\/startseite\/"},{"@type":"ListItem","position":2,"name":"Unsere Flugregionen"}]},{"@type":"WebSite","@id":"https:\/\/www.ballons-du-leman.ch\/de\/#website","url":"https:\/\/www.ballons-du-leman.ch\/de\/","name":"Ballons du L\u00e9man","description":"Vols en montgolfi\u00e8re en Suisse","publisher":{"@id":"https:\/\/www.ballons-du-leman.ch\/de\/#organization"},"potentialAction":[{"@type":"SearchAction","target":{"@type":"EntryPoint","urlTemplate":"https:\/\/www.ballons-du-leman.ch\/de\/?s={search_term_string}"},"query-input":{"@type":"PropertyValueSpecification","valueRequired":true,"valueName":"search_term_string"}}],"inLanguage":"de"},{"@type":"Organization","@id":"https:\/\/www.ballons-du-leman.ch\/de\/#organization","name":"Ballons du L\u00e9man","url":"https:\/\/www.ballons-du-leman.ch\/de\/","logo":{"@type":"ImageObject","inLanguage":"de","@id":"https:\/\/www.ballons-du-leman.ch\/de\/#\/schema\/logo\/image\/","url":"https:\/\/www.ballons-du-leman.ch\/wp-content\/uploads\/2024\/02\/logo-ballons-du-leman.png","contentUrl":"https:\/\/www.ballons-du-leman.ch\/wp-content\/uploads\/2024\/02\/logo-ballons-du-leman.png","width":868,"height":868,"caption":"Ballons du L\u00e9man"},"image":{"@id":"https:\/\/www.ballons-du-leman.ch\/de\/#\/schema\/logo\/image\/"},"sameAs":["https:\/\/www.facebook.com\/BallonsDuLeman","https:\/\/www.youtube.com\/channel\/UCnBvk8L2WR7TIB8RnaKCdBw","https:\/\/www.instagram.com\/ballonsduleman"]}]}},"_links":{"self":[{"href":"https:\/\/www.ballons-du-leman.ch\/de\/wp-json\/wp\/v2\/pages\/4767","targetHints":{"allow":["GET"]}}],"collection":[{"href":"https:\/\/www.ballons-du-leman.ch\/de\/wp-json\/wp\/v2\/pages"}],"about":[{"href":"https:\/\/www.ballons-du-leman.ch\/de\/wp-json\/wp\/v2\/types\/page"}],"author":[{"embeddable":true,"href":"https:\/\/www.ballons-du-leman.ch\/de\/wp-json\/wp\/v2\/users\/1"}],"replies":[{"embeddable":true,"href":"https:\/\/www.ballons-du-leman.ch\/de\/wp-json\/wp\/v2\/comments?post=4767"}],"version-history":[{"count":1,"href":"https:\/\/www.ballons-du-leman.ch\/de\/wp-json\/wp\/v2\/pages\/4767\/revisions"}],"predecessor-version":[{"id":4768,"href":"https:\/\/www.ballons-du-leman.ch\/de\/wp-json\/wp\/v2\/pages\/4767\/revisions\/4768"}],"wp:attachment":[{"href":"https:\/\/www.ballons-du-leman.ch\/de\/wp-json\/wp\/v2\/media?parent=4767"}],"curies":[{"name":"wp","href":"https:\/\/api.w.org\/{rel}","templated":true}]}}