{"id":4742,"date":"2024-01-04T08:25:50","date_gmt":"2024-01-04T08:25:50","guid":{"rendered":"https:\/\/www.ballons-du-leman.ch\/das-unternehmen\/"},"modified":"2026-01-05T11:56:17","modified_gmt":"2026-01-05T11:56:17","slug":"das-unternehmen","status":"publish","type":"page","link":"https:\/\/www.ballons-du-leman.ch\/de\/das-unternehmen\/","title":{"rendered":"Das Unternehmen"},"content":{"rendered":"\n<p>BALLONS du LEMAN ist ein vom OFAC anerkanntes Schweizer Unternehmen, das sich auf Hei\u00dfluftballonfahrten f\u00fcr Privatpersonen und Unternehmen spezialisiert hat. Wir f\u00fchren Fl\u00fcge von den sch\u00f6nsten Orten der Romandie aus durch, um unsere Leidenschaft f\u00fcr die Luft mit unseren Passagieren in einer freundlichen Atmosph\u00e4re zu teilen. <\/p>\n\n<div class=\"wp-block-coblocks-row coblocks-row-1011161515368\" data-columns=\"2\" data-layout=\"50-50\"><div class=\"wp-block-coblocks-row__inner has-no-padding has-no-margin is-stacked-on-mobile has-large-gutter\">\n<div class=\"wp-block-coblocks-column coblocks-column-101116151824\" style=\"width:50%\"><div class=\"wp-block-coblocks-column__inner has-no-padding has-no-margin\">\n<figure class=\"wp-block-image size-large\"><img loading=\"lazy\" decoding=\"async\" width=\"1024\" height=\"768\" src=\"https:\/\/www.ballons-du-leman.ch\/wp-content\/uploads\/2024\/01\/region-fribourg-4-1024x768.jpg\" alt=\"\" class=\"wp-image-842\" srcset=\"https:\/\/www.ballons-du-leman.ch\/wp-content\/uploads\/2024\/01\/region-fribourg-4-1024x768.jpg 1024w, https:\/\/www.ballons-du-leman.ch\/wp-content\/uploads\/2024\/01\/region-fribourg-4-300x225.jpg 300w, https:\/\/www.ballons-du-leman.ch\/wp-content\/uploads\/2024\/01\/region-fribourg-4-768x576.jpg 768w, https:\/\/www.ballons-du-leman.ch\/wp-content\/uploads\/2024\/01\/region-fribourg-4-24x18.jpg 24w, https:\/\/www.ballons-du-leman.ch\/wp-content\/uploads\/2024\/01\/region-fribourg-4-36x27.jpg 36w, https:\/\/www.ballons-du-leman.ch\/wp-content\/uploads\/2024\/01\/region-fribourg-4-48x36.jpg 48w, https:\/\/www.ballons-du-leman.ch\/wp-content\/uploads\/2024\/01\/region-fribourg-4-600x450.jpg 600w, https:\/\/www.ballons-du-leman.ch\/wp-content\/uploads\/2024\/01\/region-fribourg-4.jpg 1440w\" sizes=\"auto, (max-width: 1024px) 100vw, 1024px\" \/><\/figure>\n<\/div><\/div>\n\n\n\n<div class=\"wp-block-coblocks-column is-vertically-aligned-top coblocks-column-101116151826\" style=\"width:50%\"><div class=\"wp-block-coblocks-column__inner has-no-padding has-no-margin\">\n<h2 class=\"wp-block-heading\">30 Jahre Erfahrung<\/h2>\n\n\n\n<p>Erfahrung und Proaktivit\u00e4t, Geselligkeit und Verantwortungsbewusstsein&#8230; die Einstellung unserer Teams tr\u00e4gt dazu bei, unseren Kunden einen ma\u00dfgeschneiderten Service zu bieten. Unser Flugziel: Jeder soll einen au\u00dfergew\u00f6hnlichen Moment erleben, der in Erinnerung bleibt. <\/p>\n<\/div><\/div>\n<\/div><\/div>\n\n<div class=\"wp-block-coblocks-row coblocks-row-1011161515368\" data-columns=\"2\" data-layout=\"50-50\"><div class=\"wp-block-coblocks-row__inner has-no-padding has-no-margin is-stacked-on-mobile has-large-gutter\">\n<div class=\"wp-block-coblocks-column has-text-align-left coblocks-column-101116151824\" style=\"width:50%\"><div class=\"wp-block-coblocks-column__inner has-no-padding has-no-margin\">\n<h2 class=\"wp-block-heading\">Eine sch\u00f6ne Geschichte der Freundschaft<\/h2>\n\n\n\n<p>BALLONS du LEMAN entstand aus einer gemeinsamen Leidenschaft und einer gro\u00dfen Freundschaft zwischen Fabien und Ga\u00ebl. Ihr Unternehmen wurde 2011 gegr\u00fcndet, nachdem sie f\u00fcr mehrere Hei\u00dfluftballonunternehmen geflogen waren und in ihren Gondeln die Welt bereist hatten. Sie wollten ihre Erfahrungen und ihre Liebe zur Luftfahrt am Ufer des Genfer Sees teilen. <\/p>\n<\/div><\/div>\n\n\n\n<div class=\"wp-block-coblocks-column coblocks-column-101116151826\" style=\"width:50%\"><div class=\"wp-block-coblocks-column__inner has-no-padding has-no-margin\">\n<figure class=\"wp-block-image size-full\"><img loading=\"lazy\" decoding=\"async\" width=\"720\" height=\"520\" src=\"https:\/\/www.ballons-du-leman.ch\/wp-content\/uploads\/2024\/01\/crop-0-0-720-520-0-entreprise-2-1.jpg\" alt=\"\" class=\"wp-image-4134\" srcset=\"https:\/\/www.ballons-du-leman.ch\/wp-content\/uploads\/2024\/01\/crop-0-0-720-520-0-entreprise-2-1.jpg 720w, https:\/\/www.ballons-du-leman.ch\/wp-content\/uploads\/2024\/01\/crop-0-0-720-520-0-entreprise-2-1-300x217.jpg 300w, https:\/\/www.ballons-du-leman.ch\/wp-content\/uploads\/2024\/01\/crop-0-0-720-520-0-entreprise-2-1-24x17.jpg 24w, https:\/\/www.ballons-du-leman.ch\/wp-content\/uploads\/2024\/01\/crop-0-0-720-520-0-entreprise-2-1-36x26.jpg 36w, https:\/\/www.ballons-du-leman.ch\/wp-content\/uploads\/2024\/01\/crop-0-0-720-520-0-entreprise-2-1-48x35.jpg 48w, https:\/\/www.ballons-du-leman.ch\/wp-content\/uploads\/2024\/01\/crop-0-0-720-520-0-entreprise-2-1-600x433.jpg 600w\" sizes=\"auto, (max-width: 720px) 100vw, 720px\" \/><\/figure>\n<\/div><\/div>\n<\/div><\/div>\n","protected":false},"excerpt":{"rendered":"<p>BALLONS du LEMAN ist ein vom OFAC anerkanntes Schweizer Unternehmen, das sich auf Hei\u00dfluftballonfahrten f\u00fcr Privatpersonen und Unternehmen spezialisiert hat. Wir f\u00fchren Fl\u00fcge von den sch\u00f6nsten Orten der Romandie aus durch, um unsere Leidenschaft f\u00fcr die Luft mit unseren Passagieren in einer freundlichen Atmosph\u00e4re zu teilen.<\/p>\n","protected":false},"author":1,"featured_media":4743,"parent":0,"menu_order":0,"comment_status":"closed","ping_status":"closed","template":"page-templates\/page-entreprise.php","meta":{"_acf_changed":false,"_coblocks_attr":"","_coblocks_dimensions":"","_coblocks_responsive_height":"","_coblocks_accordion_ie_support":"","inline_featured_image":false,"footnotes":""},"class_list":["post-4742","page","type-page","status-publish","has-post-thumbnail","hentry"],"acf":[],"yoast_head":"<!-- This site is optimized with the Yoast SEO plugin v26.5 - https:\/\/yoast.com\/wordpress\/plugins\/seo\/ -->\n<title>Das Unternehmen | Ballons du L\u00e9man<\/title>\n<meta name=\"robots\" content=\"index, follow, max-snippet:-1, max-image-preview:large, max-video-preview:-1\" \/>\n<link rel=\"canonical\" href=\"https:\/\/www.ballons-du-leman.ch\/de\/das-unternehmen\/\" \/>\n<meta property=\"og:locale\" content=\"de_DE\" \/>\n<meta property=\"og:type\" content=\"article\" \/>\n<meta property=\"og:title\" content=\"Das Unternehmen | Ballons du L\u00e9man\" \/>\n<meta property=\"og:description\" content=\"BALLONS du LEMAN ist ein vom OFAC anerkanntes Schweizer Unternehmen, das sich auf Hei\u00dfluftballonfahrten f\u00fcr Privatpersonen und Unternehmen spezialisiert hat. Wir f\u00fchren Fl\u00fcge von den sch\u00f6nsten Orten der Romandie aus durch, um unsere Leidenschaft f\u00fcr die Luft mit unseren Passagieren in einer freundlichen Atmosph\u00e4re zu teilen.\" \/>\n<meta property=\"og:url\" content=\"https:\/\/www.ballons-du-leman.ch\/de\/das-unternehmen\/\" \/>\n<meta property=\"og:site_name\" content=\"Ballons du L\u00e9man\" \/>\n<meta property=\"article:publisher\" content=\"https:\/\/www.facebook.com\/BallonsDuLeman\" \/>\n<meta property=\"article:modified_time\" content=\"2026-01-05T11:56:17+00:00\" \/>\n<meta property=\"og:image\" content=\"https:\/\/www.ballons-du-leman.ch\/wp-content\/uploads\/2024\/01\/region-geneve-1.webp\" \/>\n\t<meta property=\"og:image:width\" content=\"1200\" \/>\n\t<meta property=\"og:image:height\" content=\"1371\" \/>\n\t<meta property=\"og:image:type\" content=\"image\/webp\" \/>\n<meta name=\"twitter:card\" content=\"summary_large_image\" \/>\n<meta name=\"twitter:label1\" content=\"Gesch\u00e4tzte Lesezeit\" \/>\n\t<meta name=\"twitter:data1\" content=\"1\u00a0Minute\" \/>\n<!-- \/ Yoast SEO plugin. -->","yoast_head_json":{"title":"Das Unternehmen | Ballons du L\u00e9man","robots":{"index":"index","follow":"follow","max-snippet":"max-snippet:-1","max-image-preview":"max-image-preview:large","max-video-preview":"max-video-preview:-1"},"canonical":"https:\/\/www.ballons-du-leman.ch\/de\/das-unternehmen\/","og_locale":"de_DE","og_type":"article","og_title":"Das Unternehmen | Ballons du L\u00e9man","og_description":"BALLONS du LEMAN ist ein vom OFAC anerkanntes Schweizer Unternehmen, das sich auf Hei\u00dfluftballonfahrten f\u00fcr Privatpersonen und Unternehmen spezialisiert hat. Wir f\u00fchren Fl\u00fcge von den sch\u00f6nsten Orten der Romandie aus durch, um unsere Leidenschaft f\u00fcr die Luft mit unseren Passagieren in einer freundlichen Atmosph\u00e4re zu teilen.","og_url":"https:\/\/www.ballons-du-leman.ch\/de\/das-unternehmen\/","og_site_name":"Ballons du L\u00e9man","article_publisher":"https:\/\/www.facebook.com\/BallonsDuLeman","article_modified_time":"2026-01-05T11:56:17+00:00","og_image":[{"width":1200,"height":1371,"url":"https:\/\/www.ballons-du-leman.ch\/wp-content\/uploads\/2024\/01\/region-geneve-1.webp","type":"image\/webp"}],"twitter_card":"summary_large_image","twitter_misc":{"Gesch\u00e4tzte Lesezeit":"1\u00a0Minute"},"schema":{"@context":"https:\/\/schema.org","@graph":[{"@type":"WebPage","@id":"https:\/\/www.ballons-du-leman.ch\/de\/das-unternehmen\/","url":"https:\/\/www.ballons-du-leman.ch\/de\/das-unternehmen\/","name":"Das Unternehmen | Ballons du L\u00e9man","isPartOf":{"@id":"https:\/\/www.ballons-du-leman.ch\/de\/#website"},"primaryImageOfPage":{"@id":"https:\/\/www.ballons-du-leman.ch\/de\/das-unternehmen\/#primaryimage"},"image":{"@id":"https:\/\/www.ballons-du-leman.ch\/de\/das-unternehmen\/#primaryimage"},"thumbnailUrl":"https:\/\/www.ballons-du-leman.ch\/wp-content\/uploads\/2024\/01\/region-geneve-1.webp","datePublished":"2024-01-04T08:25:50+00:00","dateModified":"2026-01-05T11:56:17+00:00","breadcrumb":{"@id":"https:\/\/www.ballons-du-leman.ch\/de\/das-unternehmen\/#breadcrumb"},"inLanguage":"de","potentialAction":[{"@type":"ReadAction","target":["https:\/\/www.ballons-du-leman.ch\/de\/das-unternehmen\/"]}]},{"@type":"ImageObject","inLanguage":"de","@id":"https:\/\/www.ballons-du-leman.ch\/de\/das-unternehmen\/#primaryimage","url":"https:\/\/www.ballons-du-leman.ch\/wp-content\/uploads\/2024\/01\/region-geneve-1.webp","contentUrl":"https:\/\/www.ballons-du-leman.ch\/wp-content\/uploads\/2024\/01\/region-geneve-1.webp","width":1200,"height":1371},{"@type":"BreadcrumbList","@id":"https:\/\/www.ballons-du-leman.ch\/de\/das-unternehmen\/#breadcrumb","itemListElement":[{"@type":"ListItem","position":1,"name":"Accueil","item":"https:\/\/www.ballons-du-leman.ch\/de\/startseite\/"},{"@type":"ListItem","position":2,"name":"Das Unternehmen"}]},{"@type":"WebSite","@id":"https:\/\/www.ballons-du-leman.ch\/de\/#website","url":"https:\/\/www.ballons-du-leman.ch\/de\/","name":"Ballons du L\u00e9man","description":"Vols en montgolfi\u00e8re en Suisse","publisher":{"@id":"https:\/\/www.ballons-du-leman.ch\/de\/#organization"},"potentialAction":[{"@type":"SearchAction","target":{"@type":"EntryPoint","urlTemplate":"https:\/\/www.ballons-du-leman.ch\/de\/?s={search_term_string}"},"query-input":{"@type":"PropertyValueSpecification","valueRequired":true,"valueName":"search_term_string"}}],"inLanguage":"de"},{"@type":"Organization","@id":"https:\/\/www.ballons-du-leman.ch\/de\/#organization","name":"Ballons du L\u00e9man","url":"https:\/\/www.ballons-du-leman.ch\/de\/","logo":{"@type":"ImageObject","inLanguage":"de","@id":"https:\/\/www.ballons-du-leman.ch\/de\/#\/schema\/logo\/image\/","url":"https:\/\/www.ballons-du-leman.ch\/wp-content\/uploads\/2024\/02\/logo-ballons-du-leman.png","contentUrl":"https:\/\/www.ballons-du-leman.ch\/wp-content\/uploads\/2024\/02\/logo-ballons-du-leman.png","width":868,"height":868,"caption":"Ballons du L\u00e9man"},"image":{"@id":"https:\/\/www.ballons-du-leman.ch\/de\/#\/schema\/logo\/image\/"},"sameAs":["https:\/\/www.facebook.com\/BallonsDuLeman","https:\/\/www.youtube.com\/channel\/UCnBvk8L2WR7TIB8RnaKCdBw","https:\/\/www.instagram.com\/ballonsduleman"]}]}},"_links":{"self":[{"href":"https:\/\/www.ballons-du-leman.ch\/de\/wp-json\/wp\/v2\/pages\/4742","targetHints":{"allow":["GET"]}}],"collection":[{"href":"https:\/\/www.ballons-du-leman.ch\/de\/wp-json\/wp\/v2\/pages"}],"about":[{"href":"https:\/\/www.ballons-du-leman.ch\/de\/wp-json\/wp\/v2\/types\/page"}],"author":[{"embeddable":true,"href":"https:\/\/www.ballons-du-leman.ch\/de\/wp-json\/wp\/v2\/users\/1"}],"replies":[{"embeddable":true,"href":"https:\/\/www.ballons-du-leman.ch\/de\/wp-json\/wp\/v2\/comments?post=4742"}],"version-history":[{"count":2,"href":"https:\/\/www.ballons-du-leman.ch\/de\/wp-json\/wp\/v2\/pages\/4742\/revisions"}],"predecessor-version":[{"id":5142,"href":"https:\/\/www.ballons-du-leman.ch\/de\/wp-json\/wp\/v2\/pages\/4742\/revisions\/5142"}],"wp:featuredmedia":[{"embeddable":true,"href":"https:\/\/www.ballons-du-leman.ch\/de\/wp-json\/wp\/v2\/media\/4743"}],"wp:attachment":[{"href":"https:\/\/www.ballons-du-leman.ch\/de\/wp-json\/wp\/v2\/media?parent=4742"}],"curies":[{"name":"wp","href":"https:\/\/api.w.org\/{rel}","templated":true}]}}