{"id":4661,"date":"2024-01-03T16:03:40","date_gmt":"2024-01-03T16:03:40","guid":{"rendered":"https:\/\/www.ballons-du-leman.ch\/flugkalender\/"},"modified":"2026-03-23T09:53:05","modified_gmt":"2026-03-23T09:53:05","slug":"flugkalender","status":"publish","type":"page","link":"https:\/\/www.ballons-du-leman.ch\/de\/flugkalender\/","title":{"rendered":"Kalender"},"content":{"rendered":"\n<div class=\"img\"><\/div>\n","protected":false},"excerpt":{"rendered":"","protected":false},"author":1,"featured_media":4662,"parent":0,"menu_order":0,"comment_status":"closed","ping_status":"closed","template":"page-templates\/page-planning.php","meta":{"_acf_changed":false,"_coblocks_attr":"","_coblocks_dimensions":"","_coblocks_responsive_height":"","_coblocks_accordion_ie_support":"","inline_featured_image":false,"footnotes":""},"class_list":["post-4661","page","type-page","status-publish","has-post-thumbnail","hentry"],"acf":[],"yoast_head":"<!-- This site is optimized with the Yoast SEO plugin v26.5 - https:\/\/yoast.com\/wordpress\/plugins\/seo\/ -->\n<title>Kalender der Ballonfahrten | Ballons du L\u00e9man<\/title>\n<meta name=\"description\" content=\"Planen Sie Ihre Ballonfahrt: Pr\u00fcfen Sie die verf\u00fcgbaren Daten und buchen Sie direkt. Tickets, Flugtypen und schnelle Best\u00e4tigung. Kontaktieren Sie uns f\u00fcr spezifische Daten.\" \/>\n<meta name=\"robots\" content=\"index, follow, max-snippet:-1, max-image-preview:large, max-video-preview:-1\" \/>\n<link rel=\"canonical\" href=\"https:\/\/www.ballons-du-leman.ch\/de\/flugkalender\/\" \/>\n<meta property=\"og:locale\" content=\"de_DE\" \/>\n<meta property=\"og:type\" content=\"article\" \/>\n<meta property=\"og:title\" content=\"Kalender der Ballonfahrten | Ballons du L\u00e9man\" \/>\n<meta property=\"og:description\" content=\"Planen Sie Ihre Ballonfahrt: Pr\u00fcfen Sie die verf\u00fcgbaren Daten und buchen Sie direkt. Tickets, Flugtypen und schnelle Best\u00e4tigung. Kontaktieren Sie uns f\u00fcr spezifische Daten.\" \/>\n<meta property=\"og:url\" content=\"https:\/\/www.ballons-du-leman.ch\/de\/flugkalender\/\" \/>\n<meta property=\"og:site_name\" content=\"Ballons du L\u00e9man\" \/>\n<meta property=\"article:publisher\" content=\"https:\/\/www.facebook.com\/BallonsDuLeman\" \/>\n<meta property=\"article:modified_time\" content=\"2026-03-23T09:53:05+00:00\" \/>\n<meta property=\"og:image\" content=\"https:\/\/www.ballons-du-leman.ch\/wp-content\/uploads\/2024\/01\/baniere-planning.webp\" \/>\n\t<meta property=\"og:image:width\" content=\"2049\" \/>\n\t<meta property=\"og:image:height\" content=\"771\" \/>\n\t<meta property=\"og:image:type\" content=\"image\/webp\" \/>\n<meta name=\"twitter:card\" content=\"summary_large_image\" \/>\n<!-- \/ Yoast SEO plugin. -->","yoast_head_json":{"title":"Kalender der Ballonfahrten | Ballons du L\u00e9man","description":"Planen Sie Ihre Ballonfahrt: Pr\u00fcfen Sie die verf\u00fcgbaren Daten und buchen Sie direkt. Tickets, Flugtypen und schnelle Best\u00e4tigung. Kontaktieren Sie uns f\u00fcr spezifische Daten.","robots":{"index":"index","follow":"follow","max-snippet":"max-snippet:-1","max-image-preview":"max-image-preview:large","max-video-preview":"max-video-preview:-1"},"canonical":"https:\/\/www.ballons-du-leman.ch\/de\/flugkalender\/","og_locale":"de_DE","og_type":"article","og_title":"Kalender der Ballonfahrten | Ballons du L\u00e9man","og_description":"Planen Sie Ihre Ballonfahrt: Pr\u00fcfen Sie die verf\u00fcgbaren Daten und buchen Sie direkt. Tickets, Flugtypen und schnelle Best\u00e4tigung. Kontaktieren Sie uns f\u00fcr spezifische Daten.","og_url":"https:\/\/www.ballons-du-leman.ch\/de\/flugkalender\/","og_site_name":"Ballons du L\u00e9man","article_publisher":"https:\/\/www.facebook.com\/BallonsDuLeman","article_modified_time":"2026-03-23T09:53:05+00:00","og_image":[{"width":2049,"height":771,"url":"https:\/\/www.ballons-du-leman.ch\/wp-content\/uploads\/2024\/01\/baniere-planning.webp","type":"image\/webp"}],"twitter_card":"summary_large_image","schema":{"@context":"https:\/\/schema.org","@graph":[{"@type":"WebPage","@id":"https:\/\/www.ballons-du-leman.ch\/de\/flugkalender\/","url":"https:\/\/www.ballons-du-leman.ch\/de\/flugkalender\/","name":"Kalender der Ballonfahrten | Ballons du L\u00e9man","isPartOf":{"@id":"https:\/\/www.ballons-du-leman.ch\/de\/#website"},"primaryImageOfPage":{"@id":"https:\/\/www.ballons-du-leman.ch\/de\/flugkalender\/#primaryimage"},"image":{"@id":"https:\/\/www.ballons-du-leman.ch\/de\/flugkalender\/#primaryimage"},"thumbnailUrl":"https:\/\/www.ballons-du-leman.ch\/wp-content\/uploads\/2024\/01\/baniere-planning.webp","datePublished":"2024-01-03T16:03:40+00:00","dateModified":"2026-03-23T09:53:05+00:00","description":"Planen Sie Ihre Ballonfahrt: Pr\u00fcfen Sie die verf\u00fcgbaren Daten und buchen Sie direkt. Tickets, Flugtypen und schnelle Best\u00e4tigung. Kontaktieren Sie uns f\u00fcr spezifische Daten.","breadcrumb":{"@id":"https:\/\/www.ballons-du-leman.ch\/de\/flugkalender\/#breadcrumb"},"inLanguage":"de","potentialAction":[{"@type":"ReadAction","target":["https:\/\/www.ballons-du-leman.ch\/de\/flugkalender\/"]}]},{"@type":"ImageObject","inLanguage":"de","@id":"https:\/\/www.ballons-du-leman.ch\/de\/flugkalender\/#primaryimage","url":"https:\/\/www.ballons-du-leman.ch\/wp-content\/uploads\/2024\/01\/baniere-planning.webp","contentUrl":"https:\/\/www.ballons-du-leman.ch\/wp-content\/uploads\/2024\/01\/baniere-planning.webp","width":2049,"height":771},{"@type":"BreadcrumbList","@id":"https:\/\/www.ballons-du-leman.ch\/de\/flugkalender\/#breadcrumb","itemListElement":[{"@type":"ListItem","position":1,"name":"Accueil","item":"https:\/\/www.ballons-du-leman.ch\/de\/startseite\/"},{"@type":"ListItem","position":2,"name":"Kalender"}]},{"@type":"WebSite","@id":"https:\/\/www.ballons-du-leman.ch\/de\/#website","url":"https:\/\/www.ballons-du-leman.ch\/de\/","name":"Ballons du L\u00e9man","description":"Vols en montgolfi\u00e8re en Suisse","publisher":{"@id":"https:\/\/www.ballons-du-leman.ch\/de\/#organization"},"potentialAction":[{"@type":"SearchAction","target":{"@type":"EntryPoint","urlTemplate":"https:\/\/www.ballons-du-leman.ch\/de\/?s={search_term_string}"},"query-input":{"@type":"PropertyValueSpecification","valueRequired":true,"valueName":"search_term_string"}}],"inLanguage":"de"},{"@type":"Organization","@id":"https:\/\/www.ballons-du-leman.ch\/de\/#organization","name":"Ballons du L\u00e9man","url":"https:\/\/www.ballons-du-leman.ch\/de\/","logo":{"@type":"ImageObject","inLanguage":"de","@id":"https:\/\/www.ballons-du-leman.ch\/de\/#\/schema\/logo\/image\/","url":"https:\/\/www.ballons-du-leman.ch\/wp-content\/uploads\/2024\/02\/logo-ballons-du-leman.png","contentUrl":"https:\/\/www.ballons-du-leman.ch\/wp-content\/uploads\/2024\/02\/logo-ballons-du-leman.png","width":868,"height":868,"caption":"Ballons du L\u00e9man"},"image":{"@id":"https:\/\/www.ballons-du-leman.ch\/de\/#\/schema\/logo\/image\/"},"sameAs":["https:\/\/www.facebook.com\/BallonsDuLeman","https:\/\/www.youtube.com\/channel\/UCnBvk8L2WR7TIB8RnaKCdBw","https:\/\/www.instagram.com\/ballonsduleman"]}]}},"_links":{"self":[{"href":"https:\/\/www.ballons-du-leman.ch\/de\/wp-json\/wp\/v2\/pages\/4661","targetHints":{"allow":["GET"]}}],"collection":[{"href":"https:\/\/www.ballons-du-leman.ch\/de\/wp-json\/wp\/v2\/pages"}],"about":[{"href":"https:\/\/www.ballons-du-leman.ch\/de\/wp-json\/wp\/v2\/types\/page"}],"author":[{"embeddable":true,"href":"https:\/\/www.ballons-du-leman.ch\/de\/wp-json\/wp\/v2\/users\/1"}],"replies":[{"embeddable":true,"href":"https:\/\/www.ballons-du-leman.ch\/de\/wp-json\/wp\/v2\/comments?post=4661"}],"version-history":[{"count":3,"href":"https:\/\/www.ballons-du-leman.ch\/de\/wp-json\/wp\/v2\/pages\/4661\/revisions"}],"predecessor-version":[{"id":6377,"href":"https:\/\/www.ballons-du-leman.ch\/de\/wp-json\/wp\/v2\/pages\/4661\/revisions\/6377"}],"wp:featuredmedia":[{"embeddable":true,"href":"https:\/\/www.ballons-du-leman.ch\/de\/wp-json\/wp\/v2\/media\/4662"}],"wp:attachment":[{"href":"https:\/\/www.ballons-du-leman.ch\/de\/wp-json\/wp\/v2\/media?parent=4661"}],"curies":[{"name":"wp","href":"https:\/\/api.w.org\/{rel}","templated":true}]}}